{"id":5246,"date":"2019-04-17T09:29:53","date_gmt":"2019-04-17T09:29:53","guid":{"rendered":"https:\/\/www.trottevieille.com\/accueil\/"},"modified":"2022-06-13T11:24:47","modified_gmt":"2022-06-13T09:24:47","slug":"accueil","status":"publish","type":"page","link":"https:\/\/www.trottevieille.com\/zh-hant\/","title":{"rendered":"\u9996\u9875"},"content":{"rendered":"<div class=\"wpb-content-wrapper\">[vc_row full_height=&#8221;yes&#8221; columns_placement=&#8221;stretch&#8221; content_placement=&#8221;middle&#8221; disable_element=&#8221;yes&#8221; el_class=&#8221;vc_row_splash&#8221; css=&#8221;.vc_custom_1583489545979{background-image: url(https:\/\/www.trottevieille.com\/wp-content\/uploads\/2019\/05\/intro-background-5.jpg?id=453) !important;background-position: center !important;background-repeat: no-repeat !important;background-size: cover !important;}&#8221;][vc_column][vc_column_text]<img loading=\"lazy\" decoding=\"async\" class=\"size-full wp-image-2776 aligncenter\" src=\"https:\/\/www.trottevieille.com\/wp-content\/uploads\/2021\/05\/logo.png\" alt=\"\" width=\"516\" height=\"366\" srcset=\"https:\/\/www.trottevieille.com\/wp-content\/uploads\/2021\/05\/logo.png 516w, https:\/\/www.trottevieille.com\/wp-content\/uploads\/2021\/05\/logo-300x213.png 300w\" sizes=\"(max-width: 516px) 100vw, 516px\" \/>[\/vc_column_text][\/vc_column][\/vc_row][vc_row full_height=&#8221;yes&#8221; columns_placement=&#8221;stretch&#8221; equal_height=&#8221;yes&#8221; css_animation=&#8221;none&#8221; el_id=&#8221;section-1&#8243; el_class=&#8221;vc_row_slider&#8221;][vc_column]\t<section class=\"section-slider-main\">\r\n\t\t\r\n\t\t<div class=\"slider-main\">\r\n\t\t\t<div class=\"slider__clip swiper-container\">\r\n\t\t\t\t<div class=\"slider__slides swiper-wrapper\">\r\n\t\t\t\t\t\t<div class=\"slider__slide swiper-slide\">\r\n\t\t<div class=\"slider__slide-image\"\r\n\t\tstyle=\"background-image: url(https:\/\/www.trottevieille.com\/wp-content\/uploads\/2021\/05\/slide-1.jpg);\">\r\n\t\t<\/div><!-- \/.slider__slide-image -->\r\n\r\n\t\t\t\t\t<div class=\"slider__slide-content\">\r\n\t\t\t\t<a href=\"https:\/\/www.trottevieille.com\/zh-hant\/\" class=\"intro-logo\">\r\n\t\t\t\t\t<img loading=\"lazy\" decoding=\"async\" width=\"516\" height=\"366\" src=\"https:\/\/www.trottevieille.com\/wp-content\/uploads\/2021\/05\/logo.png\" class=\"aligncenter logo-desktop\" alt=\"\" srcset=\"https:\/\/www.trottevieille.com\/wp-content\/uploads\/2021\/05\/logo.png 516w, https:\/\/www.trottevieille.com\/wp-content\/uploads\/2021\/05\/logo-300x213.png 300w\" sizes=\"(max-width: 516px) 100vw, 516px\" \/><img loading=\"lazy\" decoding=\"async\" width=\"516\" height=\"366\" src=\"https:\/\/www.trottevieille.com\/wp-content\/uploads\/2021\/05\/logo.png\" class=\"aligncenter logo-mobile\" alt=\"\" srcset=\"https:\/\/www.trottevieille.com\/wp-content\/uploads\/2021\/05\/logo.png 516w, https:\/\/www.trottevieille.com\/wp-content\/uploads\/2021\/05\/logo-300x213.png 300w\" sizes=\"(max-width: 516px) 100vw, 516px\" \/>\t\t\t\t<\/a>\r\n\t\t\t<\/div><!-- \/.slider__slide-content -->\r\n\t\t\t<\/div><!-- \/.slider__slide -->\r\n\t\t<div class=\"slider__slide swiper-slide\">\r\n\t\t<div class=\"slider__slide-image slider__slide--video\">\r\n\t\t\t<div id=\"video-2yu2_Pv72K4\"\r\n\t\t\t\tclass=\"video\"\r\n\t\t\t\tdata-video-width=\"640\"\r\n\t\t\t\tdata-video-height=\"360\"\r\n\t\t\t\tdata-video-offset=\"20\"\r\n\t\t\t>\r\n\t\t\t\t<div class=\"js-player\"\r\n\t\t\t\t\tid=\"player-2yu2_Pv72K4\"\r\n\t\t\t\t\tdata-plyr-provider=\"youtube\"\r\n\t\t\t\t\tdata-plyr-embed-id=\"2yu2_Pv72K4\"\r\n\t\t\t\t><\/div>\r\n\t\t\t<\/div><!-- \/.video -->\r\n\t\t<\/div><!-- \/.slider__slide-image -->\r\n\r\n\t\t\t<\/div><!-- \/.slider__slide -->\r\n\t\n\t\t\t\t<\/div><!-- \/.slider__slides -->\r\n\r\n\t\t\t\t<div class=\"swiper-button-prev\"><\/div>\r\n\t\t\t\t<div class=\"swiper-button-next\"><\/div>\r\n\t\t\t<\/div><!-- \/.slider__clip -->\r\n\t\t<\/div><!-- \/.slider-main -->\r\n\t<\/section><!-- \/.section-slider-main -->\r\n\t[\/vc_column][\/vc_row][vc_row full_height=&#8221;yes&#8221; columns_placement=&#8221;stretch&#8221; equal_height=&#8221;yes&#8221; content_placement=&#8221;middle&#8221; el_id=&#8221;section-2&#8243; el_class=&#8221;vc_row_overlap&#8221;][vc_column css_animation=&#8221;fadeInLeft&#8221; width=&#8221;5\/12&#8243;][vc_column_text]\n<h2><span style=\"color: #000000;\">\u8ba9Marcel Borie\u4e00\u89c1\u503e\u5fc3\u7684\u8001\u6258\u7279\u9152\u5e84<\/span><br \/>\n<span style=\"color: #000000;\">(Ch\u00e2teau TrotteVieille)<\/span><\/h2>\n<p>\u81ea1955\u5e74\u4ee5\u6765\uff0c\u8001\u6258\u7279\u9152\u5e84\u88ab\u5217\u4e3a\u5723\u57c3\u7f8e\u9686\uff08Saint-\u00c9milion\uff09\u4e00\u7ea7\u9152\u5e84\uff0c\u662f\u8be5\u5730\u533a\u5907\u53d7\u8ba4\u53ef\u7684\u9876\u7ea7\u8461\u8404\u9152\u4e4b\u4e00\u30021947\u5e74\uff0c\u9a6c\u585e\u5c14\u00b7\u6ce2\u8d6b\uff08Marcel Borie\uff09\u5bf9\u8be5\u9152\u5e84\u4e00\u89c1\u503e\u5fc3\u5e76\u5c06\u4e4b\u6536\u8d2d\uff0c\u73b0\u5728\u7531\u5361\u65af\u7279\u52a0\uff08Cast\u00e9ja\uff09\u5bb6\u65cf\u7ba1\u7406\u3002<\/p>\n<p><a href=\"https:\/\/www.trottevieille.com\/zh-hant\/\u5386\u53f2\/\">\u4e86\u89e3\u66f4\u591a\u5173\u4e8e\u8be5\u57ce\u5821\u7684\u4fe1\u606f<\/a>[\/vc_column_text][\/vc_column][vc_column css_animation=&#8221;fadeInRight&#8221; width=&#8221;7\/12&#8243; css=&#8221;.vc_custom_1621578853182{background-image: url(https:\/\/www.trottevieille.com\/wp-content\/uploads\/2021\/05\/image-1.jpg?id=2789) !important;background-position: center !important;background-repeat: no-repeat !important;background-size: cover !important;}&#8221;][\/vc_column][\/vc_row][vc_row content_placement=&#8221;bottom&#8221; el_id=&#8221;section-3&#8243; css=&#8221;.vc_custom_1621578947557{background-color: #f8f7f7 !important;}&#8221; el_class=&#8221;vc_row_overlap&#8221;][vc_column css_animation=&#8221;fadeInLeft&#8221; width=&#8221;5\/12&#8243;][vc_single_image image=&#8221;2797&#8243; img_size=&#8221;full&#8221; alignment=&#8221;right&#8221;][\/vc_column][vc_column css_animation=&#8221;fadeInRight&#8221; width=&#8221;7\/12&#8243;][vc_column_text]\n<h2><span style=\"color: #000000;\">\u6ce2\u5c14\u591a\u6700\u8457\u540d\u4ea7\u533a\u7684\u975e\u5178\u578b\u8461\u8404\u56ed<\/span><\/h2>\n<p>\u8001\u6258\u7279\u9152\u5e84\u5360\u636e\u4e86\u5723\u57c3\u7f8e\u9686\u6751\u5e84\u4e1c\u9762\u7684\u4e00\u4e2a\u6781\u597d\u7684\u5c71\u5761\uff1b\u8461\u8404\u56ed\u5360\u573012\u516c\u9877\uff0c\u79cd\u690d\u54c1\u79cd\u5206\u522b\u4e3a49%\u6885\u6d1b\u300146%\u54c1\u4e3d\u73e0\u548c5%\u8d64\u971e\u73e0\u3002\u9152\u5e84\u62e5\u6709\u6781\u4e3a\u7f55\u89c1\u7684\u54c1\u4e3d\u73e0\u8461\u8404\u8001\u6811\uff0c\u8fd9\u4e9b\u8461\u8404\u6811\u79cd\u690d\u4e8e\u6b27\u6d32\u7206\u53d1\u6839\u7624\u869c\u866b\u75c5\u4e4b\u524d\u3002<\/p>\n<p><a href=\"https:\/\/www.trottevieille.com\/zh-hant\/\u98ce\u571f\u548c\u6280\u672f\/\">\u66f4\u591a\u5173\u4e8e\u8001\u6258\u7279\u9152\u5e84\u7684\u98ce\u571f\u548c\u8461\u8404\u56ed\u7684\u4fe1\u606f<\/a>[\/vc_column_text][\/vc_column][\/vc_row][vc_row full_height=&#8221;yes&#8221; columns_placement=&#8221;stretch&#8221; equal_height=&#8221;yes&#8221; el_id=&#8221;section-4&#8243;][vc_column]\t<section class=\"section-slider-main\">\r\n\t\t\t\t\t<div class=\"section__body\">\r\n\t\t\t\t<div class=\"shell\">\r\n\t\t\t\t\t<div class=\"section__body-inner\">\r\n\t\t\t\t\t\t\t\t\t\t\t\t\t<h3>\r\n\t\t\t\t\t\t\t\t<span>\r\n\t\t\t\t\t\t\t\t\t\u7cbe\u6e5b\u6280\u672f\u6210\u5c31\u5353\u8d8a\u4ea7\u533a\t\t\t\t\t\t\t\t<\/span>\r\n\t\t\t\t\t\t\t<\/h3>\r\n\t\t\t\t\t\t\r\n\t\t\t\t\t\t<p>\u8001\u6258\u7279\u9152\u5e84\u4e25\u683c\u628a\u63a7\u4ece\u8461\u8404\u56ed\u7ecf\u8425\u5230\u4ea7\u54c1\u5305\u88c5\u7684\u6bcf\u4e2a\u751f\u4ea7\u73af\u8282\uff0c\u786e\u4fdd\u6700\u4f73\u7684\u5e74\u4efd\u51fa\u54c1\u3002<\/p>\n\r\n\t\t\t\t\t\t\t\t\t\t\t\t\t<p>\r\n\t\t\t\t\t\t\t\t<a href=\"https:\/\/www.trottevieille.com\/zh-hant\/\u98ce\u571f\u548c\u6280\u672f\/\">\r\n\t\t\t\t\t\t\t\t\t\u63a2\u7d22\u9152\u5e84\u8461\u8404\u9152\u7684\u917f\u9020\u6280\u672f\t\t\t\t\t\t\t\t<\/a>\r\n\t\t\t\t\t\t\t<\/p>\r\n\t\t\t\t\t\t\t\t\t\t\t<\/div><!-- \/.section__body-inner -->\r\n\t\t\t\t<\/div><!-- \/.shell -->\r\n\t\t\t<\/div><!-- \/.section__body -->\r\n\t\t\r\n\t\t<div class=\"slider-main\">\r\n\t\t\t<div class=\"slider__clip swiper-container\">\r\n\t\t\t\t<div class=\"slider__slides swiper-wrapper\">\r\n\t\t\t\t\t\t<div class=\"slider__slide swiper-slide\">\r\n\t\t<div class=\"slider__slide-image\"\r\n\t\tstyle=\"background-image: url(https:\/\/www.trottevieille.com\/wp-content\/uploads\/2021\/05\/slide-2.jpg);\">\r\n\t\t<\/div><!-- \/.slider__slide-image -->\r\n\r\n\t\t\t<\/div><!-- \/.slider__slide -->\r\n\t\t<div class=\"slider__slide swiper-slide\">\r\n\t\t<div class=\"slider__slide-image\"\r\n\t\tstyle=\"background-image: url(https:\/\/www.trottevieille.com\/wp-content\/uploads\/2021\/11\/BLOC-4-UN-SAVOIR-FAIRE-MINUTIEUX-2E-SLIDE-1920x1280.jpg);\">\r\n\t\t<\/div><!-- \/.slider__slide-image -->\r\n\r\n\t\t\t<\/div><!-- \/.slider__slide -->\r\n\t\n\t\t\t\t<\/div><!-- \/.slider__slides -->\r\n\r\n\t\t\t\t<div class=\"swiper-button-prev\"><\/div>\r\n\t\t\t\t<div class=\"swiper-button-next\"><\/div>\r\n\t\t\t<\/div><!-- \/.slider__clip -->\r\n\t\t<\/div><!-- \/.slider-main -->\r\n\t<\/section><!-- \/.section-slider-main -->\r\n\t[\/vc_column][\/vc_row][vc_row full_height=&#8221;yes&#8221; columns_placement=&#8221;stretch&#8221; equal_height=&#8221;yes&#8221; content_placement=&#8221;middle&#8221; el_id=&#8221;section-5&#8243;][vc_column css_animation=&#8221;fadeInLeft&#8221; width=&#8221;1\/2&#8243;][vc_column_text]\n<h3><span style=\"color: #000000;\">\u7d27\u5bc6\u5408\u4f5c\u3001\u7ecf\u9a8c\u4e30\u5bcc\u7684\u56e2\u961f<\/span><\/h3>\n<p>\u81ea20\u4e16\u7eaa90\u5e74\u4ee3\u4ee5\u6765\uff0c\u83f2\u5229\u666e-\u5361\u65af\u7279\u52a0\uff08Philippe Cast\u00e9ja\uff09\u4e00\u76f4\u662f\u57ce\u5821\u7684\u7ba1\u7406\u8005\uff0c\u4ed6\u8eab\u8fb9\u6709\u5f88\u591a\u6709\u80fd\u529b\u3001\u6709\u62b1\u8d1f\u7684\u4eba\u3002\u6bcf\u5e74\u8461\u8404\u9152\u7684\u987a\u5229\u751f\u4ea7\u5f97\u76ca\u4e8e\u5de5\u4f5c\u4eba\u5458\u4e4b\u95f4\u7684\u9ed8\u5951\u53ca\u4e30\u5bcc\u7ecf\u9a8c\u3002<br \/>\n<a href=\"https:\/\/www.trottevieille.com\/zh-hant\/\u56e2\u961f\/\">\u4e86\u89e3\u56e2\u961f<\/a>[\/vc_column_text][\/vc_column][vc_column css_animation=&#8221;fadeInRight&#8221; width=&#8221;1\/2&#8243; css=&#8221;.vc_custom_1636548468293{background-image: url(https:\/\/www.trottevieille.com\/wp-content\/uploads\/2021\/11\/LC_19_041048-photo-c-Leif-Carlsson.jpg?id=3762) !important;background-position: center !important;background-repeat: no-repeat !important;background-size: cover !important;}&#8221;][\/vc_column][\/vc_row][vc_row full_height=&#8221;yes&#8221; columns_placement=&#8221;stretch&#8221; equal_height=&#8221;yes&#8221; content_placement=&#8221;middle&#8221; el_id=&#8221;section-6&#8243;][vc_column css_animation=&#8221;fadeInLeft&#8221; width=&#8221;1\/2&#8243; css=&#8221;.vc_custom_1621584563778{background-image: url(https:\/\/www.trottevieille.com\/wp-content\/uploads\/2021\/05\/image-4.jpg?id=2816) !important;background-position: center !important;background-repeat: no-repeat !important;background-size: cover !important;}&#8221;][\/vc_column][vc_column css_animation=&#8221;fadeInRight&#8221; width=&#8221;1\/2&#8243;][vc_column_text]\n<h3><span style=\"color: #000000;\">\u8d28\u91cf\u4e0a\u4e58\u7684\u8461\u8404\u9152<\/span><\/h3>\n<p>\u9152\u5e84\u7684\u6b63\u3001\u526f\u724c\u8461\u8404\u9152\u5206\u522b\u662f\uff0c\u5723\u57c3\u7f8e\u9686AOC\u4e00\u7ea7\u7279\u7b49\u8001\u6258\u7279\u9152\u5e84\u8461\u8404\u9152\u548c\uff08Ch\u00e2teau TrotteVieille, 1er Grand Cru Class\u00e9 AOC Saint-\u00c9milion\uff09\u548c\u5723\u57c3\u7f8e\u9686AOC\u4e00\u7ea7\u8001\u6258\u7279\u592a\u592a\u9152\u5e84\u8461\u8404\u9152\uff08Dame de TrotteVieille, AOC Saint-\u00c9milion Grand Cru\uff09\uff0c\uff0c\u4e24\u6b3e\u9152\u5747\u5177\u6709\u590d\u6742\u3001\u7cbe\u7ec6\u548c\u4f18\u96c5\u7684\u7279\u70b9\u3002\u526f\u724c\u8461\u8404\u9152\u91c7\u7528\u9152\u5e84\u6700\u5e74\u8f7b\u7684\u8461\u8404\u6811\u679c\u5b9e\u917f\u5236\uff0c\u4ece2012\u5e74\u5f00\u59cb\uff0c\u5723\u57c3\u7f8e\u9686\u5217\u7ea7\u5e84\u56ed\u8d1d\u5c14\u52a0\u9152\u5e84\uff08Ch\u00e2teau Bergat\uff09\u7684\u8461\u8404\u6811\u4e5f\u88ab\u7eb3\u5165\u5176\u4e2d\u3002<\/p>\n<p><a href=\"https:\/\/www.trottevieille.com\/zh-hant\/the-wines\/\">\u67e5\u770b\u9152\u5e84\u8461\u8404\u9152\u7684\u4e3b\u8981\u5e74\u4efd\u548c\u7279\u70b9<\/a>[\/vc_column_text][\/vc_column][\/vc_row][vc_row full_height=&#8221;yes&#8221; columns_placement=&#8221;stretch&#8221; equal_height=&#8221;yes&#8221; content_placement=&#8221;middle&#8221; el_id=&#8221;section-7&#8243; css=&#8221;.vc_custom_1600264648029{background-color: #f8f7f7 !important;}&#8221;][vc_column][vc_row_inner el_class=&#8221;vc_row_news_title&#8221;][vc_column_inner][vc_column_text]\n<h2><span style=\"color: #000000;\">\u9152\u5e84\u6700\u8fd1\u65b0\u95fb<\/span><\/h2>\n[\/vc_column_text][\/vc_column_inner][\/vc_row_inner]\t<section class=\"section-news\">\r\n\t\t<div class=\"section__body\">\r\n\t\t\t<div class=\"shell\">\r\n\t\t\t\t<ol class=\"articles\">\r\n\t\t\t\t\t\t\t\t\t\t\t<li class=\"article\">\r\n\t\t\t\t\t\t\t<div class=\"article__inner\">\r\n\t\t\t\t\t\t\t\t\t\t\t\t\t\t\t\t\t<div class=\"article__image\">\r\n\t\t\t\t\t\t\t\t\t\t<a href=\"https:\/\/www.trottevieille.com\/zh-hant\/primeurs-trottevieille%e9%85%92%e5%ba%842021%e5%b9%b4%e7%9a%84%e4%bb%8b%e7%bb%8d\/\" class=\"article__image-inner\"\r\n\t\t\t\t\t\t\t\t\t\tstyle=\"background-image: url(https:\/\/www.trottevieille.com\/wp-content\/uploads\/2022\/09\/305968055_522722706520179_3039106497478186174_n-768x512.jpg);\">\r\n\t\t\t\t\t\t\t\t\t\t<\/a>\r\n\t\t\t\t\t\t\t\t\t<\/div><!-- \/.article__image -->\r\n\t\t\t\t\t\t\t\t\t\t\t\t\t\t\t\t<div class=\"article__body\">\r\n\t\t\t\t\t\t\t\t\t<div class=\"article__meta\">\r\n\t\t\t\t\t\t\t\t\t\t<ul>\r\n\t\t\t\t\t\t\t\t\t\t\t<li>27 9 \u6708 2022<\/li>\r\n\t\t\t\t\t\t\t\t\t\t<\/ul>\r\n\t\t\t\t\t\t\t\t\t<\/div><!-- \/.article__meta -->\r\n\t\t\t\t\t\t\t\t\t<div class=\"article__content\">\r\n\t\t\t\t\t\t\t\t\t\t<h2>\r\n\t\t\t\t\t\t\t\t\t\t\t<a href=\"https:\/\/www.trottevieille.com\/zh-hant\/primeurs-trottevieille%e9%85%92%e5%ba%842021%e5%b9%b4%e7%9a%84%e4%bb%8b%e7%bb%8d\/\">\r\n\t\t\t\t\t\t\t\t\t\t\t\t[Primeurs] TrotteVieille\u9152\u5e842021\u5e74\u7684\u4ecb\u7ecd\t\t\t\t\t\t\t\t\t\t\t<\/a>\r\n\t\t\t\t\t\t\t\t\t\t<\/h2>\r\n\t\t\t\t\t\t\t\t\t\t<p>TrotteVieille\u9152\u5e842021\u5e74\u7531Philipp (&#8230;)<\/p>\n\t\t\t\t\t\t\t\t\t<\/div><!-- \/.article__content -->\r\n\t\t\t\t\t\t\t\t\t<div class=\"article__actions\">\r\n\t\t\t\t\t\t\t\t\t\t<a href=\"https:\/\/www.trottevieille.com\/zh-hant\/primeurs-trottevieille%e9%85%92%e5%ba%842021%e5%b9%b4%e7%9a%84%e4%bb%8b%e7%bb%8d\/\">Read more<\/a>\r\n\t\t\t\t\t\t\t\t\t<\/div><!-- \/.article__actions -->\r\n\t\t\t\t\t\t\t\t<\/div><!-- \/.article__body -->\r\n\t\t\t\t\t\t\t<\/div><!-- \/.article__inner -->\r\n\t\t\t\t\t\t<\/li><!-- \/.article -->\r\n\t\t\t\t\t\t\t\t\t\t\t<li class=\"article\">\r\n\t\t\t\t\t\t\t<div class=\"article__inner\">\r\n\t\t\t\t\t\t\t\t\t\t\t\t\t\t\t\t\t<div class=\"article__image\">\r\n\t\t\t\t\t\t\t\t\t\t<a href=\"https:\/\/www.trottevieille.com\/zh-hant\/primeurs-presentation-de-chateau-trottevieille-2021\/\" class=\"article__image-inner\"\r\n\t\t\t\t\t\t\t\t\t\tstyle=\"background-image: url(https:\/\/www.trottevieille.com\/wp-content\/uploads\/2022\/05\/TROTTEVIEILLE-2021_Plan-de-travail-1-1-768x768.jpg);\">\r\n\t\t\t\t\t\t\t\t\t\t<\/a>\r\n\t\t\t\t\t\t\t\t\t<\/div><!-- \/.article__image -->\r\n\t\t\t\t\t\t\t\t\t\t\t\t\t\t\t\t<div class=\"article__body\">\r\n\t\t\t\t\t\t\t\t\t<div class=\"article__meta\">\r\n\t\t\t\t\t\t\t\t\t\t<ul>\r\n\t\t\t\t\t\t\t\t\t\t\t<li>31 5 \u6708 2022<\/li>\r\n\t\t\t\t\t\t\t\t\t\t<\/ul>\r\n\t\t\t\t\t\t\t\t\t<\/div><!-- \/.article__meta -->\r\n\t\t\t\t\t\t\t\t\t<div class=\"article__content\">\r\n\t\t\t\t\t\t\t\t\t\t<h2>\r\n\t\t\t\t\t\t\t\t\t\t\t<a href=\"https:\/\/www.trottevieille.com\/zh-hant\/primeurs-presentation-de-chateau-trottevieille-2021\/\">\r\n\t\t\t\t\t\t\t\t\t\t\t\t[Primeurs] TrotteVieille\u9152\u5e842021\u5e74\u7684\u4ecb\u7ecd\t\t\t\t\t\t\t\t\t\t\t<\/a>\r\n\t\t\t\t\t\t\t\t\t\t<\/h2>\r\n\t\t\t\t\t\t\t\t\t\t<p>TrotteVieille\u9152\u5e842021\u5e74\u7531Philipp (&#8230;)<\/p>\n\t\t\t\t\t\t\t\t\t<\/div><!-- \/.article__content -->\r\n\t\t\t\t\t\t\t\t\t<div class=\"article__actions\">\r\n\t\t\t\t\t\t\t\t\t\t<a href=\"https:\/\/www.trottevieille.com\/zh-hant\/primeurs-presentation-de-chateau-trottevieille-2021\/\">Read more<\/a>\r\n\t\t\t\t\t\t\t\t\t<\/div><!-- \/.article__actions -->\r\n\t\t\t\t\t\t\t\t<\/div><!-- \/.article__body -->\r\n\t\t\t\t\t\t\t<\/div><!-- \/.article__inner -->\r\n\t\t\t\t\t\t<\/li><!-- \/.article -->\r\n\t\t\t\t\t\t\t\t\t<\/ol><!-- \/.articles -->\r\n\t\t\t<\/div><!-- \/.shell -->\r\n\t\t<\/div><!-- \/.section__body -->\r\n\t<\/section><!-- \/.section-news -->\r\n\t[\/vc_column][\/vc_row]\n<\/div>","protected":false},"excerpt":{"rendered":"<p>[vc_row full_height=&#8221;y (&#8230;)<\/p>\n","protected":false},"author":3,"featured_media":0,"parent":0,"menu_order":0,"comment_status":"closed","ping_status":"closed","template":"","meta":{"footnotes":""},"class_list":["post-5246","page","type-page","status-publish","hentry"],"yoast_head":"<!-- This site is optimized with the Yoast SEO plugin v23.7 - https:\/\/yoast.com\/wordpress\/plugins\/seo\/ -->\n<title>Ch\u00e2teau TrotteVieille - Premier grand cru class\u00e9 de Saint-\u00c9milion<\/title>\n<meta name=\"description\" content=\"\u81ea1955\u5e74\u4ee5\u6765\uff0c\u8001\u6258\u7279\u9152\u5e84\u88ab\u5217\u4e3a\u5723\u57c3\u7f8e\u9686\uff08Saint-\u00c9milion\uff09\u4e00\u7ea7\u9152\u5e84\uff0c\u662f\u8be5\u5730\u533a\u5907\u53d7\u8ba4\u53ef\u7684\u9876\u7ea7\u8461\u8404\u9152\u4e4b\u4e00\u30021947\u5e74\uff0c\u9a6c\u585e\u5c14\u00b7\u6ce2\u8d6b\uff08Marcel Borie\uff09\u5bf9\u8be5\u9152\u5e84\u4e00\u89c1\u503e\u5fc3\u5e76\u5c06\u4e4b\u6536\u8d2d\uff0c\u73b0\u5728\u7531\u5361\u65af\u7279\u52a0\uff08Cast\u00e9ja\uff09\u5bb6\u65cf\u7ba1\u7406\u3002\" \/>\n<meta name=\"robots\" content=\"index, follow, max-snippet:-1, max-image-preview:large, max-video-preview:-1\" \/>\n<link rel=\"canonical\" href=\"https:\/\/www.trottevieille.com\/zh-hant\/\" \/>\n<meta property=\"og:locale\" content=\"zh_TW\" \/>\n<meta property=\"og:type\" content=\"article\" \/>\n<meta property=\"og:title\" content=\"Ch\u00e2teau TrotteVieille - Premier grand cru class\u00e9 de Saint-\u00c9milion\" \/>\n<meta property=\"og:description\" content=\"\u81ea1955\u5e74\u4ee5\u6765\uff0c\u8001\u6258\u7279\u9152\u5e84\u88ab\u5217\u4e3a\u5723\u57c3\u7f8e\u9686\uff08Saint-\u00c9milion\uff09\u4e00\u7ea7\u9152\u5e84\uff0c\u662f\u8be5\u5730\u533a\u5907\u53d7\u8ba4\u53ef\u7684\u9876\u7ea7\u8461\u8404\u9152\u4e4b\u4e00\u30021947\u5e74\uff0c\u9a6c\u585e\u5c14\u00b7\u6ce2\u8d6b\uff08Marcel Borie\uff09\u5bf9\u8be5\u9152\u5e84\u4e00\u89c1\u503e\u5fc3\u5e76\u5c06\u4e4b\u6536\u8d2d\uff0c\u73b0\u5728\u7531\u5361\u65af\u7279\u52a0\uff08Cast\u00e9ja\uff09\u5bb6\u65cf\u7ba1\u7406\u3002\" \/>\n<meta property=\"og:url\" content=\"https:\/\/www.trottevieille.com\/zh-hant\/\" \/>\n<meta property=\"og:site_name\" content=\"Ch\u00e2teau TrotteVieille\" \/>\n<meta property=\"article:modified_time\" content=\"2022-06-13T09:24:47+00:00\" \/>\n<meta property=\"og:image\" content=\"https:\/\/www.trottevieille.com\/wp-content\/uploads\/2021\/05\/logo.png\" \/>\n<meta name=\"twitter:card\" content=\"summary_large_image\" \/>\n<meta name=\"twitter:label1\" content=\"\u9810\u4f30\u95b1\u8b80\u6642\u9593\" \/>\n\t<meta name=\"twitter:data1\" content=\"1 \u5206\u9418\" \/>\n<script type=\"application\/ld+json\" class=\"yoast-schema-graph\">{\"@context\":\"https:\/\/schema.org\",\"@graph\":[{\"@type\":\"WebPage\",\"@id\":\"https:\/\/www.trottevieille.com\/zh-hant\/\",\"url\":\"https:\/\/www.trottevieille.com\/zh-hant\/\",\"name\":\"Ch\u00e2teau TrotteVieille - Premier grand cru class\u00e9 de Saint-\u00c9milion\",\"isPartOf\":{\"@id\":\"https:\/\/www.trottevieille.com\/zh-hant\/#website\"},\"primaryImageOfPage\":{\"@id\":\"https:\/\/www.trottevieille.com\/zh-hant\/#primaryimage\"},\"image\":{\"@id\":\"https:\/\/www.trottevieille.com\/zh-hant\/#primaryimage\"},\"thumbnailUrl\":\"https:\/\/www.trottevieille.com\/wp-content\/uploads\/2021\/05\/logo.png\",\"datePublished\":\"2019-04-17T09:29:53+00:00\",\"dateModified\":\"2022-06-13T09:24:47+00:00\",\"description\":\"\u81ea1955\u5e74\u4ee5\u6765\uff0c\u8001\u6258\u7279\u9152\u5e84\u88ab\u5217\u4e3a\u5723\u57c3\u7f8e\u9686\uff08Saint-\u00c9milion\uff09\u4e00\u7ea7\u9152\u5e84\uff0c\u662f\u8be5\u5730\u533a\u5907\u53d7\u8ba4\u53ef\u7684\u9876\u7ea7\u8461\u8404\u9152\u4e4b\u4e00\u30021947\u5e74\uff0c\u9a6c\u585e\u5c14\u00b7\u6ce2\u8d6b\uff08Marcel Borie\uff09\u5bf9\u8be5\u9152\u5e84\u4e00\u89c1\u503e\u5fc3\u5e76\u5c06\u4e4b\u6536\u8d2d\uff0c\u73b0\u5728\u7531\u5361\u65af\u7279\u52a0\uff08Cast\u00e9ja\uff09\u5bb6\u65cf\u7ba1\u7406\u3002\",\"breadcrumb\":{\"@id\":\"https:\/\/www.trottevieille.com\/zh-hant\/#breadcrumb\"},\"inLanguage\":\"zh-TW\",\"potentialAction\":[{\"@type\":\"ReadAction\",\"target\":[\"https:\/\/www.trottevieille.com\/zh-hant\/\"]}]},{\"@type\":\"ImageObject\",\"inLanguage\":\"zh-TW\",\"@id\":\"https:\/\/www.trottevieille.com\/zh-hant\/#primaryimage\",\"url\":\"https:\/\/www.trottevieille.com\/wp-content\/uploads\/2021\/05\/logo.png\",\"contentUrl\":\"https:\/\/www.trottevieille.com\/wp-content\/uploads\/2021\/05\/logo.png\"},{\"@type\":\"BreadcrumbList\",\"@id\":\"https:\/\/www.trottevieille.com\/zh-hant\/#breadcrumb\",\"itemListElement\":[{\"@type\":\"ListItem\",\"position\":1,\"name\":\"Accueil\",\"item\":\"https:\/\/www.trottevieille.com\/zh-hant\/\"},{\"@type\":\"ListItem\",\"position\":2,\"name\":\"\u9996\u9875\"}]},{\"@type\":\"WebSite\",\"@id\":\"https:\/\/www.trottevieille.com\/zh-hant\/#website\",\"url\":\"https:\/\/www.trottevieille.com\/zh-hant\/\",\"name\":\"Ch\u00e2teau TrotteVieille\",\"description\":\"Premier grand cru class\u00e9 de Saint-\u00c9milion\",\"potentialAction\":[{\"@type\":\"SearchAction\",\"target\":{\"@type\":\"EntryPoint\",\"urlTemplate\":\"https:\/\/www.trottevieille.com\/zh-hant\/?s={search_term_string}\"},\"query-input\":{\"@type\":\"PropertyValueSpecification\",\"valueRequired\":true,\"valueName\":\"search_term_string\"}}],\"inLanguage\":\"zh-TW\"}]}<\/script>\n<!-- \/ Yoast SEO plugin. -->","yoast_head_json":{"title":"Ch\u00e2teau TrotteVieille - Premier grand cru class\u00e9 de Saint-\u00c9milion","description":"\u81ea1955\u5e74\u4ee5\u6765\uff0c\u8001\u6258\u7279\u9152\u5e84\u88ab\u5217\u4e3a\u5723\u57c3\u7f8e\u9686\uff08Saint-\u00c9milion\uff09\u4e00\u7ea7\u9152\u5e84\uff0c\u662f\u8be5\u5730\u533a\u5907\u53d7\u8ba4\u53ef\u7684\u9876\u7ea7\u8461\u8404\u9152\u4e4b\u4e00\u30021947\u5e74\uff0c\u9a6c\u585e\u5c14\u00b7\u6ce2\u8d6b\uff08Marcel Borie\uff09\u5bf9\u8be5\u9152\u5e84\u4e00\u89c1\u503e\u5fc3\u5e76\u5c06\u4e4b\u6536\u8d2d\uff0c\u73b0\u5728\u7531\u5361\u65af\u7279\u52a0\uff08Cast\u00e9ja\uff09\u5bb6\u65cf\u7ba1\u7406\u3002","robots":{"index":"index","follow":"follow","max-snippet":"max-snippet:-1","max-image-preview":"max-image-preview:large","max-video-preview":"max-video-preview:-1"},"canonical":"https:\/\/www.trottevieille.com\/zh-hant\/","og_locale":"zh_TW","og_type":"article","og_title":"Ch\u00e2teau TrotteVieille - Premier grand cru class\u00e9 de Saint-\u00c9milion","og_description":"\u81ea1955\u5e74\u4ee5\u6765\uff0c\u8001\u6258\u7279\u9152\u5e84\u88ab\u5217\u4e3a\u5723\u57c3\u7f8e\u9686\uff08Saint-\u00c9milion\uff09\u4e00\u7ea7\u9152\u5e84\uff0c\u662f\u8be5\u5730\u533a\u5907\u53d7\u8ba4\u53ef\u7684\u9876\u7ea7\u8461\u8404\u9152\u4e4b\u4e00\u30021947\u5e74\uff0c\u9a6c\u585e\u5c14\u00b7\u6ce2\u8d6b\uff08Marcel Borie\uff09\u5bf9\u8be5\u9152\u5e84\u4e00\u89c1\u503e\u5fc3\u5e76\u5c06\u4e4b\u6536\u8d2d\uff0c\u73b0\u5728\u7531\u5361\u65af\u7279\u52a0\uff08Cast\u00e9ja\uff09\u5bb6\u65cf\u7ba1\u7406\u3002","og_url":"https:\/\/www.trottevieille.com\/zh-hant\/","og_site_name":"Ch\u00e2teau TrotteVieille","article_modified_time":"2022-06-13T09:24:47+00:00","og_image":[{"url":"https:\/\/www.trottevieille.com\/wp-content\/uploads\/2021\/05\/logo.png"}],"twitter_card":"summary_large_image","twitter_misc":{"\u9810\u4f30\u95b1\u8b80\u6642\u9593":"1 \u5206\u9418"},"schema":{"@context":"https:\/\/schema.org","@graph":[{"@type":"WebPage","@id":"https:\/\/www.trottevieille.com\/zh-hant\/","url":"https:\/\/www.trottevieille.com\/zh-hant\/","name":"Ch\u00e2teau TrotteVieille - Premier grand cru class\u00e9 de Saint-\u00c9milion","isPartOf":{"@id":"https:\/\/www.trottevieille.com\/zh-hant\/#website"},"primaryImageOfPage":{"@id":"https:\/\/www.trottevieille.com\/zh-hant\/#primaryimage"},"image":{"@id":"https:\/\/www.trottevieille.com\/zh-hant\/#primaryimage"},"thumbnailUrl":"https:\/\/www.trottevieille.com\/wp-content\/uploads\/2021\/05\/logo.png","datePublished":"2019-04-17T09:29:53+00:00","dateModified":"2022-06-13T09:24:47+00:00","description":"\u81ea1955\u5e74\u4ee5\u6765\uff0c\u8001\u6258\u7279\u9152\u5e84\u88ab\u5217\u4e3a\u5723\u57c3\u7f8e\u9686\uff08Saint-\u00c9milion\uff09\u4e00\u7ea7\u9152\u5e84\uff0c\u662f\u8be5\u5730\u533a\u5907\u53d7\u8ba4\u53ef\u7684\u9876\u7ea7\u8461\u8404\u9152\u4e4b\u4e00\u30021947\u5e74\uff0c\u9a6c\u585e\u5c14\u00b7\u6ce2\u8d6b\uff08Marcel Borie\uff09\u5bf9\u8be5\u9152\u5e84\u4e00\u89c1\u503e\u5fc3\u5e76\u5c06\u4e4b\u6536\u8d2d\uff0c\u73b0\u5728\u7531\u5361\u65af\u7279\u52a0\uff08Cast\u00e9ja\uff09\u5bb6\u65cf\u7ba1\u7406\u3002","breadcrumb":{"@id":"https:\/\/www.trottevieille.com\/zh-hant\/#breadcrumb"},"inLanguage":"zh-TW","potentialAction":[{"@type":"ReadAction","target":["https:\/\/www.trottevieille.com\/zh-hant\/"]}]},{"@type":"ImageObject","inLanguage":"zh-TW","@id":"https:\/\/www.trottevieille.com\/zh-hant\/#primaryimage","url":"https:\/\/www.trottevieille.com\/wp-content\/uploads\/2021\/05\/logo.png","contentUrl":"https:\/\/www.trottevieille.com\/wp-content\/uploads\/2021\/05\/logo.png"},{"@type":"BreadcrumbList","@id":"https:\/\/www.trottevieille.com\/zh-hant\/#breadcrumb","itemListElement":[{"@type":"ListItem","position":1,"name":"Accueil","item":"https:\/\/www.trottevieille.com\/zh-hant\/"},{"@type":"ListItem","position":2,"name":"\u9996\u9875"}]},{"@type":"WebSite","@id":"https:\/\/www.trottevieille.com\/zh-hant\/#website","url":"https:\/\/www.trottevieille.com\/zh-hant\/","name":"Ch\u00e2teau TrotteVieille","description":"Premier grand cru class\u00e9 de Saint-\u00c9milion","potentialAction":[{"@type":"SearchAction","target":{"@type":"EntryPoint","urlTemplate":"https:\/\/www.trottevieille.com\/zh-hant\/?s={search_term_string}"},"query-input":{"@type":"PropertyValueSpecification","valueRequired":true,"valueName":"search_term_string"}}],"inLanguage":"zh-TW"}]}},"_links":{"self":[{"href":"https:\/\/www.trottevieille.com\/zh-hant\/wp-json\/wp\/v2\/pages\/5246"}],"collection":[{"href":"https:\/\/www.trottevieille.com\/zh-hant\/wp-json\/wp\/v2\/pages"}],"about":[{"href":"https:\/\/www.trottevieille.com\/zh-hant\/wp-json\/wp\/v2\/types\/page"}],"author":[{"embeddable":true,"href":"https:\/\/www.trottevieille.com\/zh-hant\/wp-json\/wp\/v2\/users\/3"}],"replies":[{"embeddable":true,"href":"https:\/\/www.trottevieille.com\/zh-hant\/wp-json\/wp\/v2\/comments?post=5246"}],"version-history":[{"count":0,"href":"https:\/\/www.trottevieille.com\/zh-hant\/wp-json\/wp\/v2\/pages\/5246\/revisions"}],"wp:attachment":[{"href":"https:\/\/www.trottevieille.com\/zh-hant\/wp-json\/wp\/v2\/media?parent=5246"}],"curies":[{"name":"wp","href":"https:\/\/api.w.org\/{rel}","templated":true}]}}