{"id":5373,"date":"2020-03-24T15:03:54","date_gmt":"2020-03-24T14:03:54","guid":{"rendered":"https:\/\/www.trottevieille.com\/galerie\/"},"modified":"2022-06-01T17:19:22","modified_gmt":"2022-06-01T15:19:22","slug":"galerie","status":"publish","type":"page","link":"https:\/\/www.trottevieille.com\/ja\/galerie\/","title":{"rendered":"\u30ae\u30e3\u30e9\u30ea\u30fc  &#8211; Galerie"},"content":{"rendered":"<div class=\"wpb-content-wrapper\">[vc_row full_width=&#8221;stretch_row_content&#8221; full_height=&#8221;yes&#8221; columns_placement=&#8221;stretch&#8221; el_class=&#8221;vc_row_intro&#8221; css=&#8221;.vc_custom_1622447053155{background-image: url(https:\/\/www.trottevieille.com\/wp-content\/uploads\/2021\/05\/intro-image-7.jpg?id=3084) !important;background-position: center !important;background-repeat: no-repeat !important;background-size: cover !important;}&#8221; el_id=&#8221;section-1&#8243;][vc_column][vc_column_text]\t<p>\r\n\t\t<a href=\"https:\/\/www.trottevieille.com\/ja\/\" class=\"intro-logo\">\r\n\t\t\t<img loading=\"lazy\" decoding=\"async\" width=\"516\" height=\"366\" src=\"https:\/\/www.trottevieille.com\/wp-content\/uploads\/2021\/05\/logo.png\" class=\"aligncenter logo-desktop\" alt=\"\" srcset=\"https:\/\/www.trottevieille.com\/wp-content\/uploads\/2021\/05\/logo.png 516w, https:\/\/www.trottevieille.com\/wp-content\/uploads\/2021\/05\/logo-300x213.png 300w\" sizes=\"(max-width: 516px) 100vw, 516px\" \/><img loading=\"lazy\" decoding=\"async\" width=\"516\" height=\"366\" src=\"https:\/\/www.trottevieille.com\/wp-content\/uploads\/2021\/05\/logo.png\" class=\"aligncenter logo-mobile\" alt=\"\" srcset=\"https:\/\/www.trottevieille.com\/wp-content\/uploads\/2021\/05\/logo.png 516w, https:\/\/www.trottevieille.com\/wp-content\/uploads\/2021\/05\/logo-300x213.png 300w\" sizes=\"(max-width: 516px) 100vw, 516px\" \/>\t\t<\/a>\r\n\t<\/p>\r\n\t\n<h1 style=\"text-align: center;\"><span style=\"color: #ffffff;\">\u30ae\u30e3\u30e9\u30ea\u30fc <\/span><\/h1>\n[\/vc_column_text][\/vc_column][\/vc_row][vc_row css=&#8221;.vc_custom_1622447187075{background-color: #f7f7f7 !important;}&#8221;][vc_column][vc_custom_heading text=&#8221;\u30bb\u30e9\u30fc\u3001\u30f4\u30a1\u30c3\u30c8\u30eb\u30fc\u30e0\u3001\u30ef\u30a4\u30ca\u30ea\u30fc&#8221; font_container=&#8221;tag:h2|font_size:26px|text_align:center|color:%23000000|line_height:32px&#8221; use_theme_fonts=&#8221;yes&#8221; css=&#8221;.vc_custom_1654096608061{padding-top: 20px !important;padding-bottom: 20px !important;}&#8221;][vc_raw_html]JTVCbW9kdWxhJTIwaWQlM0QlMjIxMjY3JTIyJTVE[\/vc_raw_html][vc_custom_heading text=&#8221;\u30b7\u30e3\u30c8\u30fc&#8221; font_container=&#8221;tag:h2|font_size:26px|text_align:center|color:%23000000|line_height:32px&#8221; use_theme_fonts=&#8221;yes&#8221; css=&#8221;.vc_custom_1654096632160{padding-top: 20px !important;padding-bottom: 20px !important;}&#8221;][vc_raw_html]JTVCbW9kdWxhJTIwaWQlM0QlMjIxMzA3JTIyJTVE[\/vc_raw_html][vc_custom_heading text=&#8221;\u30d6\u30c9\u30a6\u5712&#8221; font_container=&#8221;tag:h2|font_size:26px|text_align:center|color:%23000000|line_height:32px&#8221; use_theme_fonts=&#8221;yes&#8221; css=&#8221;.vc_custom_1654096646106{padding-top: 20px !important;padding-bottom: 20px !important;}&#8221;][vc_raw_html]JTVCbW9kdWxhJTIwaWQlM0QlMjIxMzQ5JTIyJTVE[\/vc_raw_html][vc_custom_heading text=&#8221;\u53ce\u7372&#8221; font_container=&#8221;tag:h2|font_size:26px|text_align:center|color:%23000000|line_height:32px&#8221; use_theme_fonts=&#8221;yes&#8221; css=&#8221;.vc_custom_1654096659972{padding-top: 20px !important;padding-bottom: 20px !important;}&#8221;][vc_raw_html]JTVCbW9kdWxhJTIwaWQlM0QlMjIxMzUwJTIyJTVE[\/vc_raw_html][vc_custom_heading text=&#8221;\u30a2\u30fc\u30eb\u30fb\u30c9\u30fb\u30e9\u30fb\u30bf\u30fc\u30d6\u30eb&#8221; font_container=&#8221;tag:h2|font_size:26px|text_align:center|color:%23000000|line_height:32px&#8221; use_theme_fonts=&#8221;yes&#8221; css=&#8221;.vc_custom_1654096680728{padding-top: 20px !important;padding-bottom: 20px !important;}&#8221;][vc_raw_html]JTVCbW9kdWxhJTIwaWQlM0QlMjIxMzU2JTIyJTVE[\/vc_raw_html][vc_custom_heading text=&#8221;2022\u5e744\u670823\u65e5\u30aa\u30fc\u30d7\u30f3\u306e\u591c\u3067\u3059&#8221; font_container=&#8221;tag:h2|font_size:26px|text_align:center|color:%23000000|line_height:32px&#8221; use_theme_fonts=&#8221;yes&#8221; css=&#8221;.vc_custom_1654096710658{padding-top: 20px !important;padding-bottom: 20px !important;}&#8221;][vc_raw_html]JTVCbW9kdWxhJTIwaWQlM0QlMjI1MTUxJTIyJTVE[\/vc_raw_html][\/vc_column][\/vc_row]\n<\/div>","protected":false},"excerpt":{"rendered":"<p>[vc_row full_width=&#8221;st (&#8230;)<\/p>\n","protected":false},"author":5,"featured_media":0,"parent":0,"menu_order":0,"comment_status":"closed","ping_status":"closed","template":"","meta":{"footnotes":""},"class_list":["post-5373","page","type-page","status-publish","hentry"],"yoast_head":"<!-- This site is optimized with the Yoast SEO plugin v23.7 - https:\/\/yoast.com\/wordpress\/plugins\/seo\/ -->\n<title>\u30ae\u30e3\u30e9\u30ea\u30fc - Galerie - Ch\u00e2teau TrotteVieille<\/title>\n<meta name=\"robots\" content=\"index, follow, max-snippet:-1, max-image-preview:large, max-video-preview:-1\" \/>\n<link rel=\"canonical\" href=\"https:\/\/www.trottevieille.com\/ja\/galerie\/\" \/>\n<meta property=\"og:locale\" content=\"ja_JP\" \/>\n<meta property=\"og:type\" content=\"article\" \/>\n<meta property=\"og:title\" content=\"\u30ae\u30e3\u30e9\u30ea\u30fc - Galerie - Ch\u00e2teau TrotteVieille\" \/>\n<meta property=\"og:description\" content=\"[vc_row full_width=&#8221;st (...)\" \/>\n<meta property=\"og:url\" content=\"https:\/\/www.trottevieille.com\/ja\/galerie\/\" \/>\n<meta property=\"og:site_name\" content=\"Ch\u00e2teau TrotteVieille\" \/>\n<meta property=\"article:modified_time\" content=\"2022-06-01T15:19:22+00:00\" \/>\n<meta name=\"twitter:card\" content=\"summary_large_image\" \/>\n<meta name=\"twitter:label1\" content=\"\u63a8\u5b9a\u8aad\u307f\u53d6\u308a\u6642\u9593\" \/>\n\t<meta name=\"twitter:data1\" content=\"1\u5206\" \/>\n<script type=\"application\/ld+json\" class=\"yoast-schema-graph\">{\"@context\":\"https:\/\/schema.org\",\"@graph\":[{\"@type\":\"WebPage\",\"@id\":\"https:\/\/www.trottevieille.com\/ja\/galerie\/\",\"url\":\"https:\/\/www.trottevieille.com\/ja\/galerie\/\",\"name\":\"\u30ae\u30e3\u30e9\u30ea\u30fc - Galerie - Ch\u00e2teau TrotteVieille\",\"isPartOf\":{\"@id\":\"https:\/\/www.trottevieille.com\/ja\/#website\"},\"datePublished\":\"2020-03-24T14:03:54+00:00\",\"dateModified\":\"2022-06-01T15:19:22+00:00\",\"breadcrumb\":{\"@id\":\"https:\/\/www.trottevieille.com\/ja\/galerie\/#breadcrumb\"},\"inLanguage\":\"ja\",\"potentialAction\":[{\"@type\":\"ReadAction\",\"target\":[\"https:\/\/www.trottevieille.com\/ja\/galerie\/\"]}]},{\"@type\":\"BreadcrumbList\",\"@id\":\"https:\/\/www.trottevieille.com\/ja\/galerie\/#breadcrumb\",\"itemListElement\":[{\"@type\":\"ListItem\",\"position\":1,\"name\":\"Accueil\",\"item\":\"https:\/\/www.trottevieille.com\/ja\/\"},{\"@type\":\"ListItem\",\"position\":2,\"name\":\"\u30ae\u30e3\u30e9\u30ea\u30fc &#8211; Galerie\"}]},{\"@type\":\"WebSite\",\"@id\":\"https:\/\/www.trottevieille.com\/ja\/#website\",\"url\":\"https:\/\/www.trottevieille.com\/ja\/\",\"name\":\"Ch\u00e2teau TrotteVieille\",\"description\":\"Premier Grand Cru Class\u00e9 de Saint-\u00c9milion\",\"potentialAction\":[{\"@type\":\"SearchAction\",\"target\":{\"@type\":\"EntryPoint\",\"urlTemplate\":\"https:\/\/www.trottevieille.com\/ja\/?s={search_term_string}\"},\"query-input\":{\"@type\":\"PropertyValueSpecification\",\"valueRequired\":true,\"valueName\":\"search_term_string\"}}],\"inLanguage\":\"ja\"}]}<\/script>\n<!-- \/ Yoast SEO plugin. -->","yoast_head_json":{"title":"\u30ae\u30e3\u30e9\u30ea\u30fc - Galerie - Ch\u00e2teau TrotteVieille","robots":{"index":"index","follow":"follow","max-snippet":"max-snippet:-1","max-image-preview":"max-image-preview:large","max-video-preview":"max-video-preview:-1"},"canonical":"https:\/\/www.trottevieille.com\/ja\/galerie\/","og_locale":"ja_JP","og_type":"article","og_title":"\u30ae\u30e3\u30e9\u30ea\u30fc - Galerie - Ch\u00e2teau TrotteVieille","og_description":"[vc_row full_width=&#8221;st (...)","og_url":"https:\/\/www.trottevieille.com\/ja\/galerie\/","og_site_name":"Ch\u00e2teau TrotteVieille","article_modified_time":"2022-06-01T15:19:22+00:00","twitter_card":"summary_large_image","twitter_misc":{"\u63a8\u5b9a\u8aad\u307f\u53d6\u308a\u6642\u9593":"1\u5206"},"schema":{"@context":"https:\/\/schema.org","@graph":[{"@type":"WebPage","@id":"https:\/\/www.trottevieille.com\/ja\/galerie\/","url":"https:\/\/www.trottevieille.com\/ja\/galerie\/","name":"\u30ae\u30e3\u30e9\u30ea\u30fc - Galerie - Ch\u00e2teau TrotteVieille","isPartOf":{"@id":"https:\/\/www.trottevieille.com\/ja\/#website"},"datePublished":"2020-03-24T14:03:54+00:00","dateModified":"2022-06-01T15:19:22+00:00","breadcrumb":{"@id":"https:\/\/www.trottevieille.com\/ja\/galerie\/#breadcrumb"},"inLanguage":"ja","potentialAction":[{"@type":"ReadAction","target":["https:\/\/www.trottevieille.com\/ja\/galerie\/"]}]},{"@type":"BreadcrumbList","@id":"https:\/\/www.trottevieille.com\/ja\/galerie\/#breadcrumb","itemListElement":[{"@type":"ListItem","position":1,"name":"Accueil","item":"https:\/\/www.trottevieille.com\/ja\/"},{"@type":"ListItem","position":2,"name":"\u30ae\u30e3\u30e9\u30ea\u30fc &#8211; Galerie"}]},{"@type":"WebSite","@id":"https:\/\/www.trottevieille.com\/ja\/#website","url":"https:\/\/www.trottevieille.com\/ja\/","name":"Ch\u00e2teau TrotteVieille","description":"Premier Grand Cru Class\u00e9 de Saint-\u00c9milion","potentialAction":[{"@type":"SearchAction","target":{"@type":"EntryPoint","urlTemplate":"https:\/\/www.trottevieille.com\/ja\/?s={search_term_string}"},"query-input":{"@type":"PropertyValueSpecification","valueRequired":true,"valueName":"search_term_string"}}],"inLanguage":"ja"}]}},"_links":{"self":[{"href":"https:\/\/www.trottevieille.com\/ja\/wp-json\/wp\/v2\/pages\/5373"}],"collection":[{"href":"https:\/\/www.trottevieille.com\/ja\/wp-json\/wp\/v2\/pages"}],"about":[{"href":"https:\/\/www.trottevieille.com\/ja\/wp-json\/wp\/v2\/types\/page"}],"author":[{"embeddable":true,"href":"https:\/\/www.trottevieille.com\/ja\/wp-json\/wp\/v2\/users\/5"}],"replies":[{"embeddable":true,"href":"https:\/\/www.trottevieille.com\/ja\/wp-json\/wp\/v2\/comments?post=5373"}],"version-history":[{"count":0,"href":"https:\/\/www.trottevieille.com\/ja\/wp-json\/wp\/v2\/pages\/5373\/revisions"}],"wp:attachment":[{"href":"https:\/\/www.trottevieille.com\/ja\/wp-json\/wp\/v2\/media?parent=5373"}],"curies":[{"name":"wp","href":"https:\/\/api.w.org\/{rel}","templated":true}]}}