{"id":5368,"date":"2021-10-21T13:49:46","date_gmt":"2021-10-21T11:49:46","guid":{"rendered":"https:\/\/www.trottevieille.com\/orangerie\/"},"modified":"2022-10-06T10:27:16","modified_gmt":"2022-10-06T08:27:16","slug":"orangerie","status":"publish","type":"page","link":"https:\/\/www.trottevieille.com\/ja\/orangerie\/","title":{"rendered":"L\u2019Orangerie\uff08\u30ed\u30e9\u30f3\u30b8\u30e5\u30ea\u30fc\uff09"},"content":{"rendered":"<div class=\"wpb-content-wrapper\">[vc_row full_height=&#8221;yes&#8221; columns_placement=&#8221;stretch&#8221; css_animation=&#8221;none&#8221; el_id=&#8221;section-1&#8243; el_class=&#8221;vc_row_intro&#8221; css=&#8221;.vc_custom_1634816910203{background-image: url(https:\/\/www.trottevieille.com\/wp-content\/uploads\/2021\/10\/orangerie-image-1.png?id=3707) !important;background-position: center !important;background-repeat: no-repeat !important;background-size: cover !important;}&#8221;][vc_column][vc_column_text]\t<p>\r\n\t\t<a href=\"https:\/\/www.trottevieille.com\/ja\/\" class=\"intro-logo\">\r\n\t\t\t<img loading=\"lazy\" decoding=\"async\" width=\"516\" height=\"366\" src=\"https:\/\/www.trottevieille.com\/wp-content\/uploads\/2021\/05\/logo.png\" class=\"aligncenter logo-desktop\" alt=\"\" srcset=\"https:\/\/www.trottevieille.com\/wp-content\/uploads\/2021\/05\/logo.png 516w, https:\/\/www.trottevieille.com\/wp-content\/uploads\/2021\/05\/logo-300x213.png 300w\" sizes=\"(max-width: 516px) 100vw, 516px\" \/><img loading=\"lazy\" decoding=\"async\" width=\"516\" height=\"366\" src=\"https:\/\/www.trottevieille.com\/wp-content\/uploads\/2021\/05\/logo.png\" class=\"aligncenter logo-mobile\" alt=\"\" srcset=\"https:\/\/www.trottevieille.com\/wp-content\/uploads\/2021\/05\/logo.png 516w, https:\/\/www.trottevieille.com\/wp-content\/uploads\/2021\/05\/logo-300x213.png 300w\" sizes=\"(max-width: 516px) 100vw, 516px\" \/>\t\t<\/a>\r\n\t<\/p>\r\n\t\n<h1 style=\"text-align: center;\"><span style=\"color: #ffffff;\">L\u2019ORANGERIE\uff08\u30ed\u30e9\u30f3\u30b8\u30e5\u30ea\u30fc\uff09<\/span><\/h1>\n[\/vc_column_text][\/vc_column][\/vc_row][vc_row full_height=&#8221;yes&#8221; columns_placement=&#8221;stretch&#8221; equal_height=&#8221;yes&#8221; content_placement=&#8221;middle&#8221; el_id=&#8221;section-2&#8243; el_class=&#8221;vc_row_overlap vc_row_overlap_alt&#8221;][vc_column css_animation=&#8221;fadeInLeft&#8221; width=&#8221;7\/12&#8243;][vc_column_text]\n<h2><span style=\"color: #000000;\">\u30ed\u30e9\u30f3\u30b8\u30e5\u30ea\u30fc\u30fb\u30c9\u30fb\u30c8\u30ed\u30c3\u30c8\u30f4\u30a3\u30a8\u30a4\u30e6\u3001\u30dc\u30eb\u30c9\u30fc\u306e\u30d6\u30c9\u30a6\u7551\u306e\u4e2d\u5fc3\u306b\u3042\u308b<br \/>\n\u30d7\u30eb\u30df\u30a8\u30fb\u30b0\u30e9\u30f3\u30fb\u30af\u30ea\u30e5\u30fb\u30af\u30e9\u30c3\u30bb\u30fb\u30b5\u30f3\u30c6\u30df\u30ea\u30aa\u30f3\u306e\u6240\u6709\u5730\u306b\u4f4f\u3080\u3068\u3044\u3046\u7f8e\u3057\u3044\u7d4c\u9a13\u3002<\/span><\/h2>\n<p>\u30b5\u30f3\u30c6\u30df\u30ea\u30aa\u30f3\u306e\u30aa\u30e9\u30f3\u30b8\u30e5\u30ea\u30fc\u30fb\u30c9\u30a5\u30fb\u30c8\u30ed\u30c3\u30c8\u30f4\u30a3\u30a8\u30a4\u30e6\u306e\u305d\u3070\u306b\u3042\u308b\u3053\u306e19\u4e16\u7d00\u306e\u5efa\u7269\u306f2017\u5e74\u306b\u6539\u88c5\u3055\u308c\u3001\u4e0a\u8cea\u306a\u30b5\u30fc\u30d3\u30b9\u3092\u63d0\u4f9b\u3059\u308b\u5bbf\u6cca\u65bd\u8a2d\u306b\u751f\u307e\u308c\u5909\u308f\u308a\u307e\u3057\u305f\u3002<\/p>\n<p>\u30b5\u30f3\u30c6\u30df\u30ea\u30aa\u30f3\u306e\u4f1d\u7d71\u7684\u306a\u77f3\u9020\u308a\u306e\u3053\u306e\u5efa\u7269\u306f\u3001\u30b7\u30e3\u30c8\u30fc\u306e\u30d6\u30c9\u30a6\u7551\u3092\u898b\u4e0b\u308d\u3059\u4f4d\u7f6e\u306b\u3042\u308a\u3001\u30c9\u30eb\u30c9\u30fc\u30cb\u30e5\u6e13\u8c37\u3092180\u5ea6\u898b\u6e21\u3059\u3053\u3068\u304c\u3067\u304d\u307e\u3059\u3002[\/vc_column_text][\/vc_column][vc_column css_animation=&#8221;fadeInRight&#8221; width=&#8221;5\/12&#8243; css=&#8221;.vc_custom_1634817326269{background-image: url(https:\/\/www.trottevieille.com\/wp-content\/uploads\/2021\/10\/orangerie-image-2.png?id=3711) !important;background-position: center !important;background-repeat: no-repeat !important;background-size: cover !important;}&#8221;][\/vc_column][\/vc_row][vc_row content_placement=&#8221;middle&#8221; el_id=&#8221;section-3&#8243; css=&#8221;.vc_custom_1634815624655{background-color: #f8f7f7 !important;}&#8221; el_class=&#8221;vc_row_overlap vc_row_overlap_orangerie&#8221;][vc_column css_animation=&#8221;fadeInLeft&#8221; width=&#8221;5\/12&#8243; css=&#8221;.vc_custom_1634810659122{background-position: center !important;background-repeat: no-repeat !important;background-size: cover !important;}&#8221;][vc_single_image image=&#8221;3718&#8243; img_size=&#8221;full&#8221;][\/vc_column][vc_column css_animation=&#8221;fadeInRight&#8221; width=&#8221;7\/12&#8243;][vc_column_text]\u3053\u306e\u65bd\u8a2d\u3067\u306f\u3001\u30d0\u30b9\u30eb\u30fc\u30e0\u4ed8\u304d\u306e5\u3064\u306e\u30d9\u30c3\u30c9\u30eb\u30fc\u30e0\u3001\u8a2d\u5099\u306e\u6574\u3063\u305f\u30ad\u30c3\u30c1\u30f3\u3001\u30ea\u30d3\u30f3\u30b0\u30eb\u30fc\u30e0\u3001\u30c0\u30a4\u30cb\u30f3\u30b0\u30eb\u30fc\u30e0\u3001\u30c6\u30e9\u30b9\u3001\u30d7\u30fc\u30eb\u3001\u6728\u3005\u306e\u3042\u308b\u516c\u5712\u306a\u3069\u3001\u30d1\u30fc\u30c8\u30ca\u30fc\u3084\u5bb6\u65cf\u3001\u53cb\u4eba\u3068\u697d\u3057\u3044\u6642\u9593\u3092\u904e\u3054\u3059\u306e\u306b\u5fc5\u8981\u306a\u3059\u3079\u3066\u306e\u5feb\u9069\u3055\u304c\u63d0\u4f9b\u3055\u308c\u307e\u3059\u3002<\/p>\n<p>\u30d7\u30e9\u30a4\u30d9\u30fc\u30c8\u304c\u78ba\u4fdd\u3067\u304d\u3001\u6700\u592710\u540d\u307e\u3067\u53ce\u5bb9\u53ef\u80fd\u3067\u3059\u3002<\/p>\n<p>\u6ede\u5728\u4e2d\u306f\u3001\u3054\u4e88\u7d04\u306e\u4e0a\u30b7\u30e3\u30c8\u30fc\u30fb\u30c8\u30ed\u30c3\u30c8\u30f4\u30a3\u30a8\u30a4\u30e6\u306e\u898b\u5b66\u3084\u30ef\u30a4\u30f3\u306e\u30c6\u30a4\u30b9\u30c6\u30a3\u30f3\u30b0\u3092\u304a\u697d\u3057\u307f\u3044\u305f\u3060\u3051\u307e\u3059\u3002<\/p>\n<p><a href=\"https:\/\/chateauxexperiences.com\/chateaux\/orangerie-de-trottevieille\/\">\u300cL\u2019AGENCE CH\u00c2TEAUX EXP\u00c9RIENCES\uff08\u30b7\u30e3\u30c8\u30fc\u30fb\u30a8\u30af\u30b9\u30da\u30ea\u30a8\u30f3\u30b9\u30fb\u30a8\u30fc\u30b8\u30a7\u30f3\u30b7\u30fc\uff09\u300d\u306e\u30a6\u30a7\u30d6\u30b5\u30a4\u30c8\u304b\u3089\u5bbf\u6cca\u4e88\u7d04\u3092\u3059\u308b<\/a>[\/vc_column_text][\/vc_column][\/vc_row][vc_row content_placement=&#8221;middle&#8221; el_id=&#8221;section-4&#8243; css=&#8221;.vc_custom_1634809478349{background-color: #f8f7f7 !important;}&#8221; el_class=&#8221;vc_row_orangerie_slider&#8221;][vc_column css_animation=&#8221;fadeInLeft&#8221;]\t<section class=\"section-slider-main\">\r\n\t\t\r\n\t\t<div class=\"slider-main\">\r\n\t\t\t<div class=\"slider__clip swiper-container\">\r\n\t\t\t\t<div class=\"slider__slides swiper-wrapper\">\r\n\t\t\t\t\t\t<div class=\"slider__slide swiper-slide\">\r\n\t\t<div class=\"slider__slide-image\"\r\n\t\tstyle=\"background-image: url(https:\/\/www.trottevieille.com\/wp-content\/uploads\/2021\/10\/orangerie-image-4.png);\">\r\n\t\t<\/div><!-- \/.slider__slide-image -->\r\n\r\n\t\t\t<\/div><!-- \/.slider__slide -->\r\n\t\t<div class=\"slider__slide swiper-slide\">\r\n\t\t<div class=\"slider__slide-image\"\r\n\t\tstyle=\"background-image: url(https:\/\/www.trottevieille.com\/wp-content\/uploads\/2021\/11\/photo-94272224-004-photo-94272224-006_watermarked-min-1920x1280.jpg);\">\r\n\t\t<\/div><!-- \/.slider__slide-image -->\r\n\r\n\t\t\t<\/div><!-- \/.slider__slide -->\r\n\t\t<div class=\"slider__slide swiper-slide\">\r\n\t\t<div class=\"slider__slide-image\"\r\n\t\tstyle=\"background-image: url(https:\/\/www.trottevieille.com\/wp-content\/uploads\/2021\/11\/photo-94272224-007-photo-94272224-009_watermarked-min-1920x1280.jpg);\">\r\n\t\t<\/div><!-- \/.slider__slide-image -->\r\n\r\n\t\t\t<\/div><!-- \/.slider__slide -->\r\n\t\t<div class=\"slider__slide swiper-slide\">\r\n\t\t<div class=\"slider__slide-image\"\r\n\t\tstyle=\"background-image: url(https:\/\/www.trottevieille.com\/wp-content\/uploads\/2021\/11\/photo-94272224-010-photo-94272224-012_watermarked-min-1920x1280.jpg);\">\r\n\t\t<\/div><!-- \/.slider__slide-image -->\r\n\r\n\t\t\t<\/div><!-- \/.slider__slide -->\r\n\t\t<div class=\"slider__slide swiper-slide\">\r\n\t\t<div class=\"slider__slide-image\"\r\n\t\tstyle=\"background-image: url(https:\/\/www.trottevieille.com\/wp-content\/uploads\/2021\/11\/photo-94272224-013-photo-94272224-015_watermarked-min-1920x1280.jpg);\">\r\n\t\t<\/div><!-- \/.slider__slide-image -->\r\n\r\n\t\t\t<\/div><!-- \/.slider__slide -->\r\n\t\t<div class=\"slider__slide swiper-slide\">\r\n\t\t<div class=\"slider__slide-image\"\r\n\t\tstyle=\"background-image: url(https:\/\/www.trottevieille.com\/wp-content\/uploads\/2021\/11\/photo-94272224-016-photo-94272224-018_watermarked-min-1920x1280.jpg);\">\r\n\t\t<\/div><!-- \/.slider__slide-image -->\r\n\r\n\t\t\t<\/div><!-- \/.slider__slide -->\r\n\t\t<div class=\"slider__slide swiper-slide\">\r\n\t\t<div class=\"slider__slide-image\"\r\n\t\tstyle=\"background-image: url(https:\/\/www.trottevieille.com\/wp-content\/uploads\/2021\/11\/photo-94272224-019-photo-94272224-021_watermarked-min-1920x1280.jpg);\">\r\n\t\t<\/div><!-- \/.slider__slide-image -->\r\n\r\n\t\t\t<\/div><!-- \/.slider__slide -->\r\n\t\t<div class=\"slider__slide swiper-slide\">\r\n\t\t<div class=\"slider__slide-image\"\r\n\t\tstyle=\"background-image: url(https:\/\/www.trottevieille.com\/wp-content\/uploads\/2021\/11\/photo-94272224-025-photo-94272224-027_watermarked-min-1920x1280.jpg);\">\r\n\t\t<\/div><!-- \/.slider__slide-image -->\r\n\r\n\t\t\t<\/div><!-- \/.slider__slide -->\r\n\t\t<div class=\"slider__slide swiper-slide\">\r\n\t\t<div class=\"slider__slide-image\"\r\n\t\tstyle=\"background-image: url(https:\/\/www.trottevieille.com\/wp-content\/uploads\/2021\/11\/photo-94272224-028-photo-94272224-030_watermarked-min-1920x1280.jpg);\">\r\n\t\t<\/div><!-- \/.slider__slide-image -->\r\n\r\n\t\t\t<\/div><!-- \/.slider__slide -->\r\n\t\t<div class=\"slider__slide swiper-slide\">\r\n\t\t<div class=\"slider__slide-image\"\r\n\t\tstyle=\"background-image: url(https:\/\/www.trottevieille.com\/wp-content\/uploads\/2021\/11\/photo-94272224-034-photo-94272224-036_watermarked-min-1920x1280.jpg);\">\r\n\t\t<\/div><!-- \/.slider__slide-image -->\r\n\r\n\t\t\t<\/div><!-- \/.slider__slide -->\r\n\t\t<div class=\"slider__slide swiper-slide\">\r\n\t\t<div class=\"slider__slide-image\"\r\n\t\tstyle=\"background-image: url(https:\/\/www.trottevieille.com\/wp-content\/uploads\/2021\/11\/photo-94272224-037-photo-94272224-039_watermarked-min-1920x1280.jpg);\">\r\n\t\t<\/div><!-- \/.slider__slide-image -->\r\n\r\n\t\t\t<\/div><!-- \/.slider__slide -->\r\n\t\t<div class=\"slider__slide swiper-slide\">\r\n\t\t<div class=\"slider__slide-image\"\r\n\t\tstyle=\"background-image: url(https:\/\/www.trottevieille.com\/wp-content\/uploads\/2021\/11\/photo-94272224-049-photo-94272224-051_watermarked-min-1920x1280.jpg);\">\r\n\t\t<\/div><!-- \/.slider__slide-image -->\r\n\r\n\t\t\t<\/div><!-- \/.slider__slide -->\r\n\t\t<div class=\"slider__slide swiper-slide\">\r\n\t\t<div class=\"slider__slide-image\"\r\n\t\tstyle=\"background-image: url(https:\/\/www.trottevieille.com\/wp-content\/uploads\/2021\/11\/photo-94272224-052-photo-94272224-054_watermarked-min-1920x1280.jpg);\">\r\n\t\t<\/div><!-- \/.slider__slide-image -->\r\n\r\n\t\t\t<\/div><!-- \/.slider__slide -->\r\n\t\t<div class=\"slider__slide swiper-slide\">\r\n\t\t<div class=\"slider__slide-image\"\r\n\t\tstyle=\"background-image: url(https:\/\/www.trottevieille.com\/wp-content\/uploads\/2021\/11\/photo-94272224-058-photo-94272224-060_watermarked-min-1920x1280.jpg);\">\r\n\t\t<\/div><!-- \/.slider__slide-image -->\r\n\r\n\t\t\t<\/div><!-- \/.slider__slide -->\r\n\t\t<div class=\"slider__slide swiper-slide\">\r\n\t\t<div class=\"slider__slide-image\"\r\n\t\tstyle=\"background-image: url(https:\/\/www.trottevieille.com\/wp-content\/uploads\/2021\/11\/photo-94272224-064-photo-94272224-066_watermarked-min-1920x1280.jpg);\">\r\n\t\t<\/div><!-- \/.slider__slide-image -->\r\n\r\n\t\t\t<\/div><!-- \/.slider__slide -->\r\n\t\t<div class=\"slider__slide swiper-slide\">\r\n\t\t<div class=\"slider__slide-image\"\r\n\t\tstyle=\"background-image: url(https:\/\/www.trottevieille.com\/wp-content\/uploads\/2021\/11\/Trottevieille-4-min-1920x1280.jpg);\">\r\n\t\t<\/div><!-- \/.slider__slide-image -->\r\n\r\n\t\t\t<\/div><!-- \/.slider__slide -->\r\n\t\t<div class=\"slider__slide swiper-slide\">\r\n\t\t<div class=\"slider__slide-image\"\r\n\t\tstyle=\"background-image: url(https:\/\/www.trottevieille.com\/wp-content\/uploads\/2021\/11\/photo-94272224-067-photo-94272224-069-copie_watermarked-min-1920x1281.jpg);\">\r\n\t\t<\/div><!-- \/.slider__slide-image -->\r\n\r\n\t\t\t<\/div><!-- \/.slider__slide -->\r\n\t\t<div class=\"slider__slide swiper-slide\">\r\n\t\t<div class=\"slider__slide-image\"\r\n\t\tstyle=\"background-image: url(https:\/\/www.trottevieille.com\/wp-content\/uploads\/2021\/11\/photo-94272224-079-photo-94272224-081_watermarked-min-1920x1280.jpg);\">\r\n\t\t<\/div><!-- \/.slider__slide-image -->\r\n\r\n\t\t\t<\/div><!-- \/.slider__slide -->\r\n\t\t<div class=\"slider__slide swiper-slide\">\r\n\t\t<div class=\"slider__slide-image\"\r\n\t\tstyle=\"background-image: url(https:\/\/www.trottevieille.com\/wp-content\/uploads\/2021\/11\/photo-94272224-082-photo-94272224-084_watermarked-min-1920x1280.jpg);\">\r\n\t\t<\/div><!-- \/.slider__slide-image -->\r\n\r\n\t\t\t<\/div><!-- \/.slider__slide -->\r\n\t\t<div class=\"slider__slide swiper-slide\">\r\n\t\t<div class=\"slider__slide-image\"\r\n\t\tstyle=\"background-image: url(https:\/\/www.trottevieille.com\/wp-content\/uploads\/2021\/11\/photo-94272224-088-photo-94272224-090_watermarked-min-1920x1280.jpg);\">\r\n\t\t<\/div><!-- \/.slider__slide-image -->\r\n\r\n\t\t\t<\/div><!-- \/.slider__slide -->\r\n\t\t<div class=\"slider__slide swiper-slide\">\r\n\t\t<div class=\"slider__slide-image\"\r\n\t\tstyle=\"background-image: url(https:\/\/www.trottevieille.com\/wp-content\/uploads\/2021\/11\/photo-94272224-091-photo-94272224-093_watermarked-min-1920x1280.jpg);\">\r\n\t\t<\/div><!-- \/.slider__slide-image -->\r\n\r\n\t\t\t<\/div><!-- \/.slider__slide -->\r\n\t\t<div class=\"slider__slide swiper-slide\">\r\n\t\t<div class=\"slider__slide-image\"\r\n\t\tstyle=\"background-image: url(https:\/\/www.trottevieille.com\/wp-content\/uploads\/2021\/11\/photo-94272224-097-photo-94272224-099_watermarked-min-1920x1280.jpg);\">\r\n\t\t<\/div><!-- \/.slider__slide-image -->\r\n\r\n\t\t\t<\/div><!-- \/.slider__slide -->\r\n\t\t<div class=\"slider__slide swiper-slide\">\r\n\t\t<div class=\"slider__slide-image\"\r\n\t\tstyle=\"background-image: url(https:\/\/www.trottevieille.com\/wp-content\/uploads\/2021\/11\/photo-94272224-100-photo-94272224-102_watermarked-min-1920x1280.jpg);\">\r\n\t\t<\/div><!-- \/.slider__slide-image -->\r\n\r\n\t\t\t<\/div><!-- \/.slider__slide -->\r\n\t\t<div class=\"slider__slide swiper-slide\">\r\n\t\t<div class=\"slider__slide-image\"\r\n\t\tstyle=\"background-image: url(https:\/\/www.trottevieille.com\/wp-content\/uploads\/2021\/11\/photo-94272224-103-photo-94272224-105_watermarked-min-1920x1280.jpg);\">\r\n\t\t<\/div><!-- \/.slider__slide-image -->\r\n\r\n\t\t\t<\/div><!-- \/.slider__slide -->\r\n\t\t<div class=\"slider__slide swiper-slide\">\r\n\t\t<div class=\"slider__slide-image\"\r\n\t\tstyle=\"background-image: url(https:\/\/www.trottevieille.com\/wp-content\/uploads\/2021\/11\/photo-94272224-106-photo-94272224-108_watermarked-min-1920x1280.jpg);\">\r\n\t\t<\/div><!-- \/.slider__slide-image -->\r\n\r\n\t\t\t<\/div><!-- \/.slider__slide -->\r\n\t\t<div class=\"slider__slide swiper-slide\">\r\n\t\t<div class=\"slider__slide-image\"\r\n\t\tstyle=\"background-image: url(https:\/\/www.trottevieille.com\/wp-content\/uploads\/2021\/11\/photo-94272224-118-photo-94272224-120_watermarked-min-1920x1280.jpg);\">\r\n\t\t<\/div><!-- \/.slider__slide-image -->\r\n\r\n\t\t\t<\/div><!-- \/.slider__slide -->\r\n\t\t<div class=\"slider__slide swiper-slide\">\r\n\t\t<div class=\"slider__slide-image\"\r\n\t\tstyle=\"background-image: url(https:\/\/www.trottevieille.com\/wp-content\/uploads\/2021\/11\/photo-94272224-127-photo-94272224-129_watermarked-min-1920x1280.jpg);\">\r\n\t\t<\/div><!-- \/.slider__slide-image -->\r\n\r\n\t\t\t<\/div><!-- \/.slider__slide -->\r\n\t\t<div class=\"slider__slide swiper-slide\">\r\n\t\t<div class=\"slider__slide-image\"\r\n\t\tstyle=\"background-image: url(https:\/\/www.trottevieille.com\/wp-content\/uploads\/2021\/11\/Trottevieille-1-min-1920x1280.jpg);\">\r\n\t\t<\/div><!-- \/.slider__slide-image -->\r\n\r\n\t\t\t<\/div><!-- \/.slider__slide -->\r\n\t\t<div class=\"slider__slide swiper-slide\">\r\n\t\t<div class=\"slider__slide-image\"\r\n\t\tstyle=\"background-image: url(https:\/\/www.trottevieille.com\/wp-content\/uploads\/2021\/11\/Trottevieille-2-min-1920x1280.jpg);\">\r\n\t\t<\/div><!-- \/.slider__slide-image -->\r\n\r\n\t\t\t<\/div><!-- \/.slider__slide -->\r\n\t\t<div class=\"slider__slide swiper-slide\">\r\n\t\t<div class=\"slider__slide-image\"\r\n\t\tstyle=\"background-image: url(https:\/\/www.trottevieille.com\/wp-content\/uploads\/2021\/11\/Trottevieille-3-min-1920x1280.jpg);\">\r\n\t\t<\/div><!-- \/.slider__slide-image -->\r\n\r\n\t\t\t<\/div><!-- \/.slider__slide -->\r\n\t\n\t\t\t\t<\/div><!-- \/.slider__slides -->\r\n\r\n\t\t\t\t<div class=\"swiper-button-prev\"><\/div>\r\n\t\t\t\t<div class=\"swiper-button-next\"><\/div>\r\n\t\t\t<\/div><!-- \/.slider__clip -->\r\n\t\t<\/div><!-- \/.slider-main -->\r\n\t<\/section><!-- \/.section-slider-main -->\r\n\t[\/vc_column][\/vc_row]\n<\/div>","protected":false},"excerpt":{"rendered":"<p>[vc_row full_height=&#8221;y (&#8230;)<\/p>\n","protected":false},"author":5,"featured_media":0,"parent":0,"menu_order":0,"comment_status":"closed","ping_status":"closed","template":"","meta":{"footnotes":""},"class_list":["post-5368","page","type-page","status-publish","hentry"],"yoast_head":"<!-- This site is optimized with the Yoast SEO plugin v23.7 - https:\/\/yoast.com\/wordpress\/plugins\/seo\/ -->\n<title>L\u2019Orangerie\uff08\u30ed\u30e9\u30f3\u30b8\u30e5\u30ea\u30fc\uff09 - Ch\u00e2teau TrotteVieille<\/title>\n<meta name=\"description\" content=\"\u30ed\u30e9\u30f3\u30b8\u30e5\u30ea\u30fc\u30fb\u30c9\u30fb\u30c8\u30ed\u30c3\u30c8\u30f4\u30a3\u30a8\u30a4\u30e6\u3001\u30dc\u30eb\u30c9\u30fc\u306e\u30d6\u30c9\u30a6\u7551\u306e\u4e2d\u5fc3\u306b\u3042\u308b\u30d7\u30eb\u30df\u30a8\u30fb\u30b0\u30e9\u30f3\u30fb\u30af\u30ea\u30e5\u30fb\u30af\u30e9\u30c3\u30bb\u30fb\u30b5\u30f3\u30c6\u30df\u30ea\u30aa\u30f3\u306e\u6240\u6709\u5730\u306b\u4f4f\u3080\u3068\u3044\u3046\u7f8e\u3057\u3044\u7d4c\u9a13\u3002\" \/>\n<meta name=\"robots\" content=\"index, follow, max-snippet:-1, max-image-preview:large, max-video-preview:-1\" \/>\n<link rel=\"canonical\" href=\"https:\/\/www.trottevieille.com\/ja\/orangerie\/\" \/>\n<meta property=\"og:locale\" content=\"ja_JP\" \/>\n<meta property=\"og:type\" content=\"article\" \/>\n<meta property=\"og:title\" content=\"L\u2019Orangerie\uff08\u30ed\u30e9\u30f3\u30b8\u30e5\u30ea\u30fc\uff09 - Ch\u00e2teau TrotteVieille\" \/>\n<meta property=\"og:description\" content=\"\u30ed\u30e9\u30f3\u30b8\u30e5\u30ea\u30fc\u30fb\u30c9\u30fb\u30c8\u30ed\u30c3\u30c8\u30f4\u30a3\u30a8\u30a4\u30e6\u3001\u30dc\u30eb\u30c9\u30fc\u306e\u30d6\u30c9\u30a6\u7551\u306e\u4e2d\u5fc3\u306b\u3042\u308b\u30d7\u30eb\u30df\u30a8\u30fb\u30b0\u30e9\u30f3\u30fb\u30af\u30ea\u30e5\u30fb\u30af\u30e9\u30c3\u30bb\u30fb\u30b5\u30f3\u30c6\u30df\u30ea\u30aa\u30f3\u306e\u6240\u6709\u5730\u306b\u4f4f\u3080\u3068\u3044\u3046\u7f8e\u3057\u3044\u7d4c\u9a13\u3002\" \/>\n<meta property=\"og:url\" content=\"https:\/\/www.trottevieille.com\/ja\/orangerie\/\" \/>\n<meta property=\"og:site_name\" content=\"Ch\u00e2teau TrotteVieille\" \/>\n<meta property=\"article:modified_time\" content=\"2022-10-06T08:27:16+00:00\" \/>\n<meta name=\"twitter:card\" content=\"summary_large_image\" \/>\n<meta name=\"twitter:label1\" content=\"\u63a8\u5b9a\u8aad\u307f\u53d6\u308a\u6642\u9593\" \/>\n\t<meta name=\"twitter:data1\" content=\"1\u5206\" \/>\n<script type=\"application\/ld+json\" class=\"yoast-schema-graph\">{\"@context\":\"https:\/\/schema.org\",\"@graph\":[{\"@type\":\"WebPage\",\"@id\":\"https:\/\/www.trottevieille.com\/ja\/orangerie\/\",\"url\":\"https:\/\/www.trottevieille.com\/ja\/orangerie\/\",\"name\":\"L\u2019Orangerie\uff08\u30ed\u30e9\u30f3\u30b8\u30e5\u30ea\u30fc\uff09 - Ch\u00e2teau TrotteVieille\",\"isPartOf\":{\"@id\":\"https:\/\/www.trottevieille.com\/ja\/#website\"},\"datePublished\":\"2021-10-21T11:49:46+00:00\",\"dateModified\":\"2022-10-06T08:27:16+00:00\",\"description\":\"\u30ed\u30e9\u30f3\u30b8\u30e5\u30ea\u30fc\u30fb\u30c9\u30fb\u30c8\u30ed\u30c3\u30c8\u30f4\u30a3\u30a8\u30a4\u30e6\u3001\u30dc\u30eb\u30c9\u30fc\u306e\u30d6\u30c9\u30a6\u7551\u306e\u4e2d\u5fc3\u306b\u3042\u308b\u30d7\u30eb\u30df\u30a8\u30fb\u30b0\u30e9\u30f3\u30fb\u30af\u30ea\u30e5\u30fb\u30af\u30e9\u30c3\u30bb\u30fb\u30b5\u30f3\u30c6\u30df\u30ea\u30aa\u30f3\u306e\u6240\u6709\u5730\u306b\u4f4f\u3080\u3068\u3044\u3046\u7f8e\u3057\u3044\u7d4c\u9a13\u3002\",\"breadcrumb\":{\"@id\":\"https:\/\/www.trottevieille.com\/ja\/orangerie\/#breadcrumb\"},\"inLanguage\":\"ja\",\"potentialAction\":[{\"@type\":\"ReadAction\",\"target\":[\"https:\/\/www.trottevieille.com\/ja\/orangerie\/\"]}]},{\"@type\":\"BreadcrumbList\",\"@id\":\"https:\/\/www.trottevieille.com\/ja\/orangerie\/#breadcrumb\",\"itemListElement\":[{\"@type\":\"ListItem\",\"position\":1,\"name\":\"Accueil\",\"item\":\"https:\/\/www.trottevieille.com\/ja\/\"},{\"@type\":\"ListItem\",\"position\":2,\"name\":\"L\u2019Orangerie\uff08\u30ed\u30e9\u30f3\u30b8\u30e5\u30ea\u30fc\uff09\"}]},{\"@type\":\"WebSite\",\"@id\":\"https:\/\/www.trottevieille.com\/ja\/#website\",\"url\":\"https:\/\/www.trottevieille.com\/ja\/\",\"name\":\"Ch\u00e2teau TrotteVieille\",\"description\":\"Premier Grand Cru Class\u00e9 de Saint-\u00c9milion\",\"potentialAction\":[{\"@type\":\"SearchAction\",\"target\":{\"@type\":\"EntryPoint\",\"urlTemplate\":\"https:\/\/www.trottevieille.com\/ja\/?s={search_term_string}\"},\"query-input\":{\"@type\":\"PropertyValueSpecification\",\"valueRequired\":true,\"valueName\":\"search_term_string\"}}],\"inLanguage\":\"ja\"}]}<\/script>\n<!-- \/ Yoast SEO plugin. -->","yoast_head_json":{"title":"L\u2019Orangerie\uff08\u30ed\u30e9\u30f3\u30b8\u30e5\u30ea\u30fc\uff09 - Ch\u00e2teau TrotteVieille","description":"\u30ed\u30e9\u30f3\u30b8\u30e5\u30ea\u30fc\u30fb\u30c9\u30fb\u30c8\u30ed\u30c3\u30c8\u30f4\u30a3\u30a8\u30a4\u30e6\u3001\u30dc\u30eb\u30c9\u30fc\u306e\u30d6\u30c9\u30a6\u7551\u306e\u4e2d\u5fc3\u306b\u3042\u308b\u30d7\u30eb\u30df\u30a8\u30fb\u30b0\u30e9\u30f3\u30fb\u30af\u30ea\u30e5\u30fb\u30af\u30e9\u30c3\u30bb\u30fb\u30b5\u30f3\u30c6\u30df\u30ea\u30aa\u30f3\u306e\u6240\u6709\u5730\u306b\u4f4f\u3080\u3068\u3044\u3046\u7f8e\u3057\u3044\u7d4c\u9a13\u3002","robots":{"index":"index","follow":"follow","max-snippet":"max-snippet:-1","max-image-preview":"max-image-preview:large","max-video-preview":"max-video-preview:-1"},"canonical":"https:\/\/www.trottevieille.com\/ja\/orangerie\/","og_locale":"ja_JP","og_type":"article","og_title":"L\u2019Orangerie\uff08\u30ed\u30e9\u30f3\u30b8\u30e5\u30ea\u30fc\uff09 - Ch\u00e2teau TrotteVieille","og_description":"\u30ed\u30e9\u30f3\u30b8\u30e5\u30ea\u30fc\u30fb\u30c9\u30fb\u30c8\u30ed\u30c3\u30c8\u30f4\u30a3\u30a8\u30a4\u30e6\u3001\u30dc\u30eb\u30c9\u30fc\u306e\u30d6\u30c9\u30a6\u7551\u306e\u4e2d\u5fc3\u306b\u3042\u308b\u30d7\u30eb\u30df\u30a8\u30fb\u30b0\u30e9\u30f3\u30fb\u30af\u30ea\u30e5\u30fb\u30af\u30e9\u30c3\u30bb\u30fb\u30b5\u30f3\u30c6\u30df\u30ea\u30aa\u30f3\u306e\u6240\u6709\u5730\u306b\u4f4f\u3080\u3068\u3044\u3046\u7f8e\u3057\u3044\u7d4c\u9a13\u3002","og_url":"https:\/\/www.trottevieille.com\/ja\/orangerie\/","og_site_name":"Ch\u00e2teau TrotteVieille","article_modified_time":"2022-10-06T08:27:16+00:00","twitter_card":"summary_large_image","twitter_misc":{"\u63a8\u5b9a\u8aad\u307f\u53d6\u308a\u6642\u9593":"1\u5206"},"schema":{"@context":"https:\/\/schema.org","@graph":[{"@type":"WebPage","@id":"https:\/\/www.trottevieille.com\/ja\/orangerie\/","url":"https:\/\/www.trottevieille.com\/ja\/orangerie\/","name":"L\u2019Orangerie\uff08\u30ed\u30e9\u30f3\u30b8\u30e5\u30ea\u30fc\uff09 - Ch\u00e2teau TrotteVieille","isPartOf":{"@id":"https:\/\/www.trottevieille.com\/ja\/#website"},"datePublished":"2021-10-21T11:49:46+00:00","dateModified":"2022-10-06T08:27:16+00:00","description":"\u30ed\u30e9\u30f3\u30b8\u30e5\u30ea\u30fc\u30fb\u30c9\u30fb\u30c8\u30ed\u30c3\u30c8\u30f4\u30a3\u30a8\u30a4\u30e6\u3001\u30dc\u30eb\u30c9\u30fc\u306e\u30d6\u30c9\u30a6\u7551\u306e\u4e2d\u5fc3\u306b\u3042\u308b\u30d7\u30eb\u30df\u30a8\u30fb\u30b0\u30e9\u30f3\u30fb\u30af\u30ea\u30e5\u30fb\u30af\u30e9\u30c3\u30bb\u30fb\u30b5\u30f3\u30c6\u30df\u30ea\u30aa\u30f3\u306e\u6240\u6709\u5730\u306b\u4f4f\u3080\u3068\u3044\u3046\u7f8e\u3057\u3044\u7d4c\u9a13\u3002","breadcrumb":{"@id":"https:\/\/www.trottevieille.com\/ja\/orangerie\/#breadcrumb"},"inLanguage":"ja","potentialAction":[{"@type":"ReadAction","target":["https:\/\/www.trottevieille.com\/ja\/orangerie\/"]}]},{"@type":"BreadcrumbList","@id":"https:\/\/www.trottevieille.com\/ja\/orangerie\/#breadcrumb","itemListElement":[{"@type":"ListItem","position":1,"name":"Accueil","item":"https:\/\/www.trottevieille.com\/ja\/"},{"@type":"ListItem","position":2,"name":"L\u2019Orangerie\uff08\u30ed\u30e9\u30f3\u30b8\u30e5\u30ea\u30fc\uff09"}]},{"@type":"WebSite","@id":"https:\/\/www.trottevieille.com\/ja\/#website","url":"https:\/\/www.trottevieille.com\/ja\/","name":"Ch\u00e2teau TrotteVieille","description":"Premier Grand Cru Class\u00e9 de Saint-\u00c9milion","potentialAction":[{"@type":"SearchAction","target":{"@type":"EntryPoint","urlTemplate":"https:\/\/www.trottevieille.com\/ja\/?s={search_term_string}"},"query-input":{"@type":"PropertyValueSpecification","valueRequired":true,"valueName":"search_term_string"}}],"inLanguage":"ja"}]}},"_links":{"self":[{"href":"https:\/\/www.trottevieille.com\/ja\/wp-json\/wp\/v2\/pages\/5368"}],"collection":[{"href":"https:\/\/www.trottevieille.com\/ja\/wp-json\/wp\/v2\/pages"}],"about":[{"href":"https:\/\/www.trottevieille.com\/ja\/wp-json\/wp\/v2\/types\/page"}],"author":[{"embeddable":true,"href":"https:\/\/www.trottevieille.com\/ja\/wp-json\/wp\/v2\/users\/5"}],"replies":[{"embeddable":true,"href":"https:\/\/www.trottevieille.com\/ja\/wp-json\/wp\/v2\/comments?post=5368"}],"version-history":[{"count":0,"href":"https:\/\/www.trottevieille.com\/ja\/wp-json\/wp\/v2\/pages\/5368\/revisions"}],"wp:attachment":[{"href":"https:\/\/www.trottevieille.com\/ja\/wp-json\/wp\/v2\/media?parent=5368"}],"curies":[{"name":"wp","href":"https:\/\/api.w.org\/{rel}","templated":true}]}}