{"id":5662,"date":"2020-03-24T15:03:54","date_gmt":"2020-03-24T14:03:54","guid":{"rendered":"https:\/\/www.trottevieille.com\/galerie\/"},"modified":"2022-06-14T12:17:50","modified_gmt":"2022-06-14T10:17:50","slug":"galerie","status":"publish","type":"page","link":"https:\/\/www.trottevieille.com\/es\/galerie\/","title":{"rendered":"Galer\u00eda"},"content":{"rendered":"<div class=\"wpb-content-wrapper\">[vc_row full_width=\u00bbstretch_row_content\u00bb full_height=\u00bbyes\u00bb columns_placement=\u00bbstretch\u00bb el_class=\u00bbvc_row_intro\u00bb css=\u00bb.vc_custom_1622447053155{background-image: url(https:\/\/www.trottevieille.com\/wp-content\/uploads\/2021\/05\/intro-image-7.jpg?id=3084) !important;background-position: center !important;background-repeat: no-repeat !important;background-size: cover !important;}\u00bb el_id=\u00bbsection-1&#8243;][vc_column][vc_column_text]\t<p>\r\n\t\t<a href=\"https:\/\/www.trottevieille.com\/es\/\" class=\"intro-logo\">\r\n\t\t\t<img loading=\"lazy\" decoding=\"async\" width=\"516\" height=\"366\" src=\"https:\/\/www.trottevieille.com\/wp-content\/uploads\/2021\/05\/logo.png\" class=\"aligncenter logo-desktop\" alt=\"\" srcset=\"https:\/\/www.trottevieille.com\/wp-content\/uploads\/2021\/05\/logo.png 516w, https:\/\/www.trottevieille.com\/wp-content\/uploads\/2021\/05\/logo-300x213.png 300w\" sizes=\"(max-width: 516px) 100vw, 516px\" \/><img loading=\"lazy\" decoding=\"async\" width=\"516\" height=\"366\" src=\"https:\/\/www.trottevieille.com\/wp-content\/uploads\/2021\/05\/logo.png\" class=\"aligncenter logo-mobile\" alt=\"\" srcset=\"https:\/\/www.trottevieille.com\/wp-content\/uploads\/2021\/05\/logo.png 516w, https:\/\/www.trottevieille.com\/wp-content\/uploads\/2021\/05\/logo-300x213.png 300w\" sizes=\"(max-width: 516px) 100vw, 516px\" \/>\t\t<\/a>\r\n\t<\/p>\r\n\t\n<h1 style=\"text-align: center;\"><span style=\"color: #ffffff;\">GALER\u00cdA<\/span><\/h1>\n[\/vc_column_text][\/vc_column][\/vc_row][vc_row css=\u00bb.vc_custom_1622447187075{background-color: #f7f7f7 !important;}\u00bb][vc_column][vc_custom_heading text=\u00bbBODEGA, SALA DE CUBAS Y BODEGA\u00bb font_container=\u00bbtag:h2|font_size:26px|text_align:center|color:%23000000|line_height:32px\u00bb use_theme_fonts=\u00bbyes\u00bb css=\u00bb.vc_custom_1654698617465{padding-top: 20px !important;padding-bottom: 20px !important;}\u00bb][vc_raw_html]JTVCbW9kdWxhJTIwaWQlM0QlMjIxMjY3JTIyJTVE[\/vc_raw_html][vc_custom_heading text=\u00bbCH\u00c2TEAU\u00bb font_container=\u00bbtag:h2|font_size:26px|text_align:center|color:%23000000|line_height:32px\u00bb use_theme_fonts=\u00bbyes\u00bb css=\u00bb.vc_custom_1654698622819{padding-top: 20px !important;padding-bottom: 20px !important;}\u00bb][vc_raw_html]JTVCbW9kdWxhJTIwaWQlM0QlMjIxMzA3JTIyJTVE[\/vc_raw_html][vc_custom_heading text=\u00bbVI\u00d1EDO\u00bb font_container=\u00bbtag:h2|font_size:26px|text_align:center|color:%23000000|line_height:32px\u00bb use_theme_fonts=\u00bbyes\u00bb css=\u00bb.vc_custom_1654698631824{padding-top: 20px !important;padding-bottom: 20px !important;}\u00bb][vc_raw_html]JTVCbW9kdWxhJTIwaWQlM0QlMjIxMzQ5JTIyJTVE[\/vc_raw_html][vc_custom_heading text=\u00bbVENDIMIAS\u00bb font_container=\u00bbtag:h2|font_size:26px|text_align:center|color:%23000000|line_height:32px\u00bb use_theme_fonts=\u00bbyes\u00bb css=\u00bb.vc_custom_1654698650959{padding-top: 20px !important;padding-bottom: 20px !important;}\u00bb][vc_raw_html]JTVCbW9kdWxhJTIwaWQlM0QlMjIxMzUwJTIyJTVE[\/vc_raw_html][vc_custom_heading text=\u00bbDECORACI\u00d3N DE LA MESA\u00bb font_container=\u00bbtag:h2|font_size:26px|text_align:center|color:%23000000|line_height:32px\u00bb use_theme_fonts=\u00bbyes\u00bb css=\u00bb.vc_custom_1654698662593{padding-top: 20px !important;padding-bottom: 20px !important;}\u00bb][vc_raw_html]JTVCbW9kdWxhJTIwaWQlM0QlMjIxMzU2JTIyJTVE[\/vc_raw_html][vc_custom_heading text=\u00bbCeremonia de inauguraci\u00f3n 23 de abril de 2022&#8243; font_container=\u00bbtag:h2|font_size:26px|text_align:center|color:%23000000|line_height:32px\u00bb use_theme_fonts=\u00bbyes\u00bb css=\u00bb.vc_custom_1654698829899{padding-top: 20px !important;padding-bottom: 20px !important;}\u00bb][vc_raw_html]JTVCbW9kdWxhJTIwaWQlM0QlMjI1MTUxJTIyJTVE[\/vc_raw_html][\/vc_column][\/vc_row]\n<\/div>","protected":false},"excerpt":{"rendered":"<p>[vc_row full_width=\u00bbstretch_row_content\u00bb full_height=\u00bbyes\u00bb columns_placement=\u00bbstretch\u00bb el_class=\u00bbvc_row_intro\u00bb css=\u00bb.vc_custom_1622447053155{background-image: url(https:\/\/www.trottevieille.com\/wp-content\/uploads\/2021\/05\/intro-image-7.jpg?id=3084) !important;background-position: center !important;background-repeat: no-repeat !important;background-size: cover !important;}\u00bb el_id=\u00bbsection-1&#8243;][vc_column][vc_column_text] GALER\u00cdA [\/vc_column_text][\/vc_column][\/vc_row][vc_row css=\u00bb.vc_custom_1622447187075{background-color: #f7f7f7 !important;}\u00bb][vc_column][vc_custom_heading text=\u00bbBODEGA, SALA DE CUBAS Y BODEGA\u00bb font_container=\u00bbtag:h2|font_size:26px|text_align:center|color:%23000000|line_height:32px\u00bb use_theme_fonts=\u00bbyes\u00bb (&#8230;)<\/p>\n","protected":false},"author":5,"featured_media":0,"parent":0,"menu_order":0,"comment_status":"closed","ping_status":"closed","template":"","meta":{"footnotes":""},"class_list":["post-5662","page","type-page","status-publish","hentry"],"yoast_head":"<!-- This site is optimized with the Yoast SEO plugin v23.7 - https:\/\/yoast.com\/wordpress\/plugins\/seo\/ -->\n<title>Galer\u00eda - Ch\u00e2teau TrotteVieille<\/title>\n<meta name=\"description\" content=\"Galer\u00eda de fotos Ch\u00e2teau TrotteVieille 1er Grand Cru Class\u00e9 Saint-\u00c9milion\" \/>\n<meta name=\"robots\" content=\"index, follow, max-snippet:-1, max-image-preview:large, max-video-preview:-1\" \/>\n<link rel=\"canonical\" href=\"https:\/\/www.trottevieille.com\/es\/galerie\/\" \/>\n<meta property=\"og:locale\" content=\"es_ES\" \/>\n<meta property=\"og:type\" content=\"article\" \/>\n<meta property=\"og:title\" content=\"Galer\u00eda - Ch\u00e2teau TrotteVieille\" \/>\n<meta property=\"og:description\" content=\"Galer\u00eda de fotos Ch\u00e2teau TrotteVieille 1er Grand Cru Class\u00e9 Saint-\u00c9milion\" \/>\n<meta property=\"og:url\" content=\"https:\/\/www.trottevieille.com\/es\/galerie\/\" \/>\n<meta property=\"og:site_name\" content=\"Ch\u00e2teau TrotteVieille\" \/>\n<meta property=\"article:modified_time\" content=\"2022-06-14T10:17:50+00:00\" \/>\n<meta name=\"twitter:card\" content=\"summary_large_image\" \/>\n<meta name=\"twitter:label1\" content=\"Tiempo de lectura\" \/>\n\t<meta name=\"twitter:data1\" content=\"1 minuto\" \/>\n<script type=\"application\/ld+json\" class=\"yoast-schema-graph\">{\"@context\":\"https:\/\/schema.org\",\"@graph\":[{\"@type\":\"WebPage\",\"@id\":\"https:\/\/www.trottevieille.com\/es\/galerie\/\",\"url\":\"https:\/\/www.trottevieille.com\/es\/galerie\/\",\"name\":\"Galer\u00eda - Ch\u00e2teau TrotteVieille\",\"isPartOf\":{\"@id\":\"https:\/\/www.trottevieille.com\/es\/#website\"},\"datePublished\":\"2020-03-24T14:03:54+00:00\",\"dateModified\":\"2022-06-14T10:17:50+00:00\",\"description\":\"Galer\u00eda de fotos Ch\u00e2teau TrotteVieille 1er Grand Cru Class\u00e9 Saint-\u00c9milion\",\"breadcrumb\":{\"@id\":\"https:\/\/www.trottevieille.com\/es\/galerie\/#breadcrumb\"},\"inLanguage\":\"es\",\"potentialAction\":[{\"@type\":\"ReadAction\",\"target\":[\"https:\/\/www.trottevieille.com\/es\/galerie\/\"]}]},{\"@type\":\"BreadcrumbList\",\"@id\":\"https:\/\/www.trottevieille.com\/es\/galerie\/#breadcrumb\",\"itemListElement\":[{\"@type\":\"ListItem\",\"position\":1,\"name\":\"Accueil\",\"item\":\"https:\/\/www.trottevieille.com\/es\/\"},{\"@type\":\"ListItem\",\"position\":2,\"name\":\"Galer\u00eda\"}]},{\"@type\":\"WebSite\",\"@id\":\"https:\/\/www.trottevieille.com\/es\/#website\",\"url\":\"https:\/\/www.trottevieille.com\/es\/\",\"name\":\"Ch\u00e2teau TrotteVieille\",\"description\":\"Premier grand cru class\u00e9 de Saint-\u00c9milion\",\"potentialAction\":[{\"@type\":\"SearchAction\",\"target\":{\"@type\":\"EntryPoint\",\"urlTemplate\":\"https:\/\/www.trottevieille.com\/es\/?s={search_term_string}\"},\"query-input\":{\"@type\":\"PropertyValueSpecification\",\"valueRequired\":true,\"valueName\":\"search_term_string\"}}],\"inLanguage\":\"es\"}]}<\/script>\n<!-- \/ Yoast SEO plugin. -->","yoast_head_json":{"title":"Galer\u00eda - Ch\u00e2teau TrotteVieille","description":"Galer\u00eda de fotos Ch\u00e2teau TrotteVieille 1er Grand Cru Class\u00e9 Saint-\u00c9milion","robots":{"index":"index","follow":"follow","max-snippet":"max-snippet:-1","max-image-preview":"max-image-preview:large","max-video-preview":"max-video-preview:-1"},"canonical":"https:\/\/www.trottevieille.com\/es\/galerie\/","og_locale":"es_ES","og_type":"article","og_title":"Galer\u00eda - Ch\u00e2teau TrotteVieille","og_description":"Galer\u00eda de fotos Ch\u00e2teau TrotteVieille 1er Grand Cru Class\u00e9 Saint-\u00c9milion","og_url":"https:\/\/www.trottevieille.com\/es\/galerie\/","og_site_name":"Ch\u00e2teau TrotteVieille","article_modified_time":"2022-06-14T10:17:50+00:00","twitter_card":"summary_large_image","twitter_misc":{"Tiempo de lectura":"1 minuto"},"schema":{"@context":"https:\/\/schema.org","@graph":[{"@type":"WebPage","@id":"https:\/\/www.trottevieille.com\/es\/galerie\/","url":"https:\/\/www.trottevieille.com\/es\/galerie\/","name":"Galer\u00eda - Ch\u00e2teau TrotteVieille","isPartOf":{"@id":"https:\/\/www.trottevieille.com\/es\/#website"},"datePublished":"2020-03-24T14:03:54+00:00","dateModified":"2022-06-14T10:17:50+00:00","description":"Galer\u00eda de fotos Ch\u00e2teau TrotteVieille 1er Grand Cru Class\u00e9 Saint-\u00c9milion","breadcrumb":{"@id":"https:\/\/www.trottevieille.com\/es\/galerie\/#breadcrumb"},"inLanguage":"es","potentialAction":[{"@type":"ReadAction","target":["https:\/\/www.trottevieille.com\/es\/galerie\/"]}]},{"@type":"BreadcrumbList","@id":"https:\/\/www.trottevieille.com\/es\/galerie\/#breadcrumb","itemListElement":[{"@type":"ListItem","position":1,"name":"Accueil","item":"https:\/\/www.trottevieille.com\/es\/"},{"@type":"ListItem","position":2,"name":"Galer\u00eda"}]},{"@type":"WebSite","@id":"https:\/\/www.trottevieille.com\/es\/#website","url":"https:\/\/www.trottevieille.com\/es\/","name":"Ch\u00e2teau TrotteVieille","description":"Premier grand cru class\u00e9 de Saint-\u00c9milion","potentialAction":[{"@type":"SearchAction","target":{"@type":"EntryPoint","urlTemplate":"https:\/\/www.trottevieille.com\/es\/?s={search_term_string}"},"query-input":{"@type":"PropertyValueSpecification","valueRequired":true,"valueName":"search_term_string"}}],"inLanguage":"es"}]}},"_links":{"self":[{"href":"https:\/\/www.trottevieille.com\/es\/wp-json\/wp\/v2\/pages\/5662"}],"collection":[{"href":"https:\/\/www.trottevieille.com\/es\/wp-json\/wp\/v2\/pages"}],"about":[{"href":"https:\/\/www.trottevieille.com\/es\/wp-json\/wp\/v2\/types\/page"}],"author":[{"embeddable":true,"href":"https:\/\/www.trottevieille.com\/es\/wp-json\/wp\/v2\/users\/5"}],"replies":[{"embeddable":true,"href":"https:\/\/www.trottevieille.com\/es\/wp-json\/wp\/v2\/comments?post=5662"}],"version-history":[{"count":0,"href":"https:\/\/www.trottevieille.com\/es\/wp-json\/wp\/v2\/pages\/5662\/revisions"}],"wp:attachment":[{"href":"https:\/\/www.trottevieille.com\/es\/wp-json\/wp\/v2\/media?parent=5662"}],"curies":[{"name":"wp","href":"https:\/\/api.w.org\/{rel}","templated":true}]}}