{"id":5638,"date":"2020-04-28T09:33:20","date_gmt":"2020-04-28T07:33:20","guid":{"rendered":"https:\/\/www.trottevieille.com\/les-vins\/"},"modified":"2022-06-14T15:05:03","modified_gmt":"2022-06-14T13:05:03","slug":"les-vins","status":"publish","type":"page","link":"https:\/\/www.trottevieille.com\/es\/les-vins\/","title":{"rendered":"Los vinos"},"content":{"rendered":"<div class=\"wpb-content-wrapper\">[vc_row full_height=\u00bbyes\u00bb columns_placement=\u00bbstretch\u00bb equal_height=\u00bbyes\u00bb content_placement=\u00bbmiddle\u00bb css=\u00bb.vc_custom_1588065039332{background-position: center !important;background-repeat: no-repeat !important;background-size: cover !important;}\u00bb el_id=\u00bbsection-1&#8243;][vc_column css_animation=\u00bbnone\u00bb]\r\n\t<div class=\"intro-wines\">\r\n\t\t<div class=\"intro__image\">\r\n\t\t\t\t\t\t\t\t\t\t\t\t<div class=\"intro__image-inner active\"\r\n\t\t\t\t\t\tstyle=\"background-image: url(https:\/\/www.trottevieille.com\/wp-content\/uploads\/2021\/11\/vin1-bg-scaled.jpg);\">\r\n\t\t\t\t\t<\/div><!-- \/.intro__image-inner -->\r\n\t\t\t\t\t\t\t\t\t\t\t\t\t\t\t\t<div class=\"intro__image-inner \"\r\n\t\t\t\t\t\tstyle=\"background-image: url(https:\/\/www.trottevieille.com\/wp-content\/uploads\/2021\/11\/vin2-bg-scaled.jpg);\">\r\n\t\t\t\t\t<\/div><!-- \/.intro__image-inner -->\r\n\t\t\t\t\t\t\t\t\t<\/div><!-- \/.intro__image -->\r\n\r\n\t\t<div class=\"intro__content\">\r\n\t\t\t\t<p>\r\n\t\t<a href=\"https:\/\/www.trottevieille.com\/es\/\" class=\"intro-logo\">\r\n\t\t\t<img loading=\"lazy\" decoding=\"async\" width=\"516\" height=\"366\" src=\"https:\/\/www.trottevieille.com\/wp-content\/uploads\/2021\/05\/logo.png\" class=\"aligncenter logo-desktop\" alt=\"\" srcset=\"https:\/\/www.trottevieille.com\/wp-content\/uploads\/2021\/05\/logo.png 516w, https:\/\/www.trottevieille.com\/wp-content\/uploads\/2021\/05\/logo-300x213.png 300w\" sizes=\"(max-width: 516px) 100vw, 516px\" \/><img loading=\"lazy\" decoding=\"async\" width=\"516\" height=\"366\" src=\"https:\/\/www.trottevieille.com\/wp-content\/uploads\/2021\/05\/logo.png\" class=\"aligncenter logo-mobile\" alt=\"\" srcset=\"https:\/\/www.trottevieille.com\/wp-content\/uploads\/2021\/05\/logo.png 516w, https:\/\/www.trottevieille.com\/wp-content\/uploads\/2021\/05\/logo-300x213.png 300w\" sizes=\"(max-width: 516px) 100vw, 516px\" \/>\t\t<\/a>\r\n\t<\/p>\r\n\t\r\n\t\t\t<ul>\r\n\t\t\t\t\t\t\t\t\t<li class=\"active\">\r\n\t\t\t\t\t\t<a href=\"https:\/\/www.trottevieille.com\/es\/chateau-trotte-vieille\/#le-chateau-trotte-vieille\">\r\n\t\t\t\t\t\t\t<h1>Ch\u00e2teau<br \/>\nTrotteVieille<strong>descubrir el vino<\/strong><\/h1>\r\n\t\t\t\t\t\t\t\t\t\t\t\t\t\t\t<p>\r\n\t\t\t\t\t\t\t\t\t<img loading=\"lazy\" decoding=\"async\" width=\"186\" height=\"741\" src=\"https:\/\/www.trottevieille.com\/wp-content\/uploads\/2021\/11\/vin-1-small.png\" class=\"attachment-large size-large\" alt=\"\" srcset=\"https:\/\/www.trottevieille.com\/wp-content\/uploads\/2021\/11\/vin-1-small.png 186w, https:\/\/www.trottevieille.com\/wp-content\/uploads\/2021\/11\/vin-1-small-75x300.png 75w\" sizes=\"(max-width: 186px) 100vw, 186px\" \/>\t\t\t\t\t\t\t\t<\/p>\r\n\t\t\t\t\t\t\t\t\t\t\t\t\t<\/a>\r\n\t\t\t\t\t<\/li>\r\n\t\t\t\t\t\t\t\t\t<li >\r\n\t\t\t\t\t\t<a href=\"https:\/\/www.trottevieille.com\/es\/dame-de-trotte-vieille\/#dame-de-trotte-vieille\">\r\n\t\t\t\t\t\t\t<h2>Dame de<br \/>\nTrotteVieille<strong>descubrir el vino<\/strong><\/h2>\r\n\t\t\t\t\t\t\t\t\t\t\t\t\t\t\t<p>\r\n\t\t\t\t\t\t\t\t\t<img loading=\"lazy\" decoding=\"async\" width=\"206\" height=\"812\" src=\"https:\/\/www.trottevieille.com\/wp-content\/uploads\/2021\/11\/vin2-small.png\" class=\"attachment-large size-large\" alt=\"\" srcset=\"https:\/\/www.trottevieille.com\/wp-content\/uploads\/2021\/11\/vin2-small.png 206w, https:\/\/www.trottevieille.com\/wp-content\/uploads\/2021\/11\/vin2-small-76x300.png 76w\" sizes=\"(max-width: 206px) 100vw, 206px\" \/>\t\t\t\t\t\t\t\t<\/p>\r\n\t\t\t\t\t\t\t\t\t\t\t\t\t<\/a>\r\n\t\t\t\t\t<\/li>\r\n\t\t\t\t\t\t\t<\/ul>\r\n\t\t<\/div><!-- \/.intro__content -->\r\n\t<\/div><!-- \/.intro-wines -->\r\n\r\n\t[\/vc_column][\/vc_row][vc_row full_height=\u00bbyes\u00bb equal_height=\u00bbyes\u00bb css_animation=\u00bbfadeInUp\u00bb el_class=\u00bbvc_row_text\u00bb el_id=\u00bbsection-2&#8243;][vc_column][vc_column_text]\n<h3 style=\"text-align: center;\"><span style=\"color: #000000;\">LOS VINOS DE SAINT-\u00c9MILION<\/span><\/h3>\n<p style=\"text-align: center;\">Los vinos de Saint-\u00c9milion son ricos y diversos.<br \/>\nGeneralmente, se caracterizan por una capa de color rub\u00ed con reflejos granates.<\/p>\n<p style=\"text-align: center;\">Sus aromas son complejos, densos, con un exquisito refinamiento, notas de frutos rojos y a veces de peon\u00eda.<br \/>\nLos aromas se abren poco a poco para ofrecer otras notas arom\u00e1ticas que surgen durante el envejecimiento: madera, especias, matices tostados y de chocolate.<\/p>\n<p style=\"text-align: center;\">En boca, hacen gala de una buena estructura y unos taninos finos y s\u00f3lidos. La cata culmina en un final largo, afrutado y sabroso.<br \/>\nEstos vinos, y en particular los 1er Grands Crus Class\u00e9s, tienen una muy buena capacidad de envejecimiento.<\/p>\n[\/vc_column_text][\/vc_column][\/vc_row][vc_row full_height=\u00bbyes\u00bb columns_placement=\u00bbstretch\u00bb equal_height=\u00bbyes\u00bb content_placement=\u00bbmiddle\u00bb el_id=\u00bbsection-3&#8243; el_class=\u00bbvc_row_article vc_row_zindex\u00bb][vc_column]\t<div id=\"chateau-trottevieille\" class=\"article-1of2  visible\">\r\n\t\t\t\t\t<div class=\"article__image\"\r\n\t\t\t\tstyle=\"background-image: url(https:\/\/www.trottevieille.com\/wp-content\/uploads\/2021\/05\/image-28.jpg);\">\r\n\t\t\t<\/div><!-- \/.article__image -->\r\n\t\t\r\n\t\t<div class=\"article__content\">\r\n\t\t\t<div class=\"article__content-inner\">\r\n\t\t\t\t\t<h3><span style=\"color: #000000;\">Ch\u00e2teau TrotteVieille,<\/span><br \/>\n<span style=\"color: #000000;\">VINO PRINCIPAL<\/span><br \/>\n<span style=\"color: #000000;\"> DEL CH\u00c2TEAU TROTTEVIEILLE<\/span><\/h3>\n<p>El vino principal, de la denominaci\u00f3n de origen Saint-\u00c9milion Grand Cru y clasificado 1er Grand Cru desde 1955, es famoso por su refinamiento y su potencial de envejecimiento. Con su hermoso color rojo intenso, TrotteVieille desarrolla unos aromas potentes y elegantes con aromas de frutos rojos y negros.<\/p>\n<p>En boca, los taninos est\u00e1n bien equilibrados, la estructura es buena y las notas de pimienta y especias aparecen con frecuencia. Este Grand Cru posee un final largo y agradable, afrutado y sabroso final.<\/p>\n\r\n\t\t\t\t\t\t\t\t\t\t\t<div class=\"article__actions\">\r\n\t\t\t\t\t\t\t<form action=\"?\" method=\"post\" class=\"form-select redirect\">\r\n\t\t\t\t\t\t\t\t<div class=\"select\">\r\n\t\t\t\t\t\t\t\t\t<label class=\"sr-only\" for=\"\">Choose a vintage<\/label>\r\n\r\n\t\t\t\t\t\t\t\t\t<select name=\"\" id=\"\">\r\n\t\t\t\t\t\t\t\t\t\t<option value=\"\">Choose a vintage<\/option>\r\n\t\t\t\t\t\t\t\t\t\t\t\t\t\t\t\t\t\t\t\t\t<option value=\"https:\/\/www.trottevieille.com\/es\/chateau-trotte-vieille\/?vintage=2017#chateau-trottevieille\">2017<\/option>\r\n\t\t\t\t\t\t\t\t\t\t\t\t\t\t\t\t\t\t\t\t\t<option value=\"https:\/\/www.trottevieille.com\/es\/chateau-trotte-vieille\/?vintage=2016#chateau-trottevieille\">2016<\/option>\r\n\t\t\t\t\t\t\t\t\t\t\t\t\t\t\t\t\t\t\t\t\t<option value=\"https:\/\/www.trottevieille.com\/es\/chateau-trotte-vieille\/?vintage=2015#chateau-trottevieille\">2015<\/option>\r\n\t\t\t\t\t\t\t\t\t\t\t\t\t\t\t\t\t\t\t\t\t<option value=\"https:\/\/www.trottevieille.com\/es\/chateau-trotte-vieille\/?vintage=2014#chateau-trottevieille\">2014<\/option>\r\n\t\t\t\t\t\t\t\t\t\t\t\t\t\t\t\t\t\t\t\t\t<option value=\"https:\/\/www.trottevieille.com\/es\/chateau-trotte-vieille\/?vintage=2013#chateau-trottevieille\">2013<\/option>\r\n\t\t\t\t\t\t\t\t\t\t\t\t\t\t\t\t\t\t\t\t\t<option value=\"https:\/\/www.trottevieille.com\/es\/chateau-trotte-vieille\/?vintage=2012#chateau-trottevieille\">2012<\/option>\r\n\t\t\t\t\t\t\t\t\t\t\t\t\t\t\t\t\t\t\t\t\t<option value=\"https:\/\/www.trottevieille.com\/es\/chateau-trotte-vieille\/?vintage=2011#chateau-trottevieille\">2011<\/option>\r\n\t\t\t\t\t\t\t\t\t\t\t\t\t\t\t\t\t\t\t\t\t<option value=\"https:\/\/www.trottevieille.com\/es\/chateau-trotte-vieille\/?vintage=2010#chateau-trottevieille\">2010<\/option>\r\n\t\t\t\t\t\t\t\t\t\t\t\t\t\t\t\t\t\t\t\t\t<option value=\"https:\/\/www.trottevieille.com\/es\/chateau-trotte-vieille\/?vintage=2009#chateau-trottevieille\">2009<\/option>\r\n\t\t\t\t\t\t\t\t\t\t\t\t\t\t\t\t\t\t\t\t\t<option value=\"https:\/\/www.trottevieille.com\/es\/chateau-trotte-vieille\/?vintage=2008#chateau-trottevieille\">2008<\/option>\r\n\t\t\t\t\t\t\t\t\t\t\t\t\t\t\t\t\t\t\t\t\t<option value=\"https:\/\/www.trottevieille.com\/es\/chateau-trotte-vieille\/?vintage=2007#chateau-trottevieille\">2007<\/option>\r\n\t\t\t\t\t\t\t\t\t\t\t\t\t\t\t\t\t\t\t\t\t<option value=\"https:\/\/www.trottevieille.com\/es\/chateau-trotte-vieille\/?vintage=2006#chateau-trottevieille\">2006<\/option>\r\n\t\t\t\t\t\t\t\t\t\t\t\t\t\t\t\t\t\t\t\t\t<option value=\"https:\/\/www.trottevieille.com\/es\/chateau-trotte-vieille\/?vintage=2005#chateau-trottevieille\">2005<\/option>\r\n\t\t\t\t\t\t\t\t\t\t\t\t\t\t\t\t\t\t\t\t\t<option value=\"https:\/\/www.trottevieille.com\/es\/chateau-trotte-vieille\/?vintage=2004#chateau-trottevieille\">2004<\/option>\r\n\t\t\t\t\t\t\t\t\t\t\t\t\t\t\t\t\t\t\t\t\t<option value=\"https:\/\/www.trottevieille.com\/es\/chateau-trotte-vieille\/?vintage=2003#chateau-trottevieille\">2003<\/option>\r\n\t\t\t\t\t\t\t\t\t\t\t\t\t\t\t\t\t\t\t\t\t<option value=\"https:\/\/www.trottevieille.com\/es\/chateau-trotte-vieille\/?vintage=2002#chateau-trottevieille\">2002<\/option>\r\n\t\t\t\t\t\t\t\t\t\t\t\t\t\t\t\t\t\t\t\t\t<option value=\"https:\/\/www.trottevieille.com\/es\/chateau-trotte-vieille\/?vintage=2001#chateau-trottevieille\">2001<\/option>\r\n\t\t\t\t\t\t\t\t\t\t\t\t\t\t\t\t\t\t\t\t\t<option value=\"https:\/\/www.trottevieille.com\/es\/chateau-trotte-vieille\/?vintage=2000#chateau-trottevieille\">2000<\/option>\r\n\t\t\t\t\t\t\t\t\t\t\t\t\t\t\t\t\t\t\t<\/select>\r\n\t\t\t\t\t\t\t\t<\/div><!-- \/.select -->\r\n\t\t\t\t\t\t\t<\/form>\r\n\t\t\t\t\t\t<\/div><!-- \/.article__actions -->\r\n\t\t\t\t\t\t\t\t<\/div><!-- \/.article__content-inner -->\r\n\t\t<\/div><!-- \/.article__content -->\r\n\r\n\t\t\t\t\t<div class=\"article-overlay\">\r\n\t\t\t\t<img loading=\"lazy\" decoding=\"async\" width=\"256\" height=\"1024\" src=\"https:\/\/www.trottevieille.com\/wp-content\/uploads\/2021\/11\/vin-1-big-256x1024.png\" class=\"attachment-large size-large\" alt=\"\" srcset=\"https:\/\/www.trottevieille.com\/wp-content\/uploads\/2021\/11\/vin-1-big-256x1024.png 256w, https:\/\/www.trottevieille.com\/wp-content\/uploads\/2021\/11\/vin-1-big-75x300.png 75w, https:\/\/www.trottevieille.com\/wp-content\/uploads\/2021\/11\/vin-1-big.png 350w\" sizes=\"(max-width: 256px) 100vw, 256px\" \/>\t\t\t<\/div><!-- \/.article-overlay -->\r\n\t\t\t<\/div><!-- \/.article-1of2 -->\r\n\t[\/vc_column][\/vc_row][vc_row full_height=\u00bbyes\u00bb columns_placement=\u00bbstretch\u00bb equal_height=\u00bbyes\u00bb content_placement=\u00bbmiddle\u00bb el_id=\u00bbsection-4&#8243; el_class=\u00bbvc_row_article vc_row_zindex\u00bb][vc_column]\t<div id=\"dame-de-trottevieille\" class=\"article-1of2 article--reversed visible\">\r\n\t\t\t\t\t<div class=\"article__image\"\r\n\t\t\t\tstyle=\"background-image: url(https:\/\/www.trottevieille.com\/wp-content\/uploads\/2021\/05\/image-30.jpg);\">\r\n\t\t\t<\/div><!-- \/.article__image -->\r\n\t\t\r\n\t\t<div class=\"article__content\">\r\n\t\t\t<div class=\"article__content-inner\">\r\n\t\t\t\t\t<h3><span style=\"color: #000000;\">Dame de TrotteVieille,<\/span><br \/>\n<span style=\"color: #000000;\">SEGUNDO VINO<\/span><br \/>\n<span style=\"color: #000000;\">DE CH\u00c2TEAU TROTTEVIEILLE<\/span><\/h3>\n<p>El segundo vino, de la denominaci\u00f3n Saint-\u00c9milion Grand Cru, es apreciado por su elegancia y armon\u00eda. Luce una capa color granate y un buqu\u00e9 rico, afrutado y floral con aromas de madera y caf\u00e9. En boca, este vino se muestra fresco, goloso, con taninos redondos y notas de frutos rojos. Al igual que el primer vino, posee un largo excelente.<\/p>\n\r\n\t\t\t\t\t\t\t\t\t\t\t<div class=\"article__actions\">\r\n\t\t\t\t\t\t\t<form action=\"?\" method=\"post\" class=\"form-select redirect\">\r\n\t\t\t\t\t\t\t\t<div class=\"select\">\r\n\t\t\t\t\t\t\t\t\t<label class=\"sr-only\" for=\"\">Choose a vintage<\/label>\r\n\r\n\t\t\t\t\t\t\t\t\t<select name=\"\" id=\"\">\r\n\t\t\t\t\t\t\t\t\t\t<option value=\"\">Choose a vintage<\/option>\r\n\t\t\t\t\t\t\t\t\t\t\t\t\t\t\t\t\t\t\t\t\t<option value=\"https:\/\/www.trottevieille.com\/es\/dame-de-trotte-vieille\/?vintage=2017#dame-de-trottevieille\">2017<\/option>\r\n\t\t\t\t\t\t\t\t\t\t\t\t\t\t\t\t\t\t\t\t\t<option value=\"https:\/\/www.trottevieille.com\/es\/dame-de-trotte-vieille\/?vintage=2016#dame-de-trottevieille\">2016<\/option>\r\n\t\t\t\t\t\t\t\t\t\t\t\t\t\t\t\t\t\t\t\t\t<option value=\"https:\/\/www.trottevieille.com\/es\/dame-de-trotte-vieille\/?vintage=2015#dame-de-trottevieille\">2015<\/option>\r\n\t\t\t\t\t\t\t\t\t\t\t\t\t\t\t\t\t\t\t\t\t<option value=\"https:\/\/www.trottevieille.com\/es\/dame-de-trotte-vieille\/?vintage=2014#dame-de-trottevieille\">2014<\/option>\r\n\t\t\t\t\t\t\t\t\t\t\t\t\t\t\t\t\t\t\t\t\t<option value=\"https:\/\/www.trottevieille.com\/es\/dame-de-trotte-vieille\/?vintage=2013#dame-de-trottevieille\">2013<\/option>\r\n\t\t\t\t\t\t\t\t\t\t\t\t\t\t\t\t\t\t\t\t\t<option value=\"https:\/\/www.trottevieille.com\/es\/dame-de-trotte-vieille\/?vintage=2012#dame-de-trottevieille\">2012<\/option>\r\n\t\t\t\t\t\t\t\t\t\t\t\t\t\t\t\t\t\t\t\t\t<option value=\"https:\/\/www.trottevieille.com\/es\/dame-de-trotte-vieille\/?vintage=2011#dame-de-trottevieille\">2011<\/option>\r\n\t\t\t\t\t\t\t\t\t\t\t\t\t\t\t\t\t\t\t<\/select>\r\n\t\t\t\t\t\t\t\t<\/div><!-- \/.select -->\r\n\t\t\t\t\t\t\t<\/form>\r\n\t\t\t\t\t\t<\/div><!-- \/.article__actions -->\r\n\t\t\t\t\t\t\t\t<\/div><!-- \/.article__content-inner -->\r\n\t\t<\/div><!-- \/.article__content -->\r\n\r\n\t\t\t\t\t<div class=\"article-overlay\">\r\n\t\t\t\t<img loading=\"lazy\" decoding=\"async\" width=\"259\" height=\"1024\" src=\"https:\/\/www.trottevieille.com\/wp-content\/uploads\/2021\/11\/vin2-big-259x1024.png\" class=\"attachment-large size-large\" alt=\"\" srcset=\"https:\/\/www.trottevieille.com\/wp-content\/uploads\/2021\/11\/vin2-big-259x1024.png 259w, https:\/\/www.trottevieille.com\/wp-content\/uploads\/2021\/11\/vin2-big-76x300.png 76w, https:\/\/www.trottevieille.com\/wp-content\/uploads\/2021\/11\/vin2-big.png 304w\" sizes=\"(max-width: 259px) 100vw, 259px\" \/>\t\t\t<\/div><!-- \/.article-overlay -->\r\n\t\t\t<\/div><!-- \/.article-1of2 -->\r\n\t[\/vc_column][\/vc_row][vc_row el_class=\u00bbvc_row_map_title\u00bb][vc_column][vc_row_inner][vc_column_inner][vc_column_text]\n<h3 style=\"text-align: center;\"><span style=\"color: #000000;\">D\u00d3NDE ENCONTRAR NUESTROS VINOS<\/span><\/h3>\n[\/vc_column_text][\/vc_column_inner][\/vc_row_inner]\t<section class=\"section-locations\">\r\n\t\t<div class=\"section__content section__content--full-width\">\r\n\t\t\t<div class=\"map map-vue\">\r\n\t\t\t\t<div id=\"map-1\" class=\"map__inner\" data-lat=\"44.841536\" data-lng=\"-0.570872\" data-marker=\"https:\/\/www.trottevieille.com\/wp-content\/themes\/chateau-trottevieille\/resources\/images\/pin-new-yellow.png\"><\/div><!-- \/.map__inner -->\r\n\t\t\t<\/div><!-- \/.map -->\r\n\t\t<\/div><!-- \/.section__content -->\r\n\r\n\t\t<aside class=\"section__aside hidden\">\r\n\t\t\t<h1>\r\n\t\t\t\t\t<a href=\"https:\/\/www.trottevieille.com\/es\/\" class=\"intro-logo\">\r\n\t\t<img loading=\"lazy\" decoding=\"async\" width=\"516\" height=\"366\" src=\"https:\/\/www.trottevieille.com\/wp-content\/uploads\/2021\/12\/logo.png\" class=\"aligncenter logo-desktop\" alt=\"\" srcset=\"https:\/\/www.trottevieille.com\/wp-content\/uploads\/2021\/12\/logo.png 516w, https:\/\/www.trottevieille.com\/wp-content\/uploads\/2021\/12\/logo-300x213.png 300w\" sizes=\"(max-width: 516px) 100vw, 516px\" \/><img loading=\"lazy\" decoding=\"async\" width=\"516\" height=\"366\" src=\"https:\/\/www.trottevieille.com\/wp-content\/uploads\/2021\/12\/logo.png\" class=\"aligncenter logo-mobile\" alt=\"\" srcset=\"https:\/\/www.trottevieille.com\/wp-content\/uploads\/2021\/12\/logo.png 516w, https:\/\/www.trottevieille.com\/wp-content\/uploads\/2021\/12\/logo-300x213.png 300w\" sizes=\"(max-width: 516px) 100vw, 516px\" \/>\t<\/a>\r\n\t\t\t\t<\/h1>\r\n\t\t\t<div id=\"locations\"><\/div><!-- \/#locations -->\r\n\t\t<\/aside><!-- \/.section__aside -->\r\n\t<\/section><!-- \/.section-locations -->\r\n\r\n\t[\/vc_column][\/vc_row]\n<\/div>","protected":false},"excerpt":{"rendered":"<p>[vc_row full_height=\u00bbyes\u00bb columns_placement=\u00bbstretch\u00bb equal_height=\u00bbyes\u00bb content_placement=\u00bbmiddle\u00bb css=\u00bb.vc_custom_1588065039332{background-position: center !important;background-repeat: no-repeat !important;background-size: cover !important;}\u00bb el_id=\u00bbsection-1&#8243;][vc_column css_animation=\u00bbnone\u00bb][\/vc_column][\/vc_row][vc_row full_height=\u00bbyes\u00bb equal_height=\u00bbyes\u00bb css_animation=\u00bbfadeInUp\u00bb el_class=\u00bbvc_row_text\u00bb el_id=\u00bbsection-2&#8243;][vc_column][vc_column_text] LOS VINOS DE SAINT-\u00c9MILION Los vinos de Saint-\u00c9milion son (&#8230;)<\/p>\n","protected":false},"author":5,"featured_media":0,"parent":0,"menu_order":0,"comment_status":"closed","ping_status":"closed","template":"","meta":{"footnotes":""},"class_list":["post-5638","page","type-page","status-publish","hentry"],"yoast_head":"<!-- This site is optimized with the Yoast SEO plugin v23.7 - https:\/\/yoast.com\/wordpress\/plugins\/seo\/ -->\n<title>Los vinos - Ch\u00e2teau TrotteVieille<\/title>\n<meta name=\"description\" content=\"Los vinos de Saint-\u00c9milion son ricos y diversos.Generalmente, se caracterizan por una capa de color rub\u00ed con reflejos granates.\" \/>\n<meta name=\"robots\" content=\"index, follow, max-snippet:-1, max-image-preview:large, max-video-preview:-1\" \/>\n<link rel=\"canonical\" href=\"https:\/\/www.trottevieille.com\/es\/les-vins\/\" \/>\n<meta property=\"og:locale\" content=\"es_ES\" \/>\n<meta property=\"og:type\" content=\"article\" \/>\n<meta property=\"og:title\" content=\"Los vinos - Ch\u00e2teau TrotteVieille\" \/>\n<meta property=\"og:description\" content=\"Los vinos de Saint-\u00c9milion son ricos y diversos.Generalmente, se caracterizan por una capa de color rub\u00ed con reflejos granates.\" \/>\n<meta property=\"og:url\" content=\"https:\/\/www.trottevieille.com\/es\/les-vins\/\" \/>\n<meta property=\"og:site_name\" content=\"Ch\u00e2teau TrotteVieille\" \/>\n<meta property=\"article:modified_time\" content=\"2022-06-14T13:05:03+00:00\" \/>\n<meta name=\"twitter:card\" content=\"summary_large_image\" \/>\n<meta name=\"twitter:label1\" content=\"Tiempo de lectura\" \/>\n\t<meta name=\"twitter:data1\" content=\"1 minuto\" \/>\n<script type=\"application\/ld+json\" class=\"yoast-schema-graph\">{\"@context\":\"https:\/\/schema.org\",\"@graph\":[{\"@type\":\"WebPage\",\"@id\":\"https:\/\/www.trottevieille.com\/es\/les-vins\/\",\"url\":\"https:\/\/www.trottevieille.com\/es\/les-vins\/\",\"name\":\"Los vinos - Ch\u00e2teau TrotteVieille\",\"isPartOf\":{\"@id\":\"https:\/\/www.trottevieille.com\/es\/#website\"},\"datePublished\":\"2020-04-28T07:33:20+00:00\",\"dateModified\":\"2022-06-14T13:05:03+00:00\",\"description\":\"Los vinos de Saint-\u00c9milion son ricos y diversos.Generalmente, se caracterizan por una capa de color rub\u00ed con reflejos granates.\",\"breadcrumb\":{\"@id\":\"https:\/\/www.trottevieille.com\/es\/les-vins\/#breadcrumb\"},\"inLanguage\":\"es\",\"potentialAction\":[{\"@type\":\"ReadAction\",\"target\":[\"https:\/\/www.trottevieille.com\/es\/les-vins\/\"]}]},{\"@type\":\"BreadcrumbList\",\"@id\":\"https:\/\/www.trottevieille.com\/es\/les-vins\/#breadcrumb\",\"itemListElement\":[{\"@type\":\"ListItem\",\"position\":1,\"name\":\"Accueil\",\"item\":\"https:\/\/www.trottevieille.com\/es\/\"},{\"@type\":\"ListItem\",\"position\":2,\"name\":\"Los vinos\"}]},{\"@type\":\"WebSite\",\"@id\":\"https:\/\/www.trottevieille.com\/es\/#website\",\"url\":\"https:\/\/www.trottevieille.com\/es\/\",\"name\":\"Ch\u00e2teau TrotteVieille\",\"description\":\"Premier grand cru class\u00e9 de Saint-\u00c9milion\",\"potentialAction\":[{\"@type\":\"SearchAction\",\"target\":{\"@type\":\"EntryPoint\",\"urlTemplate\":\"https:\/\/www.trottevieille.com\/es\/?s={search_term_string}\"},\"query-input\":{\"@type\":\"PropertyValueSpecification\",\"valueRequired\":true,\"valueName\":\"search_term_string\"}}],\"inLanguage\":\"es\"}]}<\/script>\n<!-- \/ Yoast SEO plugin. -->","yoast_head_json":{"title":"Los vinos - Ch\u00e2teau TrotteVieille","description":"Los vinos de Saint-\u00c9milion son ricos y diversos.Generalmente, se caracterizan por una capa de color rub\u00ed con reflejos granates.","robots":{"index":"index","follow":"follow","max-snippet":"max-snippet:-1","max-image-preview":"max-image-preview:large","max-video-preview":"max-video-preview:-1"},"canonical":"https:\/\/www.trottevieille.com\/es\/les-vins\/","og_locale":"es_ES","og_type":"article","og_title":"Los vinos - Ch\u00e2teau TrotteVieille","og_description":"Los vinos de Saint-\u00c9milion son ricos y diversos.Generalmente, se caracterizan por una capa de color rub\u00ed con reflejos granates.","og_url":"https:\/\/www.trottevieille.com\/es\/les-vins\/","og_site_name":"Ch\u00e2teau TrotteVieille","article_modified_time":"2022-06-14T13:05:03+00:00","twitter_card":"summary_large_image","twitter_misc":{"Tiempo de lectura":"1 minuto"},"schema":{"@context":"https:\/\/schema.org","@graph":[{"@type":"WebPage","@id":"https:\/\/www.trottevieille.com\/es\/les-vins\/","url":"https:\/\/www.trottevieille.com\/es\/les-vins\/","name":"Los vinos - Ch\u00e2teau TrotteVieille","isPartOf":{"@id":"https:\/\/www.trottevieille.com\/es\/#website"},"datePublished":"2020-04-28T07:33:20+00:00","dateModified":"2022-06-14T13:05:03+00:00","description":"Los vinos de Saint-\u00c9milion son ricos y diversos.Generalmente, se caracterizan por una capa de color rub\u00ed con reflejos granates.","breadcrumb":{"@id":"https:\/\/www.trottevieille.com\/es\/les-vins\/#breadcrumb"},"inLanguage":"es","potentialAction":[{"@type":"ReadAction","target":["https:\/\/www.trottevieille.com\/es\/les-vins\/"]}]},{"@type":"BreadcrumbList","@id":"https:\/\/www.trottevieille.com\/es\/les-vins\/#breadcrumb","itemListElement":[{"@type":"ListItem","position":1,"name":"Accueil","item":"https:\/\/www.trottevieille.com\/es\/"},{"@type":"ListItem","position":2,"name":"Los vinos"}]},{"@type":"WebSite","@id":"https:\/\/www.trottevieille.com\/es\/#website","url":"https:\/\/www.trottevieille.com\/es\/","name":"Ch\u00e2teau TrotteVieille","description":"Premier grand cru class\u00e9 de Saint-\u00c9milion","potentialAction":[{"@type":"SearchAction","target":{"@type":"EntryPoint","urlTemplate":"https:\/\/www.trottevieille.com\/es\/?s={search_term_string}"},"query-input":{"@type":"PropertyValueSpecification","valueRequired":true,"valueName":"search_term_string"}}],"inLanguage":"es"}]}},"_links":{"self":[{"href":"https:\/\/www.trottevieille.com\/es\/wp-json\/wp\/v2\/pages\/5638"}],"collection":[{"href":"https:\/\/www.trottevieille.com\/es\/wp-json\/wp\/v2\/pages"}],"about":[{"href":"https:\/\/www.trottevieille.com\/es\/wp-json\/wp\/v2\/types\/page"}],"author":[{"embeddable":true,"href":"https:\/\/www.trottevieille.com\/es\/wp-json\/wp\/v2\/users\/5"}],"replies":[{"embeddable":true,"href":"https:\/\/www.trottevieille.com\/es\/wp-json\/wp\/v2\/comments?post=5638"}],"version-history":[{"count":0,"href":"https:\/\/www.trottevieille.com\/es\/wp-json\/wp\/v2\/pages\/5638\/revisions"}],"wp:attachment":[{"href":"https:\/\/www.trottevieille.com\/es\/wp-json\/wp\/v2\/media?parent=5638"}],"curies":[{"name":"wp","href":"https:\/\/api.w.org\/{rel}","templated":true}]}}