{"id":5586,"date":"2020-03-09T16:42:16","date_gmt":"2020-03-09T15:42:16","guid":{"rendered":"https:\/\/www.trottevieille.com\/equipe-du-chateau\/"},"modified":"2024-07-19T10:24:55","modified_gmt":"2024-07-19T08:24:55","slug":"equipe-du-chateau","status":"publish","type":"page","link":"https:\/\/www.trottevieille.com\/es\/equipe-du-chateau\/","title":{"rendered":"El equipo"},"content":{"rendered":"<div class=\"wpb-content-wrapper\">[vc_row full_height=\u00bbyes\u00bb columns_placement=\u00bbstretch\u00bb el_class=\u00bbvc_row_intro\u00bb css=\u00bb.vc_custom_1622104495866{background-image: url(https:\/\/www.trottevieille.com\/wp-content\/uploads\/2021\/05\/intro-image-3.jpg?id=2964) !important;background-position: center !important;background-repeat: no-repeat !important;background-size: cover !important;}\u00bb el_id=\u00bbsection-1&#8243;][vc_column][vc_column_text]\t<p>\r\n\t\t<a href=\"https:\/\/www.trottevieille.com\/es\/\" class=\"intro-logo\">\r\n\t\t\t<img loading=\"lazy\" decoding=\"async\" width=\"516\" height=\"366\" src=\"https:\/\/www.trottevieille.com\/wp-content\/uploads\/2021\/05\/logo.png\" class=\"aligncenter logo-desktop\" alt=\"\" srcset=\"https:\/\/www.trottevieille.com\/wp-content\/uploads\/2021\/05\/logo.png 516w, https:\/\/www.trottevieille.com\/wp-content\/uploads\/2021\/05\/logo-300x213.png 300w\" sizes=\"(max-width: 516px) 100vw, 516px\" \/><img loading=\"lazy\" decoding=\"async\" width=\"516\" height=\"366\" src=\"https:\/\/www.trottevieille.com\/wp-content\/uploads\/2021\/05\/logo.png\" class=\"aligncenter logo-mobile\" alt=\"\" srcset=\"https:\/\/www.trottevieille.com\/wp-content\/uploads\/2021\/05\/logo.png 516w, https:\/\/www.trottevieille.com\/wp-content\/uploads\/2021\/05\/logo-300x213.png 300w\" sizes=\"(max-width: 516px) 100vw, 516px\" \/>\t\t<\/a>\r\n\t<\/p>\r\n\t\n<h1 style=\"text-align: center;\"><span style=\"color: #ffffff;\">EL EQUIPO<\/span><\/h1>\n[\/vc_column_text][\/vc_column][\/vc_row][vc_row full_height=\u00bbyes\u00bb equal_height=\u00bbyes\u00bb content_placement=\u00bbmiddle\u00bb el_id=\u00bbsection-2&#8243; el_class=\u00bbvc_row_image_grid\u00bb][vc_column css_animation=\u00bbfadeInLeft\u00bb width=\u00bb1\/2&#8243;][vc_column_text]\n<h2><span style=\"color: #000000;\">UN EQUIPO MUY UNIDO&#8230;<\/span><\/h2>\n<p>En los a\u00f1os \u201880, Philippe Cast\u00e9ja asumi\u00f3 la direcci\u00f3n de TrotteVieille. Est\u00e1 rodeado por 6 empleados en el Ch\u00e2teau, 3 empleados en las oficinas.<\/p>\n<p>Christophe Dussutour es administrador desde 1999. Trabaja a diario con el Maestro de bodega, Val\u00e9rio Mortari, que se incorpor\u00f3 en el 2018. Elena Nguyen se uni\u00f3 al equipo en 2023 para desarrollar el enoturismo.<\/p>\n<p>Thierry Ruban, que se incorpor\u00f3 en 1994, es el director administrativo; Marie Leuret y B\u00e9atrice Frapp\u00e9, que se incorporaron en 2018, le asisten en sus funciones.[\/vc_column_text][\/vc_column][vc_column css_animation=\u00bbfadeInRight\u00bb width=\u00bb1\/2&#8243; el_class=\u00bbvc_column_images grid-image-3&#8243;][vc_column_text]<img loading=\"lazy\" decoding=\"async\" class=\"alignnone wp-image-5599 size-full\" src=\"https:\/\/www.trottevieille.com\/wp-content\/uploads\/2021\/11\/THIERRY-RUBAN-REMPLACER-A-LA-PLACE-DE-PHILIPPE-CASTEJA.jpg\" alt=\"\" width=\"463\" height=\"700\" srcset=\"https:\/\/www.trottevieille.com\/wp-content\/uploads\/2021\/11\/THIERRY-RUBAN-REMPLACER-A-LA-PLACE-DE-PHILIPPE-CASTEJA.jpg 463w, https:\/\/www.trottevieille.com\/wp-content\/uploads\/2021\/11\/THIERRY-RUBAN-REMPLACER-A-LA-PLACE-DE-PHILIPPE-CASTEJA-198x300.jpg 198w\" sizes=\"(max-width: 463px) 100vw, 463px\" \/><img loading=\"lazy\" decoding=\"async\" class=\"alignnone wp-image-6348\" src=\"https:\/\/www.trottevieille.com\/wp-content\/uploads\/2023\/10\/\u00a9-Miguel-Ramos_MRA4615_WEB-2500px_72DPI-2-e1709116303202-691x1024.jpg\" alt=\"\" width=\"463\" height=\"686\" srcset=\"https:\/\/www.trottevieille.com\/wp-content\/uploads\/2023\/10\/\u00a9-Miguel-Ramos_MRA4615_WEB-2500px_72DPI-2-e1709116303202-691x1024.jpg 691w, https:\/\/www.trottevieille.com\/wp-content\/uploads\/2023\/10\/\u00a9-Miguel-Ramos_MRA4615_WEB-2500px_72DPI-2-e1709116303202-202x300.jpg 202w, https:\/\/www.trottevieille.com\/wp-content\/uploads\/2023\/10\/\u00a9-Miguel-Ramos_MRA4615_WEB-2500px_72DPI-2-e1709116303202-768x1138.jpg 768w, https:\/\/www.trottevieille.com\/wp-content\/uploads\/2023\/10\/\u00a9-Miguel-Ramos_MRA4615_WEB-2500px_72DPI-2-e1709116303202-1036x1536.jpg 1036w, https:\/\/www.trottevieille.com\/wp-content\/uploads\/2023\/10\/\u00a9-Miguel-Ramos_MRA4615_WEB-2500px_72DPI-2-e1709116303202.jpg 1265w\" sizes=\"(max-width: 463px) 100vw, 463px\" \/><img loading=\"lazy\" decoding=\"async\" class=\"alignnone wp-image-5601 size-full\" src=\"https:\/\/www.trottevieille.com\/wp-content\/uploads\/2021\/11\/7H0A1108.jpg\" alt=\"\" width=\"463\" height=\"699\" srcset=\"https:\/\/www.trottevieille.com\/wp-content\/uploads\/2021\/11\/7H0A1108.jpg 463w, https:\/\/www.trottevieille.com\/wp-content\/uploads\/2021\/11\/7H0A1108-199x300.jpg 199w\" sizes=\"(max-width: 463px) 100vw, 463px\" \/><img loading=\"lazy\" decoding=\"async\" class=\"alignnone wp-image-5602 size-full\" src=\"https:\/\/www.trottevieille.com\/wp-content\/uploads\/2021\/11\/7H0A1892.jpg\" alt=\"\" width=\"471\" height=\"713\" srcset=\"https:\/\/www.trottevieille.com\/wp-content\/uploads\/2021\/11\/7H0A1892.jpg 471w, https:\/\/www.trottevieille.com\/wp-content\/uploads\/2021\/11\/7H0A1892-198x300.jpg 198w\" sizes=\"(max-width: 471px) 100vw, 471px\" \/>[\/vc_column_text][\/vc_column][\/vc_row][vc_row full_height=\u00bbyes\u00bb equal_height=\u00bbyes\u00bb content_placement=\u00bbmiddle\u00bb el_id=\u00bbsection-3&#8243; el_class=\u00bbvc_row_images\u00bb css=\u00bb.vc_custom_1622106686615{background-color: #f7f7f7 !important;}\u00bb][vc_column css_animation=\u00bbfadeInLeft\u00bb width=\u00bb7\/12&#8243; el_class=\u00bbvc_column_images\u00bb][vc_column_text]<img loading=\"lazy\" decoding=\"async\" class=\"alignnone wp-image-5598 size-full\" src=\"https:\/\/www.trottevieille.com\/wp-content\/uploads\/2021\/09\/Axel-Marchal_bloc.png\" alt=\"\" width=\"225\" height=\"340\" srcset=\"https:\/\/www.trottevieille.com\/wp-content\/uploads\/2021\/09\/Axel-Marchal_bloc.png 225w, https:\/\/www.trottevieille.com\/wp-content\/uploads\/2021\/09\/Axel-Marchal_bloc-199x300.png 199w\" sizes=\"(max-width: 225px) 100vw, 225px\" \/><img loading=\"lazy\" decoding=\"async\" class=\"alignnone size-full wp-image-5591\" src=\"https:\/\/www.trottevieille.com\/wp-content\/uploads\/2021\/05\/image-23.jpg\" alt=\"\" width=\"225\" height=\"341\" srcset=\"https:\/\/www.trottevieille.com\/wp-content\/uploads\/2021\/05\/image-23.jpg 225w, https:\/\/www.trottevieille.com\/wp-content\/uploads\/2021\/05\/image-23-198x300.jpg 198w\" sizes=\"(max-width: 225px) 100vw, 225px\" \/><img loading=\"lazy\" decoding=\"async\" class=\"alignnone size-full wp-image-5592\" src=\"https:\/\/www.trottevieille.com\/wp-content\/uploads\/2021\/05\/image-24.jpg\" alt=\"\" width=\"226\" height=\"341\" srcset=\"https:\/\/www.trottevieille.com\/wp-content\/uploads\/2021\/05\/image-24.jpg 226w, https:\/\/www.trottevieille.com\/wp-content\/uploads\/2021\/05\/image-24-199x300.jpg 199w\" sizes=\"(max-width: 226px) 100vw, 226px\" \/>[\/vc_column_text][\/vc_column][vc_column css_animation=\u00bbfadeInRight\u00bb width=\u00bb5\/12&#8243; css=\u00bb.vc_custom_1622105856654{background-position: center !important;background-repeat: no-repeat !important;background-size: cover !important;}\u00bb][vc_column_text]\n<h2><span style=\"color: #000000;\">\u2026 ACOMPA\u00d1ADO POR<\/span><br \/>\n<span style=\"color: #000000;\">TRES EN\u00d3LOGOS ASESORES<\/span><br \/>\n<span style=\"color: #000000;\">DE GRAN PRESTIGIO<\/span><\/h2>\n<p>Para perfeccionar sus vinos, la familia Cast\u00e9ja cuenta desde 2011 con Thomas Duclos, en\u00f3logo asociado de la empresa de asesoramiento y an\u00e1lisis enol\u00f3gicos Oenoteam, que trabaja en estrecha colaboraci\u00f3n con los equipos para acompa\u00f1ar el desarrollo de la identidad del Ch\u00e2teau TrotteVieille.<\/p>\n<p>El equipo tambi\u00e9n ha contado con Val\u00e9rie Lavigne, profesora-investigadora de la Facultad de Enolog\u00eda de Burdeos y formadora del CIVB, y con Axel Marchal, profesor del Instituto de Ciencias y de la Vid, desde hace cinco a\u00f1os.[\/vc_column_text][\/vc_column][\/vc_row]\n<\/div>","protected":false},"excerpt":{"rendered":"<p>[vc_row full_height=\u00bbyes\u00bb columns_placement=\u00bbstretch\u00bb el_class=\u00bbvc_row_intro\u00bb css=\u00bb.vc_custom_1622104495866{background-image: url(https:\/\/www.trottevieille.com\/wp-content\/uploads\/2021\/05\/intro-image-3.jpg?id=2964) !important;background-position: center !important;background-repeat: no-repeat !important;background-size: cover !important;}\u00bb el_id=\u00bbsection-1&#8243;][vc_column][vc_column_text] EL EQUIPO [\/vc_column_text][\/vc_column][\/vc_row][vc_row full_height=\u00bbyes\u00bb equal_height=\u00bbyes\u00bb content_placement=\u00bbmiddle\u00bb el_id=\u00bbsection-2&#8243; el_class=\u00bbvc_row_image_grid\u00bb][vc_column css_animation=\u00bbfadeInLeft\u00bb width=\u00bb1\/2&#8243;][vc_column_text] UN EQUIPO MUY UNIDO&#8230; (&#8230;)<\/p>\n","protected":false},"author":5,"featured_media":0,"parent":0,"menu_order":0,"comment_status":"closed","ping_status":"closed","template":"","meta":{"footnotes":""},"class_list":["post-5586","page","type-page","status-publish","hentry"],"yoast_head":"<!-- This site is optimized with the Yoast SEO plugin v23.7 - https:\/\/yoast.com\/wordpress\/plugins\/seo\/ -->\n<title>Ch\u00e2teau TrotteVieille - El Equipo<\/title>\n<meta name=\"description\" content=\"En los a\u00f1os \u201880, Philippe Cast\u00e9ja asumi\u00f3 la direcci\u00f3n de TrotteVieille. Est\u00e1 rodeado por 6 empleados en el Ch\u00e2teau, 3 empleados....\" \/>\n<meta name=\"robots\" content=\"index, follow, max-snippet:-1, max-image-preview:large, max-video-preview:-1\" \/>\n<link rel=\"canonical\" href=\"https:\/\/www.trottevieille.com\/es\/equipe-du-chateau\/\" \/>\n<meta property=\"og:locale\" content=\"es_ES\" \/>\n<meta property=\"og:type\" content=\"article\" \/>\n<meta property=\"og:title\" content=\"Ch\u00e2teau TrotteVieille - El Equipo\" \/>\n<meta property=\"og:description\" content=\"En los a\u00f1os \u201880, Philippe Cast\u00e9ja asumi\u00f3 la direcci\u00f3n de TrotteVieille. Est\u00e1 rodeado por 6 empleados en el Ch\u00e2teau, 3 empleados....\" \/>\n<meta property=\"og:url\" content=\"https:\/\/www.trottevieille.com\/es\/equipe-du-chateau\/\" \/>\n<meta property=\"og:site_name\" content=\"Ch\u00e2teau TrotteVieille\" \/>\n<meta property=\"article:modified_time\" content=\"2024-07-19T08:24:55+00:00\" \/>\n<meta property=\"og:image\" content=\"https:\/\/www.trottevieille.com\/wp-content\/uploads\/2021\/11\/THIERRY-RUBAN-REMPLACER-A-LA-PLACE-DE-PHILIPPE-CASTEJA.jpg\" \/>\n<meta name=\"twitter:card\" content=\"summary_large_image\" \/>\n<meta name=\"twitter:label1\" content=\"Tiempo de lectura\" \/>\n\t<meta name=\"twitter:data1\" content=\"3 minutos\" \/>\n<script type=\"application\/ld+json\" class=\"yoast-schema-graph\">{\"@context\":\"https:\/\/schema.org\",\"@graph\":[{\"@type\":\"WebPage\",\"@id\":\"https:\/\/www.trottevieille.com\/es\/equipe-du-chateau\/\",\"url\":\"https:\/\/www.trottevieille.com\/es\/equipe-du-chateau\/\",\"name\":\"Ch\u00e2teau TrotteVieille - El Equipo\",\"isPartOf\":{\"@id\":\"https:\/\/www.trottevieille.com\/es\/#website\"},\"primaryImageOfPage\":{\"@id\":\"https:\/\/www.trottevieille.com\/es\/equipe-du-chateau\/#primaryimage\"},\"image\":{\"@id\":\"https:\/\/www.trottevieille.com\/es\/equipe-du-chateau\/#primaryimage\"},\"thumbnailUrl\":\"https:\/\/www.trottevieille.com\/wp-content\/uploads\/2021\/11\/THIERRY-RUBAN-REMPLACER-A-LA-PLACE-DE-PHILIPPE-CASTEJA.jpg\",\"datePublished\":\"2020-03-09T15:42:16+00:00\",\"dateModified\":\"2024-07-19T08:24:55+00:00\",\"description\":\"En los a\u00f1os \u201880, Philippe Cast\u00e9ja asumi\u00f3 la direcci\u00f3n de TrotteVieille. Est\u00e1 rodeado por 6 empleados en el Ch\u00e2teau, 3 empleados....\",\"breadcrumb\":{\"@id\":\"https:\/\/www.trottevieille.com\/es\/equipe-du-chateau\/#breadcrumb\"},\"inLanguage\":\"es\",\"potentialAction\":[{\"@type\":\"ReadAction\",\"target\":[\"https:\/\/www.trottevieille.com\/es\/equipe-du-chateau\/\"]}]},{\"@type\":\"ImageObject\",\"inLanguage\":\"es\",\"@id\":\"https:\/\/www.trottevieille.com\/es\/equipe-du-chateau\/#primaryimage\",\"url\":\"https:\/\/www.trottevieille.com\/wp-content\/uploads\/2021\/11\/THIERRY-RUBAN-REMPLACER-A-LA-PLACE-DE-PHILIPPE-CASTEJA.jpg\",\"contentUrl\":\"https:\/\/www.trottevieille.com\/wp-content\/uploads\/2021\/11\/THIERRY-RUBAN-REMPLACER-A-LA-PLACE-DE-PHILIPPE-CASTEJA.jpg\"},{\"@type\":\"BreadcrumbList\",\"@id\":\"https:\/\/www.trottevieille.com\/es\/equipe-du-chateau\/#breadcrumb\",\"itemListElement\":[{\"@type\":\"ListItem\",\"position\":1,\"name\":\"Accueil\",\"item\":\"https:\/\/www.trottevieille.com\/es\/\"},{\"@type\":\"ListItem\",\"position\":2,\"name\":\"El equipo\"}]},{\"@type\":\"WebSite\",\"@id\":\"https:\/\/www.trottevieille.com\/es\/#website\",\"url\":\"https:\/\/www.trottevieille.com\/es\/\",\"name\":\"Ch\u00e2teau TrotteVieille\",\"description\":\"Premier grand cru class\u00e9 de Saint-\u00c9milion\",\"potentialAction\":[{\"@type\":\"SearchAction\",\"target\":{\"@type\":\"EntryPoint\",\"urlTemplate\":\"https:\/\/www.trottevieille.com\/es\/?s={search_term_string}\"},\"query-input\":{\"@type\":\"PropertyValueSpecification\",\"valueRequired\":true,\"valueName\":\"search_term_string\"}}],\"inLanguage\":\"es\"}]}<\/script>\n<!-- \/ Yoast SEO plugin. -->","yoast_head_json":{"title":"Ch\u00e2teau TrotteVieille - El Equipo","description":"En los a\u00f1os \u201880, Philippe Cast\u00e9ja asumi\u00f3 la direcci\u00f3n de TrotteVieille. Est\u00e1 rodeado por 6 empleados en el Ch\u00e2teau, 3 empleados....","robots":{"index":"index","follow":"follow","max-snippet":"max-snippet:-1","max-image-preview":"max-image-preview:large","max-video-preview":"max-video-preview:-1"},"canonical":"https:\/\/www.trottevieille.com\/es\/equipe-du-chateau\/","og_locale":"es_ES","og_type":"article","og_title":"Ch\u00e2teau TrotteVieille - El Equipo","og_description":"En los a\u00f1os \u201880, Philippe Cast\u00e9ja asumi\u00f3 la direcci\u00f3n de TrotteVieille. Est\u00e1 rodeado por 6 empleados en el Ch\u00e2teau, 3 empleados....","og_url":"https:\/\/www.trottevieille.com\/es\/equipe-du-chateau\/","og_site_name":"Ch\u00e2teau TrotteVieille","article_modified_time":"2024-07-19T08:24:55+00:00","og_image":[{"url":"https:\/\/www.trottevieille.com\/wp-content\/uploads\/2021\/11\/THIERRY-RUBAN-REMPLACER-A-LA-PLACE-DE-PHILIPPE-CASTEJA.jpg"}],"twitter_card":"summary_large_image","twitter_misc":{"Tiempo de lectura":"3 minutos"},"schema":{"@context":"https:\/\/schema.org","@graph":[{"@type":"WebPage","@id":"https:\/\/www.trottevieille.com\/es\/equipe-du-chateau\/","url":"https:\/\/www.trottevieille.com\/es\/equipe-du-chateau\/","name":"Ch\u00e2teau TrotteVieille - El Equipo","isPartOf":{"@id":"https:\/\/www.trottevieille.com\/es\/#website"},"primaryImageOfPage":{"@id":"https:\/\/www.trottevieille.com\/es\/equipe-du-chateau\/#primaryimage"},"image":{"@id":"https:\/\/www.trottevieille.com\/es\/equipe-du-chateau\/#primaryimage"},"thumbnailUrl":"https:\/\/www.trottevieille.com\/wp-content\/uploads\/2021\/11\/THIERRY-RUBAN-REMPLACER-A-LA-PLACE-DE-PHILIPPE-CASTEJA.jpg","datePublished":"2020-03-09T15:42:16+00:00","dateModified":"2024-07-19T08:24:55+00:00","description":"En los a\u00f1os \u201880, Philippe Cast\u00e9ja asumi\u00f3 la direcci\u00f3n de TrotteVieille. Est\u00e1 rodeado por 6 empleados en el Ch\u00e2teau, 3 empleados....","breadcrumb":{"@id":"https:\/\/www.trottevieille.com\/es\/equipe-du-chateau\/#breadcrumb"},"inLanguage":"es","potentialAction":[{"@type":"ReadAction","target":["https:\/\/www.trottevieille.com\/es\/equipe-du-chateau\/"]}]},{"@type":"ImageObject","inLanguage":"es","@id":"https:\/\/www.trottevieille.com\/es\/equipe-du-chateau\/#primaryimage","url":"https:\/\/www.trottevieille.com\/wp-content\/uploads\/2021\/11\/THIERRY-RUBAN-REMPLACER-A-LA-PLACE-DE-PHILIPPE-CASTEJA.jpg","contentUrl":"https:\/\/www.trottevieille.com\/wp-content\/uploads\/2021\/11\/THIERRY-RUBAN-REMPLACER-A-LA-PLACE-DE-PHILIPPE-CASTEJA.jpg"},{"@type":"BreadcrumbList","@id":"https:\/\/www.trottevieille.com\/es\/equipe-du-chateau\/#breadcrumb","itemListElement":[{"@type":"ListItem","position":1,"name":"Accueil","item":"https:\/\/www.trottevieille.com\/es\/"},{"@type":"ListItem","position":2,"name":"El equipo"}]},{"@type":"WebSite","@id":"https:\/\/www.trottevieille.com\/es\/#website","url":"https:\/\/www.trottevieille.com\/es\/","name":"Ch\u00e2teau TrotteVieille","description":"Premier grand cru class\u00e9 de Saint-\u00c9milion","potentialAction":[{"@type":"SearchAction","target":{"@type":"EntryPoint","urlTemplate":"https:\/\/www.trottevieille.com\/es\/?s={search_term_string}"},"query-input":{"@type":"PropertyValueSpecification","valueRequired":true,"valueName":"search_term_string"}}],"inLanguage":"es"}]}},"_links":{"self":[{"href":"https:\/\/www.trottevieille.com\/es\/wp-json\/wp\/v2\/pages\/5586"}],"collection":[{"href":"https:\/\/www.trottevieille.com\/es\/wp-json\/wp\/v2\/pages"}],"about":[{"href":"https:\/\/www.trottevieille.com\/es\/wp-json\/wp\/v2\/types\/page"}],"author":[{"embeddable":true,"href":"https:\/\/www.trottevieille.com\/es\/wp-json\/wp\/v2\/users\/5"}],"replies":[{"embeddable":true,"href":"https:\/\/www.trottevieille.com\/es\/wp-json\/wp\/v2\/comments?post=5586"}],"version-history":[{"count":0,"href":"https:\/\/www.trottevieille.com\/es\/wp-json\/wp\/v2\/pages\/5586\/revisions"}],"wp:attachment":[{"href":"https:\/\/www.trottevieille.com\/es\/wp-json\/wp\/v2\/media?parent=5586"}],"curies":[{"name":"wp","href":"https:\/\/api.w.org\/{rel}","templated":true}]}}