{"id":6052,"date":"2023-06-06T13:55:25","date_gmt":"2023-06-06T11:55:25","guid":{"rendered":"https:\/\/www.trottevieille.com\/primeurs-2021-3\/"},"modified":"2026-04-21T10:58:18","modified_gmt":"2026-04-21T08:58:18","slug":"primeurs-2026","status":"publish","type":"page","link":"https:\/\/www.trottevieille.com\/en\/primeurs-2026\/","title":{"rendered":"Primeurs 2026"},"content":{"rendered":"<div class=\"wpb-content-wrapper\">[vc_row full_height=&#8221;yes&#8221; columns_placement=&#8221;stretch&#8221; css_animation=&#8221;none&#8221; el_id=&#8221;section-1&#8243; el_class=&#8221;vc_row_intro&#8221; css=&#8221;.vc_custom_1650637598783{background-image: url(https:\/\/www.trottevieille.com\/wp-content\/uploads\/2022\/04\/\u00a9JBNadeau_JBN_0564.jpg?id=4949) !important;background-position: center !important;background-repeat: no-repeat !important;background-size: cover !important;}&#8221;][vc_column][vc_column_text css=&#8221;&#8221;]\t<p>\r\n\t\t<a href=\"https:\/\/www.trottevieille.com\/en\/\" class=\"intro-logo\">\r\n\t\t\t<img loading=\"lazy\" decoding=\"async\" width=\"516\" height=\"366\" src=\"https:\/\/www.trottevieille.com\/wp-content\/uploads\/2021\/05\/logo.png\" class=\"aligncenter logo-desktop\" alt=\"\" srcset=\"https:\/\/www.trottevieille.com\/wp-content\/uploads\/2021\/05\/logo.png 516w, https:\/\/www.trottevieille.com\/wp-content\/uploads\/2021\/05\/logo-300x213.png 300w\" sizes=\"(max-width: 516px) 100vw, 516px\" \/><img loading=\"lazy\" decoding=\"async\" width=\"516\" height=\"366\" src=\"https:\/\/www.trottevieille.com\/wp-content\/uploads\/2021\/05\/logo.png\" class=\"aligncenter logo-mobile\" alt=\"\" srcset=\"https:\/\/www.trottevieille.com\/wp-content\/uploads\/2021\/05\/logo.png 516w, https:\/\/www.trottevieille.com\/wp-content\/uploads\/2021\/05\/logo-300x213.png 300w\" sizes=\"(max-width: 516px) 100vw, 516px\" \/>\t\t<\/a>\r\n\t<\/p>\r\n\t\n<h1 style=\"text-align: center;\"><span style=\"color: #ffffff;\">PRIMEURS 2026<\/span><\/h1>\n[\/vc_column_text][\/vc_column][\/vc_row][vc_row full_height=&#8221;yes&#8221; columns_placement=&#8221;stretch&#8221; equal_height=&#8221;yes&#8221; content_placement=&#8221;middle&#8221; el_id=&#8221;section-2&#8243; el_class=&#8221;vc_row_overlap vc_row_overlap_alt&#8221;][vc_column css_animation=&#8221;fadeInLeft&#8221; width=&#8221;7\/12&#8243;][vc_column_text css=&#8221;&#8221;]\n<h2>2025 VINTAGE: A PERFECT BALANCE<br \/>\nBETWEEN EARLY RIPENING AND FRESHNESS<\/h2>\n<p>The 2025 vintage is shaping up to be outstanding, marked by a mild and dry winter that allowed winter work to be carried out under excellent conditions.<\/p>\n<p>Following an early and even budburst, the spring\u2014both mild and dry\u2014helped limit disease pressure.<\/p>\n<p>Flowering, early and rapid, took place at the end of May under favourable climatic conditions.<\/p>\n<p>The summer, characterised by a significant water deficit, promoted an equally early and uniform veraison. Hot and dry conditions persisted until mid-August, before giving way to strong diurnal temperature variations, ideal for perfecting grape ripeness.<\/p>\n<p>Harvesting, extremely early and beginning in the very first days of September, took place under very favourable conditions.<\/p>\n<p>Vinification, carried out with a focus on freshness, has resulted in a wine with vibrant fruit, a deep colour, a beautiful freshness on the palate, and a long aromatic persistence[\/vc_column_text][\/vc_column][vc_column css_animation=&#8221;fadeInRight&#8221; width=&#8221;5\/12&#8243; css=&#8221;.vc_custom_1713519676161{background-image: url(https:\/\/www.trottevieille.com\/wp-content\/uploads\/2022\/04\/\u00a9JBNadeau_JBN_0504.jpg?id=4941) !important;background-position: center !important;background-repeat: no-repeat !important;background-size: cover !important;}&#8221;][\/vc_column][\/vc_row][vc_row content_placement=&#8221;middle&#8221; el_id=&#8221;section-3&#8243; css=&#8221;.vc_custom_1634815624655{background-color: #f8f7f7 !important;}&#8221; el_class=&#8221;vc_row_overlap vc_row_overlap_orangerie&#8221;][vc_column css_animation=&#8221;fadeInLeft&#8221; width=&#8221;5\/12&#8243; css=&#8221;.vc_custom_1634810659122{background-position: center !important;background-repeat: no-repeat !important;background-size: cover !important;}&#8221;][vc_single_image image=&#8221;6765&#8243; img_size=&#8221;full&#8221; css=&#8221;&#8221;][\/vc_column][vc_column css_animation=&#8221;fadeInRight&#8221; width=&#8221;7\/12&#8243;][vc_column_text css=&#8221;&#8221;]\n<h2><span style=\"color: #000000;\">CH\u00c2TEAU TROTTEVIEILLE 2025<\/span><\/h2>\n<p data-start=\"0\" data-end=\"322\">\u201cThe color shows very fine intensity. The striking freshness and aromatic complexity of this Trottevieille 2025 instantly captivate us. The delicacy of peony, smoky, and cocoa notes blends with more indulgent hints of blackcurrant and blueberry. A singular expression of a great Saint-\u00c9milion from the limestone plateau.<\/p>\n<p data-start=\"324\" data-end=\"521\">The palate fully lives up to its promise. The attack is smooth and beautifully fresh, evolving into a compact, crunchy texture that leads into a powerful, mellow, and \u0905\u0924\u094d\u092fremely flavorful finish.<\/p>\n<p data-start=\"523\" data-end=\"552\" data-is-last-node=\"\" data-is-only-node=\"\">A truly great Trottevieille.\u201d<\/p>\n<p>Val\u00e9rie Lavigne and Axel Marchal, Doctors of \u0152nology<\/p>\n<p><a href=\"https:\/\/www.trottevieille.com\/wp-content\/uploads\/2026\/04\/Fiche-Primeurs-TrotteVieille-2025-en_web.pdf\">Download the technical sheet.<\/a><br \/>\n<a href=\"https:\/\/www.trottevieille.com\/wp-content\/uploads\/2026\/04\/TROTTEVIEILLE-2025-MR-scaled.jpg\">Download the bottle image 75cl.<\/a><br \/>\n<a href=\"https:\/\/www.trottevieille.com\/wp-content\/uploads\/2026\/04\/Chateau_Trottevieille_2025-15.jpg\">Download the bottle image 2,25l.<\/a>[\/vc_column_text][\/vc_column][\/vc_row][vc_row content_placement=&#8221;middle&#8221; el_id=&#8221;section-4&#8243; el_class=&#8221;vc_row_primeurs2021_slider&#8221;][vc_column]\t<section class=\"section-slider-main\">\r\n\t\t\r\n\t\t<div class=\"slider-main\">\r\n\t\t\t<div class=\"slider__clip swiper-container\">\r\n\t\t\t\t<div class=\"slider__slides swiper-wrapper\">\r\n\t\t\t\t\t\t<div class=\"slider__slide swiper-slide\">\r\n\t\t<div class=\"slider__slide-image\"\r\n\t\tstyle=\"background-image: url(https:\/\/www.trottevieille.com\/wp-content\/uploads\/2022\/04\/\u00a9JBNadeau_JBN_0614.jpg);\">\r\n\t\t<\/div><!-- \/.slider__slide-image -->\r\n\r\n\t\t\t<\/div><!-- \/.slider__slide -->\r\n\t\t<div class=\"slider__slide swiper-slide\">\r\n\t\t<div class=\"slider__slide-image\"\r\n\t\tstyle=\"background-image: url(https:\/\/www.trottevieille.com\/wp-content\/uploads\/2022\/04\/\u00a9JBNadeau_JBN_0475-Modifier-2.jpg);\">\r\n\t\t<\/div><!-- \/.slider__slide-image -->\r\n\r\n\t\t\t<\/div><!-- \/.slider__slide -->\r\n\t\t<div class=\"slider__slide swiper-slide\">\r\n\t\t<div class=\"slider__slide-image\"\r\n\t\tstyle=\"background-image: url(https:\/\/www.trottevieille.com\/wp-content\/uploads\/2022\/04\/\u00a9JBNadeau_JBN_0403.jpg);\">\r\n\t\t<\/div><!-- \/.slider__slide-image -->\r\n\r\n\t\t\t<\/div><!-- \/.slider__slide -->\r\n\t\t<div class=\"slider__slide swiper-slide\">\r\n\t\t<div class=\"slider__slide-image\"\r\n\t\tstyle=\"background-image: url(https:\/\/www.trottevieille.com\/wp-content\/uploads\/2022\/04\/\u00a9JBNadeau_JBN_0428.jpg);\">\r\n\t\t<\/div><!-- \/.slider__slide-image -->\r\n\r\n\t\t\t<\/div><!-- \/.slider__slide -->\r\n\t\t<div class=\"slider__slide swiper-slide\">\r\n\t\t<div class=\"slider__slide-image\"\r\n\t\tstyle=\"background-image: url(https:\/\/www.trottevieille.com\/wp-content\/uploads\/2022\/04\/\u00a9JBNadeau_JBN_0525.jpg);\">\r\n\t\t<\/div><!-- \/.slider__slide-image -->\r\n\r\n\t\t\t<\/div><!-- \/.slider__slide -->\r\n\t\t<div class=\"slider__slide swiper-slide\">\r\n\t\t<div class=\"slider__slide-image\"\r\n\t\tstyle=\"background-image: url(https:\/\/www.trottevieille.com\/wp-content\/uploads\/2022\/04\/\u00a9JBNadeau_JBN_0331.jpg);\">\r\n\t\t<\/div><!-- \/.slider__slide-image -->\r\n\r\n\t\t\t<\/div><!-- \/.slider__slide -->\r\n\t\t<div class=\"slider__slide swiper-slide\">\r\n\t\t<div class=\"slider__slide-image\"\r\n\t\tstyle=\"background-image: url(https:\/\/www.trottevieille.com\/wp-content\/uploads\/2022\/04\/\u00a9JBNadeau_JBN_0320.jpg);\">\r\n\t\t<\/div><!-- \/.slider__slide-image -->\r\n\r\n\t\t\t<\/div><!-- \/.slider__slide -->\r\n\t\t<div class=\"slider__slide swiper-slide\">\r\n\t\t<div class=\"slider__slide-image\"\r\n\t\tstyle=\"background-image: url(https:\/\/www.trottevieille.com\/wp-content\/uploads\/2022\/04\/\u00a9JBNadeau_JBN_0390.jpg);\">\r\n\t\t<\/div><!-- \/.slider__slide-image -->\r\n\r\n\t\t\t<\/div><!-- \/.slider__slide -->\r\n\t\t<div class=\"slider__slide swiper-slide\">\r\n\t\t<div class=\"slider__slide-image\"\r\n\t\tstyle=\"background-image: url(https:\/\/www.trottevieille.com\/wp-content\/uploads\/2022\/04\/\u00a9JBNadeau_JBN_0350.jpg);\">\r\n\t\t<\/div><!-- \/.slider__slide-image -->\r\n\r\n\t\t\t<\/div><!-- \/.slider__slide -->\r\n\t\t<div class=\"slider__slide swiper-slide\">\r\n\t\t<div class=\"slider__slide-image\"\r\n\t\tstyle=\"background-image: url(https:\/\/www.trottevieille.com\/wp-content\/uploads\/2022\/04\/\u00a9JBNadeau_JBN_0307.jpg);\">\r\n\t\t<\/div><!-- \/.slider__slide-image -->\r\n\r\n\t\t\t<\/div><!-- \/.slider__slide -->\r\n\t\n\t\t\t\t<\/div><!-- \/.slider__slides -->\r\n\r\n\t\t\t\t<div class=\"swiper-button-prev\"><\/div>\r\n\t\t\t\t<div class=\"swiper-button-next\"><\/div>\r\n\t\t\t<\/div><!-- \/.slider__clip -->\r\n\t\t<\/div><!-- \/.slider-main -->\r\n\t<\/section><!-- \/.section-slider-main -->\r\n\t[\/vc_column][\/vc_row]\n<\/div>","protected":false},"excerpt":{"rendered":"<p>[vc_row full_height=&#8221;yes&#8221; columns_placement=&#8221;stretch&#8221; css_animation=&#8221;none&#8221; el_id=&#8221;section-1&#8243; el_class=&#8221;vc_row_intro&#8221; css=&#8221;.vc_custom_1650637598783{background-image: url(https:\/\/www.trottevieille.com\/wp-content\/uploads\/2022\/04\/\u00a9JBNadeau_JBN_0564.jpg?id=4949) !important;background-position: center !important;background-repeat: no-repeat !important;background-size: cover !important;}&#8221;][vc_column][vc_column_text css=&#8221;&#8221;] PRIMEURS 2026 [\/vc_column_text][\/vc_column][\/vc_row][vc_row full_height=&#8221;yes&#8221; columns_placement=&#8221;stretch&#8221; equal_height=&#8221;yes&#8221; content_placement=&#8221;middle&#8221; el_id=&#8221;section-2&#8243; el_class=&#8221;vc_row_overlap vc_row_overlap_alt&#8221;][vc_column css_animation=&#8221;fadeInLeft&#8221; width=&#8221;7\/12&#8243;][vc_column_text (&#8230;)<\/p>\n","protected":false},"author":3,"featured_media":0,"parent":0,"menu_order":0,"comment_status":"closed","ping_status":"closed","template":"","meta":{"footnotes":""},"class_list":["post-6052","page","type-page","status-publish","hentry"],"yoast_head":"<!-- This site is optimized with the Yoast SEO plugin v23.7 - https:\/\/yoast.com\/wordpress\/plugins\/seo\/ -->\n<title>Primeurs 2026 - Ch\u00e2teau TrotteVieille<\/title>\n<meta name=\"robots\" content=\"index, follow, max-snippet:-1, max-image-preview:large, max-video-preview:-1\" \/>\n<link rel=\"canonical\" href=\"https:\/\/www.trottevieille.com\/en\/primeurs-2026\/\" \/>\n<meta property=\"og:locale\" content=\"en_US\" \/>\n<meta property=\"og:type\" content=\"article\" \/>\n<meta property=\"og:title\" content=\"Primeurs 2026 - Ch\u00e2teau TrotteVieille\" \/>\n<meta property=\"og:description\" content=\"[vc_row full_height=&#8221;yes&#8221; columns_placement=&#8221;stretch&#8221; css_animation=&#8221;none&#8221; el_id=&#8221;section-1&#8243; el_class=&#8221;vc_row_intro&#8221; css=&#8221;.vc_custom_1650637598783{background-image: url(https:\/\/www.trottevieille.com\/wp-content\/uploads\/2022\/04\/\u00a9JBNadeau_JBN_0564.jpg?id=4949) !important;background-position: center !important;background-repeat: no-repeat !important;background-size: cover !important;}&#8221;][vc_column][vc_column_text css=&#8221;&#8221;] PRIMEURS 2026 [\/vc_column_text][\/vc_column][\/vc_row][vc_row full_height=&#8221;yes&#8221; columns_placement=&#8221;stretch&#8221; equal_height=&#8221;yes&#8221; content_placement=&#8221;middle&#8221; el_id=&#8221;section-2&#8243; el_class=&#8221;vc_row_overlap vc_row_overlap_alt&#8221;][vc_column css_animation=&#8221;fadeInLeft&#8221; width=&#8221;7\/12&#8243;][vc_column_text (...)\" \/>\n<meta property=\"og:url\" content=\"https:\/\/www.trottevieille.com\/en\/primeurs-2026\/\" \/>\n<meta property=\"og:site_name\" content=\"Ch\u00e2teau TrotteVieille\" \/>\n<meta property=\"article:modified_time\" content=\"2026-04-21T08:58:18+00:00\" \/>\n<meta name=\"twitter:card\" content=\"summary_large_image\" \/>\n<meta name=\"twitter:label1\" content=\"Est. reading time\" \/>\n\t<meta name=\"twitter:data1\" content=\"2 minutes\" \/>\n<script type=\"application\/ld+json\" class=\"yoast-schema-graph\">{\"@context\":\"https:\/\/schema.org\",\"@graph\":[{\"@type\":\"WebPage\",\"@id\":\"https:\/\/www.trottevieille.com\/en\/primeurs-2026\/\",\"url\":\"https:\/\/www.trottevieille.com\/en\/primeurs-2026\/\",\"name\":\"Primeurs 2026 - Ch\u00e2teau TrotteVieille\",\"isPartOf\":{\"@id\":\"https:\/\/www.trottevieille.com\/en\/#website\"},\"datePublished\":\"2023-06-06T11:55:25+00:00\",\"dateModified\":\"2026-04-21T08:58:18+00:00\",\"breadcrumb\":{\"@id\":\"https:\/\/www.trottevieille.com\/en\/primeurs-2026\/#breadcrumb\"},\"inLanguage\":\"en-US\",\"potentialAction\":[{\"@type\":\"ReadAction\",\"target\":[\"https:\/\/www.trottevieille.com\/en\/primeurs-2026\/\"]}]},{\"@type\":\"BreadcrumbList\",\"@id\":\"https:\/\/www.trottevieille.com\/en\/primeurs-2026\/#breadcrumb\",\"itemListElement\":[{\"@type\":\"ListItem\",\"position\":1,\"name\":\"Accueil\",\"item\":\"https:\/\/www.trottevieille.com\/en\/\"},{\"@type\":\"ListItem\",\"position\":2,\"name\":\"Primeurs 2026\"}]},{\"@type\":\"WebSite\",\"@id\":\"https:\/\/www.trottevieille.com\/en\/#website\",\"url\":\"https:\/\/www.trottevieille.com\/en\/\",\"name\":\"Ch\u00e2teau TrotteVieille\",\"description\":\"Premier grand cru class\u00e9 de Saint-\u00c9milion\",\"potentialAction\":[{\"@type\":\"SearchAction\",\"target\":{\"@type\":\"EntryPoint\",\"urlTemplate\":\"https:\/\/www.trottevieille.com\/en\/?s={search_term_string}\"},\"query-input\":{\"@type\":\"PropertyValueSpecification\",\"valueRequired\":true,\"valueName\":\"search_term_string\"}}],\"inLanguage\":\"en-US\"}]}<\/script>\n<!-- \/ Yoast SEO plugin. -->","yoast_head_json":{"title":"Primeurs 2026 - Ch\u00e2teau TrotteVieille","robots":{"index":"index","follow":"follow","max-snippet":"max-snippet:-1","max-image-preview":"max-image-preview:large","max-video-preview":"max-video-preview:-1"},"canonical":"https:\/\/www.trottevieille.com\/en\/primeurs-2026\/","og_locale":"en_US","og_type":"article","og_title":"Primeurs 2026 - Ch\u00e2teau TrotteVieille","og_description":"[vc_row full_height=&#8221;yes&#8221; columns_placement=&#8221;stretch&#8221; css_animation=&#8221;none&#8221; el_id=&#8221;section-1&#8243; el_class=&#8221;vc_row_intro&#8221; css=&#8221;.vc_custom_1650637598783{background-image: url(https:\/\/www.trottevieille.com\/wp-content\/uploads\/2022\/04\/\u00a9JBNadeau_JBN_0564.jpg?id=4949) !important;background-position: center !important;background-repeat: no-repeat !important;background-size: cover !important;}&#8221;][vc_column][vc_column_text css=&#8221;&#8221;] PRIMEURS 2026 [\/vc_column_text][\/vc_column][\/vc_row][vc_row full_height=&#8221;yes&#8221; columns_placement=&#8221;stretch&#8221; equal_height=&#8221;yes&#8221; content_placement=&#8221;middle&#8221; el_id=&#8221;section-2&#8243; el_class=&#8221;vc_row_overlap vc_row_overlap_alt&#8221;][vc_column css_animation=&#8221;fadeInLeft&#8221; width=&#8221;7\/12&#8243;][vc_column_text (...)","og_url":"https:\/\/www.trottevieille.com\/en\/primeurs-2026\/","og_site_name":"Ch\u00e2teau TrotteVieille","article_modified_time":"2026-04-21T08:58:18+00:00","twitter_card":"summary_large_image","twitter_misc":{"Est. reading time":"2 minutes"},"schema":{"@context":"https:\/\/schema.org","@graph":[{"@type":"WebPage","@id":"https:\/\/www.trottevieille.com\/en\/primeurs-2026\/","url":"https:\/\/www.trottevieille.com\/en\/primeurs-2026\/","name":"Primeurs 2026 - Ch\u00e2teau TrotteVieille","isPartOf":{"@id":"https:\/\/www.trottevieille.com\/en\/#website"},"datePublished":"2023-06-06T11:55:25+00:00","dateModified":"2026-04-21T08:58:18+00:00","breadcrumb":{"@id":"https:\/\/www.trottevieille.com\/en\/primeurs-2026\/#breadcrumb"},"inLanguage":"en-US","potentialAction":[{"@type":"ReadAction","target":["https:\/\/www.trottevieille.com\/en\/primeurs-2026\/"]}]},{"@type":"BreadcrumbList","@id":"https:\/\/www.trottevieille.com\/en\/primeurs-2026\/#breadcrumb","itemListElement":[{"@type":"ListItem","position":1,"name":"Accueil","item":"https:\/\/www.trottevieille.com\/en\/"},{"@type":"ListItem","position":2,"name":"Primeurs 2026"}]},{"@type":"WebSite","@id":"https:\/\/www.trottevieille.com\/en\/#website","url":"https:\/\/www.trottevieille.com\/en\/","name":"Ch\u00e2teau TrotteVieille","description":"Premier grand cru class\u00e9 de Saint-\u00c9milion","potentialAction":[{"@type":"SearchAction","target":{"@type":"EntryPoint","urlTemplate":"https:\/\/www.trottevieille.com\/en\/?s={search_term_string}"},"query-input":{"@type":"PropertyValueSpecification","valueRequired":true,"valueName":"search_term_string"}}],"inLanguage":"en-US"}]}},"_links":{"self":[{"href":"https:\/\/www.trottevieille.com\/en\/wp-json\/wp\/v2\/pages\/6052"}],"collection":[{"href":"https:\/\/www.trottevieille.com\/en\/wp-json\/wp\/v2\/pages"}],"about":[{"href":"https:\/\/www.trottevieille.com\/en\/wp-json\/wp\/v2\/types\/page"}],"author":[{"embeddable":true,"href":"https:\/\/www.trottevieille.com\/en\/wp-json\/wp\/v2\/users\/3"}],"replies":[{"embeddable":true,"href":"https:\/\/www.trottevieille.com\/en\/wp-json\/wp\/v2\/comments?post=6052"}],"version-history":[{"count":3,"href":"https:\/\/www.trottevieille.com\/en\/wp-json\/wp\/v2\/pages\/6052\/revisions"}],"predecessor-version":[{"id":6792,"href":"https:\/\/www.trottevieille.com\/en\/wp-json\/wp\/v2\/pages\/6052\/revisions\/6792"}],"wp:attachment":[{"href":"https:\/\/www.trottevieille.com\/en\/wp-json\/wp\/v2\/media?parent=6052"}],"curies":[{"name":"wp","href":"https:\/\/api.w.org\/{rel}","templated":true}]}}