{"id":4107,"date":"2020-03-09T16:42:16","date_gmt":"2020-03-09T15:42:16","guid":{"rendered":"https:\/\/www.trottevieille.com\/equipe-du-chateau\/"},"modified":"2024-07-19T10:24:25","modified_gmt":"2024-07-19T08:24:25","slug":"equipe-du-chateau","status":"publish","type":"page","link":"https:\/\/www.trottevieille.com\/en\/equipe-du-chateau\/","title":{"rendered":"Team"},"content":{"rendered":"<div class=\"wpb-content-wrapper\">[vc_row full_height=&#8221;yes&#8221; columns_placement=&#8221;stretch&#8221; el_class=&#8221;vc_row_intro&#8221; css=&#8221;.vc_custom_1622104495866{background-image: url(https:\/\/www.trottevieille.com\/wp-content\/uploads\/2021\/05\/intro-image-3.jpg?id=2964) !important;background-position: center !important;background-repeat: no-repeat !important;background-size: cover !important;}&#8221; el_id=&#8221;section-1&#8243;][vc_column][vc_column_text]\t<p>\r\n\t\t<a href=\"https:\/\/www.trottevieille.com\/en\/\" class=\"intro-logo\">\r\n\t\t\t<img loading=\"lazy\" decoding=\"async\" width=\"516\" height=\"366\" src=\"https:\/\/www.trottevieille.com\/wp-content\/uploads\/2021\/05\/logo.png\" class=\"aligncenter logo-desktop\" alt=\"\" srcset=\"https:\/\/www.trottevieille.com\/wp-content\/uploads\/2021\/05\/logo.png 516w, https:\/\/www.trottevieille.com\/wp-content\/uploads\/2021\/05\/logo-300x213.png 300w\" sizes=\"(max-width: 516px) 100vw, 516px\" \/><img loading=\"lazy\" decoding=\"async\" width=\"516\" height=\"366\" src=\"https:\/\/www.trottevieille.com\/wp-content\/uploads\/2021\/05\/logo.png\" class=\"aligncenter logo-mobile\" alt=\"\" srcset=\"https:\/\/www.trottevieille.com\/wp-content\/uploads\/2021\/05\/logo.png 516w, https:\/\/www.trottevieille.com\/wp-content\/uploads\/2021\/05\/logo-300x213.png 300w\" sizes=\"(max-width: 516px) 100vw, 516px\" \/>\t\t<\/a>\r\n\t<\/p>\r\n\t\n<h1 style=\"text-align: center;\"><span style=\"color: #ffffff;\">The Team<\/span><\/h1>\n[\/vc_column_text][\/vc_column][\/vc_row][vc_row full_height=&#8221;yes&#8221; equal_height=&#8221;yes&#8221; content_placement=&#8221;middle&#8221; el_id=&#8221;section-2&#8243; el_class=&#8221;vc_row_image_grid&#8221;][vc_column css_animation=&#8221;fadeInLeft&#8221; width=&#8221;1\/2&#8243;][vc_column_text]\n<h2><span style=\"color: #000000;\">A closely-knit team&#8230;<\/span><\/h2>\n<p>During the 1980s, Philippe Cast\u00e9ja took over the management of TrotteVieille. He formed a team of six at the ch\u00e2teau &#8211; three in the offices and three on the production side.<\/p>\n<p>Christophe Dussutour, who has been Estate Manager since 1999, works in close partnership on a daily basis with cellarmaster Val\u00e9rio Mortari, who arrived in 2018. Elena Nguyen joined the team in 2023 to develop wine tourism at the Ch\u00e2teau.<\/p>\n<p>Thierry Ruban, who joined the estate in 1994, is Administration Manager, and he is assisted by Marie Leuret and B\u00e9atrice Frapp\u00e9, who arrived in 2018.[\/vc_column_text][\/vc_column][vc_column css_animation=&#8221;fadeInRight&#8221; width=&#8221;1\/2&#8243; el_class=&#8221;vc_column_images grid-image-3&#8243;][vc_column_text]<img loading=\"lazy\" decoding=\"async\" class=\"alignnone wp-image-3774 size-full\" src=\"https:\/\/www.trottevieille.com\/wp-content\/uploads\/2021\/11\/THIERRY-RUBAN-REMPLACER-A-LA-PLACE-DE-PHILIPPE-CASTEJA.jpg\" alt=\"\" width=\"463\" height=\"700\" srcset=\"https:\/\/www.trottevieille.com\/wp-content\/uploads\/2021\/11\/THIERRY-RUBAN-REMPLACER-A-LA-PLACE-DE-PHILIPPE-CASTEJA.jpg 463w, https:\/\/www.trottevieille.com\/wp-content\/uploads\/2021\/11\/THIERRY-RUBAN-REMPLACER-A-LA-PLACE-DE-PHILIPPE-CASTEJA-198x300.jpg 198w\" sizes=\"(max-width: 463px) 100vw, 463px\" \/><img loading=\"lazy\" decoding=\"async\" class=\"alignnone wp-image-6345 \" src=\"https:\/\/www.trottevieille.com\/wp-content\/uploads\/2023\/10\/\u00a9-Miguel-Ramos_MRA4615_WEB-2500px_72DPI-2-e1709114379607-712x1024.jpg\" alt=\"\" width=\"479\" height=\"689\" srcset=\"https:\/\/www.trottevieille.com\/wp-content\/uploads\/2023\/10\/\u00a9-Miguel-Ramos_MRA4615_WEB-2500px_72DPI-2-e1709114379607-712x1024.jpg 712w, https:\/\/www.trottevieille.com\/wp-content\/uploads\/2023\/10\/\u00a9-Miguel-Ramos_MRA4615_WEB-2500px_72DPI-2-e1709114379607-208x300.jpg 208w, https:\/\/www.trottevieille.com\/wp-content\/uploads\/2023\/10\/\u00a9-Miguel-Ramos_MRA4615_WEB-2500px_72DPI-2-e1709114379607-768x1105.jpg 768w, https:\/\/www.trottevieille.com\/wp-content\/uploads\/2023\/10\/\u00a9-Miguel-Ramos_MRA4615_WEB-2500px_72DPI-2-e1709114379607-1067x1536.jpg 1067w, https:\/\/www.trottevieille.com\/wp-content\/uploads\/2023\/10\/\u00a9-Miguel-Ramos_MRA4615_WEB-2500px_72DPI-2-e1709114379607.jpg 1303w\" sizes=\"(max-width: 479px) 100vw, 479px\" \/><img loading=\"lazy\" decoding=\"async\" class=\"alignnone size-full wp-image-4642\" src=\"https:\/\/www.trottevieille.com\/wp-content\/uploads\/2021\/12\/7H0A1108.jpg\" alt=\"\" width=\"480\" height=\"720\" srcset=\"https:\/\/www.trottevieille.com\/wp-content\/uploads\/2021\/12\/7H0A1108.jpg 480w, https:\/\/www.trottevieille.com\/wp-content\/uploads\/2021\/12\/7H0A1108-200x300.jpg 200w\" sizes=\"(max-width: 480px) 100vw, 480px\" \/><img loading=\"lazy\" decoding=\"async\" class=\"alignnone size-full wp-image-4646\" src=\"https:\/\/www.trottevieille.com\/wp-content\/uploads\/2021\/12\/7H0A1892.jpg\" alt=\"\" width=\"480\" height=\"720\" srcset=\"https:\/\/www.trottevieille.com\/wp-content\/uploads\/2021\/12\/7H0A1892.jpg 480w, https:\/\/www.trottevieille.com\/wp-content\/uploads\/2021\/12\/7H0A1892-200x300.jpg 200w\" sizes=\"(max-width: 480px) 100vw, 480px\" \/>[\/vc_column_text][\/vc_column][\/vc_row][vc_row full_height=&#8221;yes&#8221; equal_height=&#8221;yes&#8221; content_placement=&#8221;middle&#8221; el_id=&#8221;section-3&#8243; el_class=&#8221;vc_row_images&#8221; css=&#8221;.vc_custom_1622106686615{background-color: #f7f7f7 !important;}&#8221;][vc_column css_animation=&#8221;fadeInLeft&#8221; width=&#8221;7\/12&#8243; el_class=&#8221;vc_column_images&#8221;][vc_column_text]<img loading=\"lazy\" decoding=\"async\" class=\"alignnone wp-image-3363 size-full\" src=\"https:\/\/www.trottevieille.com\/wp-content\/uploads\/2021\/09\/Axel-Marchal_bloc.png\" alt=\"\" width=\"225\" height=\"340\" srcset=\"https:\/\/www.trottevieille.com\/wp-content\/uploads\/2021\/09\/Axel-Marchal_bloc.png 225w, https:\/\/www.trottevieille.com\/wp-content\/uploads\/2021\/09\/Axel-Marchal_bloc-199x300.png 199w\" sizes=\"(max-width: 225px) 100vw, 225px\" \/><img loading=\"lazy\" decoding=\"async\" class=\"alignnone size-full wp-image-2974\" src=\"https:\/\/www.trottevieille.com\/wp-content\/uploads\/2021\/05\/image-23.jpg\" alt=\"\" width=\"225\" height=\"341\" srcset=\"https:\/\/www.trottevieille.com\/wp-content\/uploads\/2021\/05\/image-23.jpg 225w, https:\/\/www.trottevieille.com\/wp-content\/uploads\/2021\/05\/image-23-198x300.jpg 198w\" sizes=\"(max-width: 225px) 100vw, 225px\" \/><img loading=\"lazy\" decoding=\"async\" class=\"alignnone size-full wp-image-2978\" src=\"https:\/\/www.trottevieille.com\/wp-content\/uploads\/2021\/05\/image-24.jpg\" alt=\"\" width=\"226\" height=\"341\" srcset=\"https:\/\/www.trottevieille.com\/wp-content\/uploads\/2021\/05\/image-24.jpg 226w, https:\/\/www.trottevieille.com\/wp-content\/uploads\/2021\/05\/image-24-199x300.jpg 199w\" sizes=\"(max-width: 226px) 100vw, 226px\" \/>[\/vc_column_text][\/vc_column][vc_column css_animation=&#8221;fadeInRight&#8221; width=&#8221;5\/12&#8243; css=&#8221;.vc_custom_1622105856654{background-position: center !important;background-repeat: no-repeat !important;background-size: cover !important;}&#8221;][vc_column_text]\n<h2><span style=\"color: #000000;\">\u2026partnered<\/span><br \/>\n<span style=\"color: #000000;\">by three renowned<\/span><br \/>\n<span style=\"color: #000000;\">\u0153nologists<\/span><\/h2>\n<p>Since 2011, in order to perfect its wines, the Cast\u00e9ja family has called on the services of Thomas Duclos, an \u0153nologist and shareholder in Oenoteam, a wine consultancy and analysis laboratory. Thomas works closely with the teams and supports Ch\u00e2teau TrotteVieille in its evolution.<\/p>\n<p>For the last fifteen years, the team has also called on the services of Val\u00e9rie Lavigne, a lecturer and researcher at Bordeaux\u2019s Faculty of \u0152nology and a teacher at Bordeaux\u2019s CIVB. For about 5 years now, the ch\u00e2teau has also been advised by Axel Marchal, a lecturer at the Institut des Sciences et de la Vigne.[\/vc_column_text][\/vc_column][\/vc_row]\n<\/div>","protected":false},"excerpt":{"rendered":"<p>[vc_row full_height=&#8221;yes&#8221; columns_placement=&#8221;stretch&#8221; el_class=&#8221;vc_row_intro&#8221; css=&#8221;.vc_custom_1622104495866{background-image: url(https:\/\/www.trottevieille.com\/wp-content\/uploads\/2021\/05\/intro-image-3.jpg?id=2964) !important;background-position: center !important;background-repeat: no-repeat !important;background-size: cover !important;}&#8221; el_id=&#8221;section-1&#8243;][vc_column][vc_column_text] The Team [\/vc_column_text][\/vc_column][\/vc_row][vc_row full_height=&#8221;yes&#8221; equal_height=&#8221;yes&#8221; content_placement=&#8221;middle&#8221; el_id=&#8221;section-2&#8243; el_class=&#8221;vc_row_image_grid&#8221;][vc_column css_animation=&#8221;fadeInLeft&#8221; width=&#8221;1\/2&#8243;][vc_column_text] A closely-knit team&#8230; During (&#8230;)<\/p>\n","protected":false},"author":5,"featured_media":0,"parent":0,"menu_order":0,"comment_status":"closed","ping_status":"closed","template":"","meta":{"footnotes":""},"class_list":["post-4107","page","type-page","status-publish","hentry"],"yoast_head":"<!-- This site is optimized with the Yoast SEO plugin v23.7 - https:\/\/yoast.com\/wordpress\/plugins\/seo\/ -->\n<title>Team of Ch\u00e2teau TrotteVieille - Premier grand cru class\u00e9 de Saint-\u00c9milion<\/title>\n<meta name=\"description\" content=\"During the 1980s, Philippe Cast\u00e9ja took over the management of TrotteVieille. He formed a team of six at the ch\u00e2teau -three in the offices and three on the production side.\" \/>\n<meta name=\"robots\" content=\"index, follow, max-snippet:-1, max-image-preview:large, max-video-preview:-1\" \/>\n<link rel=\"canonical\" href=\"https:\/\/www.trottevieille.com\/en\/equipe-du-chateau\/\" \/>\n<meta property=\"og:locale\" content=\"en_US\" \/>\n<meta property=\"og:type\" content=\"article\" \/>\n<meta property=\"og:title\" content=\"Team of Ch\u00e2teau TrotteVieille - Premier grand cru class\u00e9 de Saint-\u00c9milion\" \/>\n<meta property=\"og:description\" content=\"During the 1980s, Philippe Cast\u00e9ja took over the management of TrotteVieille. He formed a team of six at the ch\u00e2teau -three in the offices and three on the production side.\" \/>\n<meta property=\"og:url\" content=\"https:\/\/www.trottevieille.com\/en\/equipe-du-chateau\/\" \/>\n<meta property=\"og:site_name\" content=\"Ch\u00e2teau TrotteVieille\" \/>\n<meta property=\"article:modified_time\" content=\"2024-07-19T08:24:25+00:00\" \/>\n<meta property=\"og:image\" content=\"https:\/\/www.trottevieille.com\/wp-content\/uploads\/2021\/11\/THIERRY-RUBAN-REMPLACER-A-LA-PLACE-DE-PHILIPPE-CASTEJA.jpg\" \/>\n<meta name=\"twitter:card\" content=\"summary_large_image\" \/>\n<meta name=\"twitter:label1\" content=\"Est. reading time\" \/>\n\t<meta name=\"twitter:data1\" content=\"3 minutes\" \/>\n<script type=\"application\/ld+json\" class=\"yoast-schema-graph\">{\"@context\":\"https:\/\/schema.org\",\"@graph\":[{\"@type\":\"WebPage\",\"@id\":\"https:\/\/www.trottevieille.com\/en\/equipe-du-chateau\/\",\"url\":\"https:\/\/www.trottevieille.com\/en\/equipe-du-chateau\/\",\"name\":\"Team of Ch\u00e2teau TrotteVieille - Premier grand cru class\u00e9 de Saint-\u00c9milion\",\"isPartOf\":{\"@id\":\"https:\/\/www.trottevieille.com\/en\/#website\"},\"primaryImageOfPage\":{\"@id\":\"https:\/\/www.trottevieille.com\/en\/equipe-du-chateau\/#primaryimage\"},\"image\":{\"@id\":\"https:\/\/www.trottevieille.com\/en\/equipe-du-chateau\/#primaryimage\"},\"thumbnailUrl\":\"https:\/\/www.trottevieille.com\/wp-content\/uploads\/2021\/11\/THIERRY-RUBAN-REMPLACER-A-LA-PLACE-DE-PHILIPPE-CASTEJA.jpg\",\"datePublished\":\"2020-03-09T15:42:16+00:00\",\"dateModified\":\"2024-07-19T08:24:25+00:00\",\"description\":\"During the 1980s, Philippe Cast\u00e9ja took over the management of TrotteVieille. He formed a team of six at the ch\u00e2teau -three in the offices and three on the production side.\",\"breadcrumb\":{\"@id\":\"https:\/\/www.trottevieille.com\/en\/equipe-du-chateau\/#breadcrumb\"},\"inLanguage\":\"en-US\",\"potentialAction\":[{\"@type\":\"ReadAction\",\"target\":[\"https:\/\/www.trottevieille.com\/en\/equipe-du-chateau\/\"]}]},{\"@type\":\"ImageObject\",\"inLanguage\":\"en-US\",\"@id\":\"https:\/\/www.trottevieille.com\/en\/equipe-du-chateau\/#primaryimage\",\"url\":\"https:\/\/www.trottevieille.com\/wp-content\/uploads\/2021\/11\/THIERRY-RUBAN-REMPLACER-A-LA-PLACE-DE-PHILIPPE-CASTEJA.jpg\",\"contentUrl\":\"https:\/\/www.trottevieille.com\/wp-content\/uploads\/2021\/11\/THIERRY-RUBAN-REMPLACER-A-LA-PLACE-DE-PHILIPPE-CASTEJA.jpg\"},{\"@type\":\"BreadcrumbList\",\"@id\":\"https:\/\/www.trottevieille.com\/en\/equipe-du-chateau\/#breadcrumb\",\"itemListElement\":[{\"@type\":\"ListItem\",\"position\":1,\"name\":\"Accueil\",\"item\":\"https:\/\/www.trottevieille.com\/en\/\"},{\"@type\":\"ListItem\",\"position\":2,\"name\":\"Team\"}]},{\"@type\":\"WebSite\",\"@id\":\"https:\/\/www.trottevieille.com\/en\/#website\",\"url\":\"https:\/\/www.trottevieille.com\/en\/\",\"name\":\"Ch\u00e2teau TrotteVieille\",\"description\":\"Premier grand cru class\u00e9 de Saint-\u00c9milion\",\"potentialAction\":[{\"@type\":\"SearchAction\",\"target\":{\"@type\":\"EntryPoint\",\"urlTemplate\":\"https:\/\/www.trottevieille.com\/en\/?s={search_term_string}\"},\"query-input\":{\"@type\":\"PropertyValueSpecification\",\"valueRequired\":true,\"valueName\":\"search_term_string\"}}],\"inLanguage\":\"en-US\"}]}<\/script>\n<!-- \/ Yoast SEO plugin. -->","yoast_head_json":{"title":"Team of Ch\u00e2teau TrotteVieille - Premier grand cru class\u00e9 de Saint-\u00c9milion","description":"During the 1980s, Philippe Cast\u00e9ja took over the management of TrotteVieille. He formed a team of six at the ch\u00e2teau -three in the offices and three on the production side.","robots":{"index":"index","follow":"follow","max-snippet":"max-snippet:-1","max-image-preview":"max-image-preview:large","max-video-preview":"max-video-preview:-1"},"canonical":"https:\/\/www.trottevieille.com\/en\/equipe-du-chateau\/","og_locale":"en_US","og_type":"article","og_title":"Team of Ch\u00e2teau TrotteVieille - Premier grand cru class\u00e9 de Saint-\u00c9milion","og_description":"During the 1980s, Philippe Cast\u00e9ja took over the management of TrotteVieille. He formed a team of six at the ch\u00e2teau -three in the offices and three on the production side.","og_url":"https:\/\/www.trottevieille.com\/en\/equipe-du-chateau\/","og_site_name":"Ch\u00e2teau TrotteVieille","article_modified_time":"2024-07-19T08:24:25+00:00","og_image":[{"url":"https:\/\/www.trottevieille.com\/wp-content\/uploads\/2021\/11\/THIERRY-RUBAN-REMPLACER-A-LA-PLACE-DE-PHILIPPE-CASTEJA.jpg"}],"twitter_card":"summary_large_image","twitter_misc":{"Est. reading time":"3 minutes"},"schema":{"@context":"https:\/\/schema.org","@graph":[{"@type":"WebPage","@id":"https:\/\/www.trottevieille.com\/en\/equipe-du-chateau\/","url":"https:\/\/www.trottevieille.com\/en\/equipe-du-chateau\/","name":"Team of Ch\u00e2teau TrotteVieille - Premier grand cru class\u00e9 de Saint-\u00c9milion","isPartOf":{"@id":"https:\/\/www.trottevieille.com\/en\/#website"},"primaryImageOfPage":{"@id":"https:\/\/www.trottevieille.com\/en\/equipe-du-chateau\/#primaryimage"},"image":{"@id":"https:\/\/www.trottevieille.com\/en\/equipe-du-chateau\/#primaryimage"},"thumbnailUrl":"https:\/\/www.trottevieille.com\/wp-content\/uploads\/2021\/11\/THIERRY-RUBAN-REMPLACER-A-LA-PLACE-DE-PHILIPPE-CASTEJA.jpg","datePublished":"2020-03-09T15:42:16+00:00","dateModified":"2024-07-19T08:24:25+00:00","description":"During the 1980s, Philippe Cast\u00e9ja took over the management of TrotteVieille. He formed a team of six at the ch\u00e2teau -three in the offices and three on the production side.","breadcrumb":{"@id":"https:\/\/www.trottevieille.com\/en\/equipe-du-chateau\/#breadcrumb"},"inLanguage":"en-US","potentialAction":[{"@type":"ReadAction","target":["https:\/\/www.trottevieille.com\/en\/equipe-du-chateau\/"]}]},{"@type":"ImageObject","inLanguage":"en-US","@id":"https:\/\/www.trottevieille.com\/en\/equipe-du-chateau\/#primaryimage","url":"https:\/\/www.trottevieille.com\/wp-content\/uploads\/2021\/11\/THIERRY-RUBAN-REMPLACER-A-LA-PLACE-DE-PHILIPPE-CASTEJA.jpg","contentUrl":"https:\/\/www.trottevieille.com\/wp-content\/uploads\/2021\/11\/THIERRY-RUBAN-REMPLACER-A-LA-PLACE-DE-PHILIPPE-CASTEJA.jpg"},{"@type":"BreadcrumbList","@id":"https:\/\/www.trottevieille.com\/en\/equipe-du-chateau\/#breadcrumb","itemListElement":[{"@type":"ListItem","position":1,"name":"Accueil","item":"https:\/\/www.trottevieille.com\/en\/"},{"@type":"ListItem","position":2,"name":"Team"}]},{"@type":"WebSite","@id":"https:\/\/www.trottevieille.com\/en\/#website","url":"https:\/\/www.trottevieille.com\/en\/","name":"Ch\u00e2teau TrotteVieille","description":"Premier grand cru class\u00e9 de Saint-\u00c9milion","potentialAction":[{"@type":"SearchAction","target":{"@type":"EntryPoint","urlTemplate":"https:\/\/www.trottevieille.com\/en\/?s={search_term_string}"},"query-input":{"@type":"PropertyValueSpecification","valueRequired":true,"valueName":"search_term_string"}}],"inLanguage":"en-US"}]}},"_links":{"self":[{"href":"https:\/\/www.trottevieille.com\/en\/wp-json\/wp\/v2\/pages\/4107"}],"collection":[{"href":"https:\/\/www.trottevieille.com\/en\/wp-json\/wp\/v2\/pages"}],"about":[{"href":"https:\/\/www.trottevieille.com\/en\/wp-json\/wp\/v2\/types\/page"}],"author":[{"embeddable":true,"href":"https:\/\/www.trottevieille.com\/en\/wp-json\/wp\/v2\/users\/5"}],"replies":[{"embeddable":true,"href":"https:\/\/www.trottevieille.com\/en\/wp-json\/wp\/v2\/comments?post=4107"}],"version-history":[{"count":0,"href":"https:\/\/www.trottevieille.com\/en\/wp-json\/wp\/v2\/pages\/4107\/revisions"}],"wp:attachment":[{"href":"https:\/\/www.trottevieille.com\/en\/wp-json\/wp\/v2\/media?parent=4107"}],"curies":[{"name":"wp","href":"https:\/\/api.w.org\/{rel}","templated":true}]}}