{"id":4098,"date":"2019-04-17T09:29:53","date_gmt":"2019-04-17T09:29:53","guid":{"rendered":"https:\/\/www.trottevieille.com\/accueil\/"},"modified":"2022-01-10T13:50:46","modified_gmt":"2022-01-10T12:50:46","slug":"accueil","status":"publish","type":"page","link":"https:\/\/www.trottevieille.com\/en\/","title":{"rendered":"Homepage"},"content":{"rendered":"<div class=\"wpb-content-wrapper\">[vc_row full_height=&#8221;yes&#8221; columns_placement=&#8221;stretch&#8221; content_placement=&#8221;middle&#8221; disable_element=&#8221;yes&#8221; el_class=&#8221;vc_row_splash&#8221; css=&#8221;.vc_custom_1583489545979{background-image: url(https:\/\/www.trottevieille.com\/wp-content\/uploads\/2019\/05\/intro-background-5.jpg?id=453) !important;background-position: center !important;background-repeat: no-repeat !important;background-size: cover !important;}&#8221;][vc_column][vc_column_text]<img loading=\"lazy\" decoding=\"async\" class=\"size-full wp-image-2777 aligncenter\" src=\"https:\/\/www.trottevieille.com\/wp-content\/uploads\/2021\/05\/logo.png\" alt=\"\" width=\"516\" height=\"366\" srcset=\"https:\/\/www.trottevieille.com\/wp-content\/uploads\/2021\/05\/logo.png 516w, https:\/\/www.trottevieille.com\/wp-content\/uploads\/2021\/05\/logo-300x213.png 300w\" sizes=\"(max-width: 516px) 100vw, 516px\" \/>[\/vc_column_text][\/vc_column][\/vc_row][vc_row full_height=&#8221;yes&#8221; columns_placement=&#8221;stretch&#8221; equal_height=&#8221;yes&#8221; css_animation=&#8221;none&#8221; el_id=&#8221;section-1&#8243; el_class=&#8221;vc_row_slider&#8221;][vc_column]\t<section class=\"section-slider-main\">\r\n\t\t\r\n\t\t<div class=\"slider-main\">\r\n\t\t\t<div class=\"slider__clip swiper-container\">\r\n\t\t\t\t<div class=\"slider__slides swiper-wrapper\">\r\n\t\t\t\t\t\t<div class=\"slider__slide swiper-slide\">\r\n\t\t<div class=\"slider__slide-image\"\r\n\t\tstyle=\"background-image: url(https:\/\/www.trottevieille.com\/wp-content\/uploads\/2021\/05\/slide-1.jpg);\">\r\n\t\t<\/div><!-- \/.slider__slide-image -->\r\n\r\n\t\t\t\t\t<div class=\"slider__slide-content\">\r\n\t\t\t\t<a href=\"https:\/\/www.trottevieille.com\/en\/\" class=\"intro-logo\">\r\n\t\t\t\t\t<img loading=\"lazy\" decoding=\"async\" width=\"516\" height=\"366\" src=\"https:\/\/www.trottevieille.com\/wp-content\/uploads\/2021\/05\/logo.png\" class=\"aligncenter logo-desktop\" alt=\"\" srcset=\"https:\/\/www.trottevieille.com\/wp-content\/uploads\/2021\/05\/logo.png 516w, https:\/\/www.trottevieille.com\/wp-content\/uploads\/2021\/05\/logo-300x213.png 300w\" sizes=\"(max-width: 516px) 100vw, 516px\" \/><img loading=\"lazy\" decoding=\"async\" width=\"516\" height=\"366\" src=\"https:\/\/www.trottevieille.com\/wp-content\/uploads\/2021\/05\/logo.png\" class=\"aligncenter logo-mobile\" alt=\"\" srcset=\"https:\/\/www.trottevieille.com\/wp-content\/uploads\/2021\/05\/logo.png 516w, https:\/\/www.trottevieille.com\/wp-content\/uploads\/2021\/05\/logo-300x213.png 300w\" sizes=\"(max-width: 516px) 100vw, 516px\" \/>\t\t\t\t<\/a>\r\n\t\t\t<\/div><!-- \/.slider__slide-content -->\r\n\t\t\t<\/div><!-- \/.slider__slide -->\r\n\t\t<div class=\"slider__slide swiper-slide\">\r\n\t\t<div class=\"slider__slide-image slider__slide--video\">\r\n\t\t\t<div id=\"video-2yu2_Pv72K4\"\r\n\t\t\t\tclass=\"video\"\r\n\t\t\t\tdata-video-width=\"640\"\r\n\t\t\t\tdata-video-height=\"360\"\r\n\t\t\t\tdata-video-offset=\"20\"\r\n\t\t\t>\r\n\t\t\t\t<div class=\"js-player\"\r\n\t\t\t\t\tid=\"player-2yu2_Pv72K4\"\r\n\t\t\t\t\tdata-plyr-provider=\"youtube\"\r\n\t\t\t\t\tdata-plyr-embed-id=\"2yu2_Pv72K4\"\r\n\t\t\t\t><\/div>\r\n\t\t\t<\/div><!-- \/.video -->\r\n\t\t<\/div><!-- \/.slider__slide-image -->\r\n\r\n\t\t\t<\/div><!-- \/.slider__slide -->\r\n\t\n\t\t\t\t<\/div><!-- \/.slider__slides -->\r\n\r\n\t\t\t\t<div class=\"swiper-button-prev\"><\/div>\r\n\t\t\t\t<div class=\"swiper-button-next\"><\/div>\r\n\t\t\t<\/div><!-- \/.slider__clip -->\r\n\t\t<\/div><!-- \/.slider-main -->\r\n\t<\/section><!-- \/.section-slider-main -->\r\n\t[\/vc_column][\/vc_row][vc_row full_height=&#8221;yes&#8221; columns_placement=&#8221;stretch&#8221; equal_height=&#8221;yes&#8221; content_placement=&#8221;middle&#8221; el_id=&#8221;section-2&#8243; el_class=&#8221;vc_row_overlap&#8221;][vc_column css_animation=&#8221;fadeInLeft&#8221; width=&#8221;5\/12&#8243;][vc_column_text]\n<h2><span style=\"color: #000000;\">Ch\u00e2teau TrotteVieille, an estate bought out of love by Marcel Borie<\/span><\/h2>\n<p>Classified Premier Grand Cru AOC Saint-\u00c9milion since 1955, Ch\u00e2teau TrotteVieille is acknowledged as one of the greatest wines in Saint-\u00c9milion.<\/p>\n<p>Having fallen in love with it, Marcel Borie purchased the property in 1947. The estate is run today by the Cast\u00e9ja family.<\/p>\n<p><a href=\"https:\/\/www.trottevieille.com\/en\/presentation\/\">Find out more about the ch\u00e2teau.<\/a>[\/vc_column_text][\/vc_column][vc_column css_animation=&#8221;fadeInRight&#8221; width=&#8221;7\/12&#8243; css=&#8221;.vc_custom_1621578853182{background-image: url(https:\/\/www.trottevieille.com\/wp-content\/uploads\/2021\/05\/image-1.jpg?id=2789) !important;background-position: center !important;background-repeat: no-repeat !important;background-size: cover !important;}&#8221;][\/vc_column][\/vc_row][vc_row content_placement=&#8221;bottom&#8221; el_id=&#8221;section-3&#8243; css=&#8221;.vc_custom_1621578947557{background-color: #f8f7f7 !important;}&#8221; el_class=&#8221;vc_row_overlap&#8221;][vc_column css_animation=&#8221;fadeInLeft&#8221; width=&#8221;5\/12&#8243;][vc_single_image image=&#8221;2796&#8243; img_size=&#8221;full&#8221; alignment=&#8221;right&#8221;][\/vc_column][vc_column css_animation=&#8221;fadeInRight&#8221; width=&#8221;7\/12&#8243;][vc_column_text]\n<h2><span style=\"color: #000000;\">An atypical vineyard<\/span><br \/>\n<span style=\"color: #000000;\">in one of Bordeaux\u2019s best<\/span><br \/>\n<span style=\"color: #000000;\">known appellations <\/span><\/h2>\n<p>Ch\u00e2teau TrotteVieille is located on a superb slope to the east of the village of Saint-\u00c9milion. The vineyard covers a terroir of 12 hectares made up of 49% Merlot, 46% Cabernet Franc and 5% Cabernet Sauvignon. It is one of the rare estates to still have very old Cabernet Franc vines dating back to before the outbreak of phylloxera.<\/p>\n<p><a href=\"https:\/\/www.trottevieille.com\/en\/terroir-savoir-faire\/\">Find out more about Ch\u00e2teau TrotteVieille\u2019s terroir and vineyard<\/a>[\/vc_column_text][\/vc_column][\/vc_row][vc_row full_height=&#8221;yes&#8221; columns_placement=&#8221;stretch&#8221; equal_height=&#8221;yes&#8221; el_id=&#8221;section-4&#8243;][vc_column]\t<section class=\"section-slider-main\">\r\n\t\t\t\t\t<div class=\"section__body\">\r\n\t\t\t\t<div class=\"shell\">\r\n\t\t\t\t\t<div class=\"section__body-inner\">\r\n\t\t\t\t\t\t\t\t\t\t\t\t\t<h3>\r\n\t\t\t\t\t\t\t\t<span>\r\n\t\t\t\t\t\t\t\t\tPrecision savoir-faire at<br \/>\nan outstanding wine estate\t\t\t\t\t\t\t\t<\/span>\r\n\t\t\t\t\t\t\t<\/h3>\r\n\t\t\t\t\t\t\r\n\t\t\t\t\t\t<p>Each stage of the Ch\u00e2teau TrotteVieille winemaking process,<br \/>\nfrom the tending of the vines to the packaging of the bottles, is performed<br \/>\nwith the greatest rigour in order to produce outstanding vintages.<\/p>\n\r\n\t\t\t\t\t\t\t\t\t\t\t\t\t<p>\r\n\t\t\t\t\t\t\t\t<a href=\"https:\/\/www.trottevieille.com\/en\/terroir\/\">\r\n\t\t\t\t\t\t\t\t\tFind out about the ch\u00e2teau\u2019s winemaking techniques\t\t\t\t\t\t\t\t<\/a>\r\n\t\t\t\t\t\t\t<\/p>\r\n\t\t\t\t\t\t\t\t\t\t\t<\/div><!-- \/.section__body-inner -->\r\n\t\t\t\t<\/div><!-- \/.shell -->\r\n\t\t\t<\/div><!-- \/.section__body -->\r\n\t\t\r\n\t\t<div class=\"slider-main\">\r\n\t\t\t<div class=\"slider__clip swiper-container\">\r\n\t\t\t\t<div class=\"slider__slides swiper-wrapper\">\r\n\t\t\t\t\t\t<div class=\"slider__slide swiper-slide\">\r\n\t\t<div class=\"slider__slide-image\"\r\n\t\tstyle=\"background-image: url(https:\/\/www.trottevieille.com\/wp-content\/uploads\/2021\/05\/slide-2.jpg);\">\r\n\t\t<\/div><!-- \/.slider__slide-image -->\r\n\r\n\t\t\t<\/div><!-- \/.slider__slide -->\r\n\t\t<div class=\"slider__slide swiper-slide\">\r\n\t\t<div class=\"slider__slide-image\"\r\n\t\tstyle=\"background-image: url(https:\/\/www.trottevieille.com\/wp-content\/uploads\/2021\/11\/BLOC-4-UN-SAVOIR-FAIRE-MINUTIEUX-2E-SLIDE-1920x1280.jpg);\">\r\n\t\t<\/div><!-- \/.slider__slide-image -->\r\n\r\n\t\t\t<\/div><!-- \/.slider__slide -->\r\n\t\n\t\t\t\t<\/div><!-- \/.slider__slides -->\r\n\r\n\t\t\t\t<div class=\"swiper-button-prev\"><\/div>\r\n\t\t\t\t<div class=\"swiper-button-next\"><\/div>\r\n\t\t\t<\/div><!-- \/.slider__clip -->\r\n\t\t<\/div><!-- \/.slider-main -->\r\n\t<\/section><!-- \/.section-slider-main -->\r\n\t[\/vc_column][\/vc_row][vc_row full_height=&#8221;yes&#8221; columns_placement=&#8221;stretch&#8221; equal_height=&#8221;yes&#8221; content_placement=&#8221;middle&#8221; el_id=&#8221;section-5&#8243;][vc_column css_animation=&#8221;fadeInLeft&#8221; width=&#8221;1\/2&#8243;][vc_column_text]\n<h3><span style=\"color: #000000;\">A closely-knit and<\/span><br \/>\n<span style=\"color: #000000;\">experienced team<\/span><\/h3>\n<p>Philippe Cast\u00e9ja, the ch\u00e2teau\u2019s Managing Director since the 1990s, has brought together a skilled and ambitious team. Their closeness as colleagues, together with their invaluable experience, contribute to the success of the wines each year.<br \/>\n<a href=\"https:\/\/www.trottevieille.com\/en\/equipe-du-chateau\/\">See the team<\/a>[\/vc_column_text][\/vc_column][vc_column css_animation=&#8221;fadeInRight&#8221; width=&#8221;1\/2&#8243; css=&#8221;.vc_custom_1636548468293{background-image: url(https:\/\/www.trottevieille.com\/wp-content\/uploads\/2021\/11\/LC_19_041048-photo-c-Leif-Carlsson.jpg?id=3762) !important;background-position: center !important;background-repeat: no-repeat !important;background-size: cover !important;}&#8221;][\/vc_column][\/vc_row][vc_row full_height=&#8221;yes&#8221; columns_placement=&#8221;stretch&#8221; equal_height=&#8221;yes&#8221; content_placement=&#8221;middle&#8221; el_id=&#8221;section-6&#8243;][vc_column css_animation=&#8221;fadeInLeft&#8221; width=&#8221;1\/2&#8243; css=&#8221;.vc_custom_1641573876569{background-image: url(https:\/\/www.trottevieille.com\/wp-content\/uploads\/2021\/05\/image-4.jpg?id=2818) !important;background-position: center !important;background-repeat: no-repeat !important;background-size: cover !important;}&#8221;][\/vc_column][vc_column css_animation=&#8221;fadeInRight&#8221; width=&#8221;1\/2&#8243;][vc_column_text]\n<h3><span style=\"color: #000000;\">Wines of<\/span><br \/>\n<span style=\"color: #000000;\">great finesse<\/span><\/h3>\n<p>Ch\u00e2teau TrotteVieille, Saint-\u00c9milion Premier Grand Cru Class\u00e9 and Dame de TrotteVieille, Saint-\u00c9milion Grand Cru (the ch\u00e2teau\u2019s First and Second Wines respectively), are complex, fine and elegant wines. The Second Wine is produced from the ch\u00e2teau\u2019s youngest vines and, since 2012, from the vines of Ch\u00e2teau Bergat, a Saint-\u00c9milion Grand Cru Class\u00e9.<\/p>\n<p><a href=\"https:\/\/www.trottevieille.com\/en\/les-vins\/\">Find out the main vintages of our wines and their characteristics.<\/a>[\/vc_column_text][\/vc_column][\/vc_row][vc_row full_height=&#8221;yes&#8221; columns_placement=&#8221;stretch&#8221; equal_height=&#8221;yes&#8221; content_placement=&#8221;middle&#8221; el_id=&#8221;section-7&#8243; css=&#8221;.vc_custom_1600264648029{background-color: #f8f7f7 !important;}&#8221;][vc_column][vc_row_inner el_class=&#8221;vc_row_news_title&#8221;][vc_column_inner][vc_column_text]\n<h2><span style=\"color: #000000;\">Our latest news<\/span><\/h2>\n[\/vc_column_text][\/vc_column_inner][\/vc_row_inner]\t<section class=\"section-news\">\r\n\t\t<div class=\"section__body\">\r\n\t\t\t<div class=\"shell\">\r\n\t\t\t\t<ol class=\"articles\">\r\n\t\t\t\t\t\t\t\t\t\t\t<li class=\"article\">\r\n\t\t\t\t\t\t\t<div class=\"article__inner\">\r\n\t\t\t\t\t\t\t\t\t\t\t\t\t\t\t\t\t<div class=\"article__image\">\r\n\t\t\t\t\t\t\t\t\t\t<a href=\"https:\/\/www.trottevieille.com\/en\/primeurs-chateau-trottevieille-2022-premier-grand-cru-classe-saint-emilion\/\" class=\"article__image-inner\"\r\n\t\t\t\t\t\t\t\t\t\tstyle=\"background-image: url(https:\/\/www.trottevieille.com\/wp-content\/uploads\/2023\/06\/bouchon-tv-768x1024.png);\">\r\n\t\t\t\t\t\t\t\t\t\t<\/a>\r\n\t\t\t\t\t\t\t\t\t<\/div><!-- \/.article__image -->\r\n\t\t\t\t\t\t\t\t\t\t\t\t\t\t\t\t<div class=\"article__body\">\r\n\t\t\t\t\t\t\t\t\t<div class=\"article__meta\">\r\n\t\t\t\t\t\t\t\t\t\t<ul>\r\n\t\t\t\t\t\t\t\t\t\t\t<li>5 June 2023<\/li>\r\n\t\t\t\t\t\t\t\t\t\t<\/ul>\r\n\t\t\t\t\t\t\t\t\t<\/div><!-- \/.article__meta -->\r\n\t\t\t\t\t\t\t\t\t<div class=\"article__content\">\r\n\t\t\t\t\t\t\t\t\t\t<h2>\r\n\t\t\t\t\t\t\t\t\t\t\t<a href=\"https:\/\/www.trottevieille.com\/en\/primeurs-chateau-trottevieille-2022-premier-grand-cru-classe-saint-emilion\/\">\r\n\t\t\t\t\t\t\t\t\t\t\t\t[Primeurs] Ch\u00e2teau TrotteVieille 2022, Premier Grand Cru Class\u00e9 Saint-\u00c9milion\t\t\t\t\t\t\t\t\t\t\t<\/a>\r\n\t\t\t\t\t\t\t\t\t\t<\/h2>\r\n\t\t\t\t\t\t\t\t\t\t<p>We are pleased to present you Ch\u00e2teau TrotteVieille 2022, Premier Grand Cru Class\u00e9 Saint-\u00c9milion 2022 is an exceptional vintage in several ways: Exceptional climate, very deep color, strong (&#8230;)<\/p>\n\t\t\t\t\t\t\t\t\t<\/div><!-- \/.article__content -->\r\n\t\t\t\t\t\t\t\t\t<div class=\"article__actions\">\r\n\t\t\t\t\t\t\t\t\t\t<a href=\"https:\/\/www.trottevieille.com\/en\/primeurs-chateau-trottevieille-2022-premier-grand-cru-classe-saint-emilion\/\">Read more<\/a>\r\n\t\t\t\t\t\t\t\t\t<\/div><!-- \/.article__actions -->\r\n\t\t\t\t\t\t\t\t<\/div><!-- \/.article__body -->\r\n\t\t\t\t\t\t\t<\/div><!-- \/.article__inner -->\r\n\t\t\t\t\t\t<\/li><!-- \/.article -->\r\n\t\t\t\t\t\t\t\t\t\t\t<li class=\"article\">\r\n\t\t\t\t\t\t\t<div class=\"article__inner\">\r\n\t\t\t\t\t\t\t\t\t\t\t\t\t\t\t\t\t<div class=\"article__image\">\r\n\t\t\t\t\t\t\t\t\t\t<a href=\"https:\/\/www.trottevieille.com\/en\/le-temps-des-vendanges-au-chateau-de-trottevieille\/\" class=\"article__image-inner\"\r\n\t\t\t\t\t\t\t\t\t\tstyle=\"background-image: url(https:\/\/www.trottevieille.com\/wp-content\/uploads\/2022\/10\/DJI_0325-HDR-768x576.jpg);\">\r\n\t\t\t\t\t\t\t\t\t\t<\/a>\r\n\t\t\t\t\t\t\t\t\t<\/div><!-- \/.article__image -->\r\n\t\t\t\t\t\t\t\t\t\t\t\t\t\t\t\t<div class=\"article__body\">\r\n\t\t\t\t\t\t\t\t\t<div class=\"article__meta\">\r\n\t\t\t\t\t\t\t\t\t\t<ul>\r\n\t\t\t\t\t\t\t\t\t\t\t<li>5 October 2022<\/li>\r\n\t\t\t\t\t\t\t\t\t\t<\/ul>\r\n\t\t\t\t\t\t\t\t\t<\/div><!-- \/.article__meta -->\r\n\t\t\t\t\t\t\t\t\t<div class=\"article__content\">\r\n\t\t\t\t\t\t\t\t\t\t<h2>\r\n\t\t\t\t\t\t\t\t\t\t\t<a href=\"https:\/\/www.trottevieille.com\/en\/le-temps-des-vendanges-au-chateau-de-trottevieille\/\">\r\n\t\t\t\t\t\t\t\t\t\t\t\tHarvest time at Ch\u00e2teau de TrotteVieille\t\t\t\t\t\t\t\t\t\t\t<\/a>\r\n\t\t\t\t\t\t\t\t\t\t<\/h2>\r\n\t\t\t\t\t\t\t\t\t\t<p>This Saint-\u00c9milion classified as a premier grand cru is renowned for its elegance, roundness and great length. But before the tasting comes the harvest! On 6, 7 and (&#8230;)<\/p>\n\t\t\t\t\t\t\t\t\t<\/div><!-- \/.article__content -->\r\n\t\t\t\t\t\t\t\t\t<div class=\"article__actions\">\r\n\t\t\t\t\t\t\t\t\t\t<a href=\"https:\/\/www.trottevieille.com\/en\/le-temps-des-vendanges-au-chateau-de-trottevieille\/\">Read more<\/a>\r\n\t\t\t\t\t\t\t\t\t<\/div><!-- \/.article__actions -->\r\n\t\t\t\t\t\t\t\t<\/div><!-- \/.article__body -->\r\n\t\t\t\t\t\t\t<\/div><!-- \/.article__inner -->\r\n\t\t\t\t\t\t<\/li><!-- \/.article -->\r\n\t\t\t\t\t\t\t\t\t<\/ol><!-- \/.articles -->\r\n\t\t\t<\/div><!-- \/.shell -->\r\n\t\t<\/div><!-- \/.section__body -->\r\n\t<\/section><!-- \/.section-news -->\r\n\t[\/vc_column][\/vc_row]\n<\/div>","protected":false},"excerpt":{"rendered":"<p>[vc_row full_height=&#8221;yes&#8221; columns_placement=&#8221;stretch&#8221; content_placement=&#8221;middle&#8221; disable_element=&#8221;yes&#8221; el_class=&#8221;vc_row_splash&#8221; css=&#8221;.vc_custom_1583489545979{background-image: url(https:\/\/www.trottevieille.com\/wp-content\/uploads\/2019\/05\/intro-background-5.jpg?id=453) !important;background-position: center !important;background-repeat: no-repeat !important;background-size: cover !important;}&#8221;][vc_column][vc_column_text][\/vc_column_text][\/vc_column][\/vc_row][vc_row full_height=&#8221;yes&#8221; columns_placement=&#8221;stretch&#8221; equal_height=&#8221;yes&#8221; css_animation=&#8221;none&#8221; el_id=&#8221;section-1&#8243; el_class=&#8221;vc_row_slider&#8221;][vc_column][\/vc_column][\/vc_row][vc_row full_height=&#8221;yes&#8221; columns_placement=&#8221;stretch&#8221; equal_height=&#8221;yes&#8221; content_placement=&#8221;middle&#8221; el_id=&#8221;section-2&#8243; el_class=&#8221;vc_row_overlap&#8221;][vc_column css_animation=&#8221;fadeInLeft&#8221; (&#8230;)<\/p>\n","protected":false},"author":3,"featured_media":0,"parent":0,"menu_order":0,"comment_status":"closed","ping_status":"closed","template":"","meta":{"footnotes":""},"class_list":["post-4098","page","type-page","status-publish","hentry"],"yoast_head":"<!-- This site is optimized with the Yoast SEO plugin v23.7 - https:\/\/yoast.com\/wordpress\/plugins\/seo\/ -->\n<title>Ch\u00e2teau TrotteVieille - Premier grand cru class\u00e9 de Saint-\u00c9milion<\/title>\n<meta name=\"description\" content=\"Classified Premier Grand Cru AOC Saint-\u00c9milion since 1955, Ch\u00e2teau TrotteVieille is acknowledged as one of the greatest wines in Saint-\u00c9milion.\" \/>\n<meta name=\"robots\" content=\"index, follow, max-snippet:-1, max-image-preview:large, max-video-preview:-1\" \/>\n<link rel=\"canonical\" href=\"https:\/\/www.trottevieille.com\/en\/\" \/>\n<meta property=\"og:locale\" content=\"en_US\" \/>\n<meta property=\"og:type\" content=\"article\" \/>\n<meta property=\"og:title\" content=\"Ch\u00e2teau TrotteVieille - Premier grand cru class\u00e9 de Saint-\u00c9milion\" \/>\n<meta property=\"og:description\" content=\"Classified Premier Grand Cru AOC Saint-\u00c9milion since 1955, Ch\u00e2teau TrotteVieille is acknowledged as one of the greatest wines in Saint-\u00c9milion.\" \/>\n<meta property=\"og:url\" content=\"https:\/\/www.trottevieille.com\/en\/\" \/>\n<meta property=\"og:site_name\" content=\"Ch\u00e2teau TrotteVieille\" \/>\n<meta property=\"article:modified_time\" content=\"2022-01-10T12:50:46+00:00\" \/>\n<meta property=\"og:image\" content=\"https:\/\/www.trottevieille.com\/wp-content\/uploads\/2021\/05\/logo.png\" \/>\n<meta name=\"twitter:card\" content=\"summary_large_image\" \/>\n<meta name=\"twitter:label1\" content=\"Est. reading time\" \/>\n\t<meta name=\"twitter:data1\" content=\"3 minutes\" \/>\n<script type=\"application\/ld+json\" class=\"yoast-schema-graph\">{\"@context\":\"https:\/\/schema.org\",\"@graph\":[{\"@type\":\"WebPage\",\"@id\":\"https:\/\/www.trottevieille.com\/en\/\",\"url\":\"https:\/\/www.trottevieille.com\/en\/\",\"name\":\"Ch\u00e2teau TrotteVieille - Premier grand cru class\u00e9 de Saint-\u00c9milion\",\"isPartOf\":{\"@id\":\"https:\/\/www.trottevieille.com\/en\/#website\"},\"primaryImageOfPage\":{\"@id\":\"https:\/\/www.trottevieille.com\/en\/#primaryimage\"},\"image\":{\"@id\":\"https:\/\/www.trottevieille.com\/en\/#primaryimage\"},\"thumbnailUrl\":\"https:\/\/www.trottevieille.com\/wp-content\/uploads\/2021\/05\/logo.png\",\"datePublished\":\"2019-04-17T09:29:53+00:00\",\"dateModified\":\"2022-01-10T12:50:46+00:00\",\"description\":\"Classified Premier Grand Cru AOC Saint-\u00c9milion since 1955, Ch\u00e2teau TrotteVieille is acknowledged as one of the greatest wines in Saint-\u00c9milion.\",\"breadcrumb\":{\"@id\":\"https:\/\/www.trottevieille.com\/en\/#breadcrumb\"},\"inLanguage\":\"en-US\",\"potentialAction\":[{\"@type\":\"ReadAction\",\"target\":[\"https:\/\/www.trottevieille.com\/en\/\"]}]},{\"@type\":\"ImageObject\",\"inLanguage\":\"en-US\",\"@id\":\"https:\/\/www.trottevieille.com\/en\/#primaryimage\",\"url\":\"https:\/\/www.trottevieille.com\/wp-content\/uploads\/2021\/05\/logo.png\",\"contentUrl\":\"https:\/\/www.trottevieille.com\/wp-content\/uploads\/2021\/05\/logo.png\"},{\"@type\":\"BreadcrumbList\",\"@id\":\"https:\/\/www.trottevieille.com\/en\/#breadcrumb\",\"itemListElement\":[{\"@type\":\"ListItem\",\"position\":1,\"name\":\"Accueil\",\"item\":\"https:\/\/www.trottevieille.com\/en\/\"},{\"@type\":\"ListItem\",\"position\":2,\"name\":\"Homepage\"}]},{\"@type\":\"WebSite\",\"@id\":\"https:\/\/www.trottevieille.com\/en\/#website\",\"url\":\"https:\/\/www.trottevieille.com\/en\/\",\"name\":\"Ch\u00e2teau TrotteVieille\",\"description\":\"Premier grand cru class\u00e9 de Saint-\u00c9milion\",\"potentialAction\":[{\"@type\":\"SearchAction\",\"target\":{\"@type\":\"EntryPoint\",\"urlTemplate\":\"https:\/\/www.trottevieille.com\/en\/?s={search_term_string}\"},\"query-input\":{\"@type\":\"PropertyValueSpecification\",\"valueRequired\":true,\"valueName\":\"search_term_string\"}}],\"inLanguage\":\"en-US\"}]}<\/script>\n<!-- \/ Yoast SEO plugin. -->","yoast_head_json":{"title":"Ch\u00e2teau TrotteVieille - Premier grand cru class\u00e9 de Saint-\u00c9milion","description":"Classified Premier Grand Cru AOC Saint-\u00c9milion since 1955, Ch\u00e2teau TrotteVieille is acknowledged as one of the greatest wines in Saint-\u00c9milion.","robots":{"index":"index","follow":"follow","max-snippet":"max-snippet:-1","max-image-preview":"max-image-preview:large","max-video-preview":"max-video-preview:-1"},"canonical":"https:\/\/www.trottevieille.com\/en\/","og_locale":"en_US","og_type":"article","og_title":"Ch\u00e2teau TrotteVieille - Premier grand cru class\u00e9 de Saint-\u00c9milion","og_description":"Classified Premier Grand Cru AOC Saint-\u00c9milion since 1955, Ch\u00e2teau TrotteVieille is acknowledged as one of the greatest wines in Saint-\u00c9milion.","og_url":"https:\/\/www.trottevieille.com\/en\/","og_site_name":"Ch\u00e2teau TrotteVieille","article_modified_time":"2022-01-10T12:50:46+00:00","og_image":[{"url":"https:\/\/www.trottevieille.com\/wp-content\/uploads\/2021\/05\/logo.png"}],"twitter_card":"summary_large_image","twitter_misc":{"Est. reading time":"3 minutes"},"schema":{"@context":"https:\/\/schema.org","@graph":[{"@type":"WebPage","@id":"https:\/\/www.trottevieille.com\/en\/","url":"https:\/\/www.trottevieille.com\/en\/","name":"Ch\u00e2teau TrotteVieille - Premier grand cru class\u00e9 de Saint-\u00c9milion","isPartOf":{"@id":"https:\/\/www.trottevieille.com\/en\/#website"},"primaryImageOfPage":{"@id":"https:\/\/www.trottevieille.com\/en\/#primaryimage"},"image":{"@id":"https:\/\/www.trottevieille.com\/en\/#primaryimage"},"thumbnailUrl":"https:\/\/www.trottevieille.com\/wp-content\/uploads\/2021\/05\/logo.png","datePublished":"2019-04-17T09:29:53+00:00","dateModified":"2022-01-10T12:50:46+00:00","description":"Classified Premier Grand Cru AOC Saint-\u00c9milion since 1955, Ch\u00e2teau TrotteVieille is acknowledged as one of the greatest wines in Saint-\u00c9milion.","breadcrumb":{"@id":"https:\/\/www.trottevieille.com\/en\/#breadcrumb"},"inLanguage":"en-US","potentialAction":[{"@type":"ReadAction","target":["https:\/\/www.trottevieille.com\/en\/"]}]},{"@type":"ImageObject","inLanguage":"en-US","@id":"https:\/\/www.trottevieille.com\/en\/#primaryimage","url":"https:\/\/www.trottevieille.com\/wp-content\/uploads\/2021\/05\/logo.png","contentUrl":"https:\/\/www.trottevieille.com\/wp-content\/uploads\/2021\/05\/logo.png"},{"@type":"BreadcrumbList","@id":"https:\/\/www.trottevieille.com\/en\/#breadcrumb","itemListElement":[{"@type":"ListItem","position":1,"name":"Accueil","item":"https:\/\/www.trottevieille.com\/en\/"},{"@type":"ListItem","position":2,"name":"Homepage"}]},{"@type":"WebSite","@id":"https:\/\/www.trottevieille.com\/en\/#website","url":"https:\/\/www.trottevieille.com\/en\/","name":"Ch\u00e2teau TrotteVieille","description":"Premier grand cru class\u00e9 de Saint-\u00c9milion","potentialAction":[{"@type":"SearchAction","target":{"@type":"EntryPoint","urlTemplate":"https:\/\/www.trottevieille.com\/en\/?s={search_term_string}"},"query-input":{"@type":"PropertyValueSpecification","valueRequired":true,"valueName":"search_term_string"}}],"inLanguage":"en-US"}]}},"_links":{"self":[{"href":"https:\/\/www.trottevieille.com\/en\/wp-json\/wp\/v2\/pages\/4098"}],"collection":[{"href":"https:\/\/www.trottevieille.com\/en\/wp-json\/wp\/v2\/pages"}],"about":[{"href":"https:\/\/www.trottevieille.com\/en\/wp-json\/wp\/v2\/types\/page"}],"author":[{"embeddable":true,"href":"https:\/\/www.trottevieille.com\/en\/wp-json\/wp\/v2\/users\/3"}],"replies":[{"embeddable":true,"href":"https:\/\/www.trottevieille.com\/en\/wp-json\/wp\/v2\/comments?post=4098"}],"version-history":[{"count":0,"href":"https:\/\/www.trottevieille.com\/en\/wp-json\/wp\/v2\/pages\/4098\/revisions"}],"wp:attachment":[{"href":"https:\/\/www.trottevieille.com\/en\/wp-json\/wp\/v2\/media?parent=4098"}],"curies":[{"name":"wp","href":"https:\/\/api.w.org\/{rel}","templated":true}]}}