{"id":5624,"date":"2020-04-28T09:33:20","date_gmt":"2020-04-28T07:33:20","guid":{"rendered":"https:\/\/www.trottevieille.com\/les-vins\/"},"modified":"2022-06-14T15:04:22","modified_gmt":"2022-06-14T13:04:22","slug":"les-vins","status":"publish","type":"page","link":"https:\/\/www.trottevieille.com\/de\/les-vins\/","title":{"rendered":"Die weine"},"content":{"rendered":"<div class=\"wpb-content-wrapper\">[vc_row full_height=&#8220;yes&#8220; columns_placement=&#8220;stretch&#8220; equal_height=&#8220;yes&#8220; content_placement=&#8220;middle&#8220; css=&#8220;.vc_custom_1588065039332{background-position: center !important;background-repeat: no-repeat !important;background-size: cover !important;}&#8220; el_id=&#8220;section-1&#8243;][vc_column css_animation=&#8220;none&#8220;]\r\n\t<div class=\"intro-wines\">\r\n\t\t<div class=\"intro__image\">\r\n\t\t\t\t\t\t\t\t\t\t\t\t<div class=\"intro__image-inner active\"\r\n\t\t\t\t\t\tstyle=\"background-image: url(https:\/\/www.trottevieille.com\/wp-content\/uploads\/2021\/11\/vin1-bg-scaled.jpg);\">\r\n\t\t\t\t\t<\/div><!-- \/.intro__image-inner -->\r\n\t\t\t\t\t\t\t\t\t\t\t\t\t\t\t\t<div class=\"intro__image-inner \"\r\n\t\t\t\t\t\tstyle=\"background-image: url(https:\/\/www.trottevieille.com\/wp-content\/uploads\/2021\/11\/vin2-bg-scaled.jpg);\">\r\n\t\t\t\t\t<\/div><!-- \/.intro__image-inner -->\r\n\t\t\t\t\t\t\t\t\t<\/div><!-- \/.intro__image -->\r\n\r\n\t\t<div class=\"intro__content\">\r\n\t\t\t\t<p>\r\n\t\t<a href=\"https:\/\/www.trottevieille.com\/de\/\" class=\"intro-logo\">\r\n\t\t\t<img loading=\"lazy\" decoding=\"async\" width=\"516\" height=\"366\" src=\"https:\/\/www.trottevieille.com\/wp-content\/uploads\/2021\/05\/logo.png\" class=\"aligncenter logo-desktop\" alt=\"\" srcset=\"https:\/\/www.trottevieille.com\/wp-content\/uploads\/2021\/05\/logo.png 516w, https:\/\/www.trottevieille.com\/wp-content\/uploads\/2021\/05\/logo-300x213.png 300w\" sizes=\"(max-width: 516px) 100vw, 516px\" \/><img loading=\"lazy\" decoding=\"async\" width=\"516\" height=\"366\" src=\"https:\/\/www.trottevieille.com\/wp-content\/uploads\/2021\/05\/logo.png\" class=\"aligncenter logo-mobile\" alt=\"\" srcset=\"https:\/\/www.trottevieille.com\/wp-content\/uploads\/2021\/05\/logo.png 516w, https:\/\/www.trottevieille.com\/wp-content\/uploads\/2021\/05\/logo-300x213.png 300w\" sizes=\"(max-width: 516px) 100vw, 516px\" \/>\t\t<\/a>\r\n\t<\/p>\r\n\t\r\n\t\t\t<ul>\r\n\t\t\t\t\t\t\t\t\t<li class=\"active\">\r\n\t\t\t\t\t\t<a href=\"https:\/\/www.trottevieille.com\/de\/chateau-trotte-vieille\/#le-chateau-trotte-vieille\">\r\n\t\t\t\t\t\t\t<h1>Ch\u00e2teau<br \/>\nTrotteVieille<strong>den Wein entdecken<\/strong><\/h1>\r\n\t\t\t\t\t\t\t\t\t\t\t\t\t\t\t<p>\r\n\t\t\t\t\t\t\t\t\t<img loading=\"lazy\" decoding=\"async\" width=\"186\" height=\"741\" src=\"https:\/\/www.trottevieille.com\/wp-content\/uploads\/2021\/11\/vin-1-small.png\" class=\"attachment-large size-large\" alt=\"\" srcset=\"https:\/\/www.trottevieille.com\/wp-content\/uploads\/2021\/11\/vin-1-small.png 186w, https:\/\/www.trottevieille.com\/wp-content\/uploads\/2021\/11\/vin-1-small-75x300.png 75w\" sizes=\"(max-width: 186px) 100vw, 186px\" \/>\t\t\t\t\t\t\t\t<\/p>\r\n\t\t\t\t\t\t\t\t\t\t\t\t\t<\/a>\r\n\t\t\t\t\t<\/li>\r\n\t\t\t\t\t\t\t\t\t<li >\r\n\t\t\t\t\t\t<a href=\"https:\/\/www.trottevieille.com\/de\/dame-de-trotte-vieille\/#dame-de-trotte-vieille\">\r\n\t\t\t\t\t\t\t<h2>Dame de<br \/>\nTrotteVieille<strong>den Wein entdecken<\/strong><\/h2>\r\n\t\t\t\t\t\t\t\t\t\t\t\t\t\t\t<p>\r\n\t\t\t\t\t\t\t\t\t<img loading=\"lazy\" decoding=\"async\" width=\"206\" height=\"812\" src=\"https:\/\/www.trottevieille.com\/wp-content\/uploads\/2021\/11\/vin2-small.png\" class=\"attachment-large size-large\" alt=\"\" srcset=\"https:\/\/www.trottevieille.com\/wp-content\/uploads\/2021\/11\/vin2-small.png 206w, https:\/\/www.trottevieille.com\/wp-content\/uploads\/2021\/11\/vin2-small-76x300.png 76w\" sizes=\"(max-width: 206px) 100vw, 206px\" \/>\t\t\t\t\t\t\t\t<\/p>\r\n\t\t\t\t\t\t\t\t\t\t\t\t\t<\/a>\r\n\t\t\t\t\t<\/li>\r\n\t\t\t\t\t\t\t<\/ul>\r\n\t\t<\/div><!-- \/.intro__content -->\r\n\t<\/div><!-- \/.intro-wines -->\r\n\r\n\t[\/vc_column][\/vc_row][vc_row full_height=&#8220;yes&#8220; equal_height=&#8220;yes&#8220; css_animation=&#8220;fadeInUp&#8220; el_class=&#8220;vc_row_text&#8220; el_id=&#8220;section-2&#8243;][vc_column][vc_column_text]\n<h3 style=\"text-align: center;\"><span style=\"color: #000000;\">DIE WEINE AUS SAINT-\u00c9MILION<\/span><\/h3>\n<p style=\"text-align: center;\">Die Weine aus Saint-\u00c9milion sind reich und vielf\u00e4ltig.<br \/>\nSie zeichnen sich in der Regel durch eine rubinrote Farbe mit granatroten Reflexen aus.<\/p>\n<p style=\"text-align: center;\">In der Nase sind sie komplex, dicht, mit einer sch\u00f6nen Finesse, Noten von roten Fr\u00fcchten und manchmal auch von Pfingstrosen.<br \/>\nDie Nase \u00f6ffnet sich allm\u00e4hlich, um weitere Aromen zu bieten, mit Ausbaunoten, holzig, w\u00fcrzig, r\u00f6stig, schokoladig.<\/p>\n<p style=\"text-align: center;\">Im Mund haben sie eine sch\u00f6ne Struktur und feine, feste Tannine. Die Verkostung endet mit einem sehr sch\u00f6nen, fruchtigen und geschmackvollen Abgang.<br \/>\nDiese Weine, insbesondere die 1er Grands Crus Class\u00e9s, haben eine sehr gute Lagerf\u00e4higkeit.<\/p>\n[\/vc_column_text][\/vc_column][\/vc_row][vc_row full_height=&#8220;yes&#8220; columns_placement=&#8220;stretch&#8220; equal_height=&#8220;yes&#8220; content_placement=&#8220;middle&#8220; el_id=&#8220;section-3&#8243; el_class=&#8220;vc_row_article vc_row_zindex&#8220;][vc_column]\t<div id=\"chateau-trottevieille\" class=\"article-1of2  visible\">\r\n\t\t\t\t\t<div class=\"article__image\"\r\n\t\t\t\tstyle=\"background-image: url(https:\/\/www.trottevieille.com\/wp-content\/uploads\/2021\/05\/image-28.jpg);\">\r\n\t\t\t<\/div><!-- \/.article__image -->\r\n\t\t\r\n\t\t<div class=\"article__content\">\r\n\t\t\t<div class=\"article__content-inner\">\r\n\t\t\t\t\t<h3><span style=\"color: #000000;\">CH\u00c2TEAU TROTTEVIEILLE, <\/span><br \/>\n<span style=\"color: #000000;\">DER ERSTWEIN DES <\/span><br \/>\n<span style=\"color: #000000;\">CH\u00c2TEAU TROTTEVIEILLE<\/span><\/h3>\n<p>Der Grand Vin (Erstwein) mit der Herkunftsbezeichnung Saint-\u00c9milion Grand Cru, seit 1955 als 1er Grand Cru klassifiziert, ist f\u00fcr seine Finesse und sein Lagerungspotenzial bekannt. Der mit einer sch\u00f6nen tiefroten Farbe ausgestattete TrotteVieille entwickelt eine kr\u00e4ftige und elegante Nase mit Aromen von roten und schwarzen Fr\u00fcchten.<\/p>\n<p>Am Gaumen sind die Tannine gut ausgewogen, die Struktur ist gut, h\u00e4ufig treten Noten von Paprika und Gew\u00fcrzen auf. Dieser Grand Cru bietet einen sch\u00f6nen, langen, fruchtigen und geschmackvollen Abgang.<\/p>\n\r\n\t\t\t\t\t\t\t\t\t\t\t<div class=\"article__actions\">\r\n\t\t\t\t\t\t\t<form action=\"?\" method=\"post\" class=\"form-select redirect\">\r\n\t\t\t\t\t\t\t\t<div class=\"select\">\r\n\t\t\t\t\t\t\t\t\t<label class=\"sr-only\" for=\"\">Choose a vintage<\/label>\r\n\r\n\t\t\t\t\t\t\t\t\t<select name=\"\" id=\"\">\r\n\t\t\t\t\t\t\t\t\t\t<option value=\"\">Choose a vintage<\/option>\r\n\t\t\t\t\t\t\t\t\t\t\t\t\t\t\t\t\t\t\t\t\t<option value=\"https:\/\/www.trottevieille.com\/de\/chateau-trotte-vieille\/?vintage=2017#chateau-trottevieille\">2017<\/option>\r\n\t\t\t\t\t\t\t\t\t\t\t\t\t\t\t\t\t\t\t\t\t<option value=\"https:\/\/www.trottevieille.com\/de\/chateau-trotte-vieille\/?vintage=2016#chateau-trottevieille\">2016<\/option>\r\n\t\t\t\t\t\t\t\t\t\t\t\t\t\t\t\t\t\t\t\t\t<option value=\"https:\/\/www.trottevieille.com\/de\/chateau-trotte-vieille\/?vintage=2015#chateau-trottevieille\">2015<\/option>\r\n\t\t\t\t\t\t\t\t\t\t\t\t\t\t\t\t\t\t\t\t\t<option value=\"https:\/\/www.trottevieille.com\/de\/chateau-trotte-vieille\/?vintage=2014#chateau-trottevieille\">2014<\/option>\r\n\t\t\t\t\t\t\t\t\t\t\t\t\t\t\t\t\t\t\t\t\t<option value=\"https:\/\/www.trottevieille.com\/de\/chateau-trotte-vieille\/?vintage=2013#chateau-trottevieille\">2013<\/option>\r\n\t\t\t\t\t\t\t\t\t\t\t\t\t\t\t\t\t\t\t\t\t<option value=\"https:\/\/www.trottevieille.com\/de\/chateau-trotte-vieille\/?vintage=2012#chateau-trottevieille\">2012<\/option>\r\n\t\t\t\t\t\t\t\t\t\t\t\t\t\t\t\t\t\t\t\t\t<option value=\"https:\/\/www.trottevieille.com\/de\/chateau-trotte-vieille\/?vintage=2011#chateau-trottevieille\">2011<\/option>\r\n\t\t\t\t\t\t\t\t\t\t\t\t\t\t\t\t\t\t\t\t\t<option value=\"https:\/\/www.trottevieille.com\/de\/chateau-trotte-vieille\/?vintage=2010#chateau-trottevieille\">2010<\/option>\r\n\t\t\t\t\t\t\t\t\t\t\t\t\t\t\t\t\t\t\t\t\t<option value=\"https:\/\/www.trottevieille.com\/de\/chateau-trotte-vieille\/?vintage=2009#chateau-trottevieille\">2009<\/option>\r\n\t\t\t\t\t\t\t\t\t\t\t\t\t\t\t\t\t\t\t\t\t<option value=\"https:\/\/www.trottevieille.com\/de\/chateau-trotte-vieille\/?vintage=2008#chateau-trottevieille\">2008<\/option>\r\n\t\t\t\t\t\t\t\t\t\t\t\t\t\t\t\t\t\t\t\t\t<option value=\"https:\/\/www.trottevieille.com\/de\/chateau-trotte-vieille\/?vintage=2007#chateau-trottevieille\">2007<\/option>\r\n\t\t\t\t\t\t\t\t\t\t\t\t\t\t\t\t\t\t\t\t\t<option value=\"https:\/\/www.trottevieille.com\/de\/chateau-trotte-vieille\/?vintage=2006#chateau-trottevieille\">2006<\/option>\r\n\t\t\t\t\t\t\t\t\t\t\t\t\t\t\t\t\t\t\t\t\t<option value=\"https:\/\/www.trottevieille.com\/de\/chateau-trotte-vieille\/?vintage=2005#chateau-trottevieille\">2005<\/option>\r\n\t\t\t\t\t\t\t\t\t\t\t\t\t\t\t\t\t\t\t\t\t<option value=\"https:\/\/www.trottevieille.com\/de\/chateau-trotte-vieille\/?vintage=2004#chateau-trottevieille\">2004<\/option>\r\n\t\t\t\t\t\t\t\t\t\t\t\t\t\t\t\t\t\t\t\t\t<option value=\"https:\/\/www.trottevieille.com\/de\/chateau-trotte-vieille\/?vintage=2003#chateau-trottevieille\">2003<\/option>\r\n\t\t\t\t\t\t\t\t\t\t\t\t\t\t\t\t\t\t\t\t\t<option value=\"https:\/\/www.trottevieille.com\/de\/chateau-trotte-vieille\/?vintage=2002#chateau-trottevieille\">2002<\/option>\r\n\t\t\t\t\t\t\t\t\t\t\t\t\t\t\t\t\t\t\t\t\t<option value=\"https:\/\/www.trottevieille.com\/de\/chateau-trotte-vieille\/?vintage=2001#chateau-trottevieille\">2001<\/option>\r\n\t\t\t\t\t\t\t\t\t\t\t\t\t\t\t\t\t\t\t\t\t<option value=\"https:\/\/www.trottevieille.com\/de\/chateau-trotte-vieille\/?vintage=2000#chateau-trottevieille\">2000<\/option>\r\n\t\t\t\t\t\t\t\t\t\t\t\t\t\t\t\t\t\t\t<\/select>\r\n\t\t\t\t\t\t\t\t<\/div><!-- \/.select -->\r\n\t\t\t\t\t\t\t<\/form>\r\n\t\t\t\t\t\t<\/div><!-- \/.article__actions -->\r\n\t\t\t\t\t\t\t\t<\/div><!-- \/.article__content-inner -->\r\n\t\t<\/div><!-- \/.article__content -->\r\n\r\n\t\t\t\t\t<div class=\"article-overlay\">\r\n\t\t\t\t<img loading=\"lazy\" decoding=\"async\" width=\"256\" height=\"1024\" src=\"https:\/\/www.trottevieille.com\/wp-content\/uploads\/2021\/11\/vin-1-big-256x1024.png\" class=\"attachment-large size-large\" alt=\"\" srcset=\"https:\/\/www.trottevieille.com\/wp-content\/uploads\/2021\/11\/vin-1-big-256x1024.png 256w, https:\/\/www.trottevieille.com\/wp-content\/uploads\/2021\/11\/vin-1-big-75x300.png 75w, https:\/\/www.trottevieille.com\/wp-content\/uploads\/2021\/11\/vin-1-big.png 350w\" sizes=\"(max-width: 256px) 100vw, 256px\" \/>\t\t\t<\/div><!-- \/.article-overlay -->\r\n\t\t\t<\/div><!-- \/.article-1of2 -->\r\n\t[\/vc_column][\/vc_row][vc_row full_height=&#8220;yes&#8220; columns_placement=&#8220;stretch&#8220; equal_height=&#8220;yes&#8220; content_placement=&#8220;middle&#8220; el_id=&#8220;section-4&#8243; el_class=&#8220;vc_row_article vc_row_zindex&#8220;][vc_column]\t<div id=\"dame-de-trottevieille\" class=\"article-1of2 article--reversed visible\">\r\n\t\t\t\t\t<div class=\"article__image\"\r\n\t\t\t\tstyle=\"background-image: url(https:\/\/www.trottevieille.com\/wp-content\/uploads\/2021\/05\/image-30.jpg);\">\r\n\t\t\t<\/div><!-- \/.article__image -->\r\n\t\t\r\n\t\t<div class=\"article__content\">\r\n\t\t\t<div class=\"article__content-inner\">\r\n\t\t\t\t\t<h3><span style=\"color: #000000;\">DAME DE TROTTEVIEILLE, <\/span><br \/>\n<span style=\"color: #000000;\">DER ZWEITWEIN<\/span><br \/>\n<span style=\"color: #000000;\">DES CH\u00c2TEAU TROTTEVIEILLE<\/span><\/h3>\n<p>Der Zweitwein, mit der Herkunftsbezeichnung Saint-\u00c9milion Grand Cru, wird aufgrund seiner Eleganz und Harmonie gesch\u00e4tzt. Ihn schm\u00fcckt eine granatrote Farbe und seine Nase ist reich, fruchtig, blumig mit Aromen von Holz und Kaffee. Am Gaumen ist der Wein frisch, vollmundig, mit runden Tanninen und Noten von roten Fr\u00fcchten. Wie der 1er Vin (Erstwein) bietet er einen sch\u00f6nen Abgang.<\/p>\n\r\n\t\t\t\t\t\t\t\t<\/div><!-- \/.article__content-inner -->\r\n\t\t<\/div><!-- \/.article__content -->\r\n\r\n\t\t\t\t\t<div class=\"article-overlay\">\r\n\t\t\t\t<img loading=\"lazy\" decoding=\"async\" width=\"259\" height=\"1024\" src=\"https:\/\/www.trottevieille.com\/wp-content\/uploads\/2021\/11\/vin2-big-259x1024.png\" class=\"attachment-large size-large\" alt=\"\" srcset=\"https:\/\/www.trottevieille.com\/wp-content\/uploads\/2021\/11\/vin2-big-259x1024.png 259w, https:\/\/www.trottevieille.com\/wp-content\/uploads\/2021\/11\/vin2-big-76x300.png 76w, https:\/\/www.trottevieille.com\/wp-content\/uploads\/2021\/11\/vin2-big.png 304w\" sizes=\"(max-width: 259px) 100vw, 259px\" \/>\t\t\t<\/div><!-- \/.article-overlay -->\r\n\t\t\t<\/div><!-- \/.article-1of2 -->\r\n\t[\/vc_column][\/vc_row][vc_row el_class=&#8220;vc_row_map_title&#8220;][vc_column][vc_row_inner][vc_column_inner][vc_column_text]\n<h3 style=\"text-align: center;\"><span style=\"color: #000000;\">WO SIE UNSERE WEINE FINDEN<\/span><\/h3>\n[\/vc_column_text][\/vc_column_inner][\/vc_row_inner]\t<section class=\"section-locations\">\r\n\t\t<div class=\"section__content section__content--full-width\">\r\n\t\t\t<div class=\"map map-vue\">\r\n\t\t\t\t<div id=\"map-1\" class=\"map__inner\" data-lat=\"44.841536\" data-lng=\"-0.570872\" data-marker=\"https:\/\/www.trottevieille.com\/wp-content\/themes\/chateau-trottevieille\/resources\/images\/pin-new-yellow.png\"><\/div><!-- \/.map__inner -->\r\n\t\t\t<\/div><!-- \/.map -->\r\n\t\t<\/div><!-- \/.section__content -->\r\n\r\n\t\t<aside class=\"section__aside hidden\">\r\n\t\t\t<h1>\r\n\t\t\t\t\t<a href=\"https:\/\/www.trottevieille.com\/de\/\" class=\"intro-logo\">\r\n\t\t<img loading=\"lazy\" decoding=\"async\" width=\"516\" height=\"366\" src=\"https:\/\/www.trottevieille.com\/wp-content\/uploads\/2021\/12\/logo.png\" class=\"aligncenter logo-desktop\" alt=\"\" srcset=\"https:\/\/www.trottevieille.com\/wp-content\/uploads\/2021\/12\/logo.png 516w, https:\/\/www.trottevieille.com\/wp-content\/uploads\/2021\/12\/logo-300x213.png 300w\" sizes=\"(max-width: 516px) 100vw, 516px\" \/><img loading=\"lazy\" decoding=\"async\" width=\"516\" height=\"366\" src=\"https:\/\/www.trottevieille.com\/wp-content\/uploads\/2021\/12\/logo.png\" class=\"aligncenter logo-mobile\" alt=\"\" srcset=\"https:\/\/www.trottevieille.com\/wp-content\/uploads\/2021\/12\/logo.png 516w, https:\/\/www.trottevieille.com\/wp-content\/uploads\/2021\/12\/logo-300x213.png 300w\" sizes=\"(max-width: 516px) 100vw, 516px\" \/>\t<\/a>\r\n\t\t\t\t<\/h1>\r\n\t\t\t<div id=\"locations\"><\/div><!-- \/#locations -->\r\n\t\t<\/aside><!-- \/.section__aside -->\r\n\t<\/section><!-- \/.section-locations -->\r\n\r\n\t[\/vc_column][\/vc_row]\n<\/div>","protected":false},"excerpt":{"rendered":"<p>[vc_row full_height=&#8220;yes&#8220; columns_placement=&#8220;stretch&#8220; equal_height=&#8220;yes&#8220; content_placement=&#8220;middle&#8220; css=&#8220;.vc_custom_1588065039332{background-position: center !important;background-repeat: no-repeat !important;background-size: cover !important;}&#8220; el_id=&#8220;section-1&#8243;][vc_column css_animation=&#8220;none&#8220;][\/vc_column][\/vc_row][vc_row full_height=&#8220;yes&#8220; equal_height=&#8220;yes&#8220; css_animation=&#8220;fadeInUp&#8220; el_class=&#8220;vc_row_text&#8220; el_id=&#8220;section-2&#8243;][vc_column][vc_column_text] DIE WEINE AUS SAINT-\u00c9MILION Die Weine aus Saint-\u00c9milion sind (&#8230;)<\/p>\n","protected":false},"author":5,"featured_media":0,"parent":0,"menu_order":0,"comment_status":"closed","ping_status":"closed","template":"","meta":{"footnotes":""},"class_list":["post-5624","page","type-page","status-publish","hentry"],"yoast_head":"<!-- This site is optimized with the Yoast SEO plugin v23.7 - https:\/\/yoast.com\/wordpress\/plugins\/seo\/ -->\n<title>Die weine - Ch\u00e2teau TrotteVieille<\/title>\n<meta name=\"description\" content=\"Die Weine aus Saint-\u00c9milion sind reich und vielf\u00e4ltig.Sie zeichnen sich in der Regel durch eine rubinrote Farbe mit granatroten Reflexen aus.\" \/>\n<meta name=\"robots\" content=\"index, follow, max-snippet:-1, max-image-preview:large, max-video-preview:-1\" \/>\n<link rel=\"canonical\" href=\"https:\/\/www.trottevieille.com\/de\/les-vins\/\" \/>\n<meta property=\"og:locale\" content=\"de_DE\" \/>\n<meta property=\"og:type\" content=\"article\" \/>\n<meta property=\"og:title\" content=\"Die weine - Ch\u00e2teau TrotteVieille\" \/>\n<meta property=\"og:description\" content=\"Die Weine aus Saint-\u00c9milion sind reich und vielf\u00e4ltig.Sie zeichnen sich in der Regel durch eine rubinrote Farbe mit granatroten Reflexen aus.\" \/>\n<meta property=\"og:url\" content=\"https:\/\/www.trottevieille.com\/de\/les-vins\/\" \/>\n<meta property=\"og:site_name\" content=\"Ch\u00e2teau TrotteVieille\" \/>\n<meta property=\"article:modified_time\" content=\"2022-06-14T13:04:22+00:00\" \/>\n<meta name=\"twitter:card\" content=\"summary_large_image\" \/>\n<meta name=\"twitter:label1\" content=\"Gesch\u00e4tzte Lesezeit\" \/>\n\t<meta name=\"twitter:data1\" content=\"1 Minute\" \/>\n<script type=\"application\/ld+json\" class=\"yoast-schema-graph\">{\"@context\":\"https:\/\/schema.org\",\"@graph\":[{\"@type\":\"WebPage\",\"@id\":\"https:\/\/www.trottevieille.com\/de\/les-vins\/\",\"url\":\"https:\/\/www.trottevieille.com\/de\/les-vins\/\",\"name\":\"Die weine - Ch\u00e2teau TrotteVieille\",\"isPartOf\":{\"@id\":\"https:\/\/www.trottevieille.com\/de\/#website\"},\"datePublished\":\"2020-04-28T07:33:20+00:00\",\"dateModified\":\"2022-06-14T13:04:22+00:00\",\"description\":\"Die Weine aus Saint-\u00c9milion sind reich und vielf\u00e4ltig.Sie zeichnen sich in der Regel durch eine rubinrote Farbe mit granatroten Reflexen aus.\",\"breadcrumb\":{\"@id\":\"https:\/\/www.trottevieille.com\/de\/les-vins\/#breadcrumb\"},\"inLanguage\":\"de-DE\",\"potentialAction\":[{\"@type\":\"ReadAction\",\"target\":[\"https:\/\/www.trottevieille.com\/de\/les-vins\/\"]}]},{\"@type\":\"BreadcrumbList\",\"@id\":\"https:\/\/www.trottevieille.com\/de\/les-vins\/#breadcrumb\",\"itemListElement\":[{\"@type\":\"ListItem\",\"position\":1,\"name\":\"Accueil\",\"item\":\"https:\/\/www.trottevieille.com\/de\/\"},{\"@type\":\"ListItem\",\"position\":2,\"name\":\"Die weine\"}]},{\"@type\":\"WebSite\",\"@id\":\"https:\/\/www.trottevieille.com\/de\/#website\",\"url\":\"https:\/\/www.trottevieille.com\/de\/\",\"name\":\"Ch\u00e2teau TrotteVieille\",\"description\":\"Premier grand cru class\u00e9 de Saint-\u00c9milion\",\"potentialAction\":[{\"@type\":\"SearchAction\",\"target\":{\"@type\":\"EntryPoint\",\"urlTemplate\":\"https:\/\/www.trottevieille.com\/de\/?s={search_term_string}\"},\"query-input\":{\"@type\":\"PropertyValueSpecification\",\"valueRequired\":true,\"valueName\":\"search_term_string\"}}],\"inLanguage\":\"de-DE\"}]}<\/script>\n<!-- \/ Yoast SEO plugin. -->","yoast_head_json":{"title":"Die weine - Ch\u00e2teau TrotteVieille","description":"Die Weine aus Saint-\u00c9milion sind reich und vielf\u00e4ltig.Sie zeichnen sich in der Regel durch eine rubinrote Farbe mit granatroten Reflexen aus.","robots":{"index":"index","follow":"follow","max-snippet":"max-snippet:-1","max-image-preview":"max-image-preview:large","max-video-preview":"max-video-preview:-1"},"canonical":"https:\/\/www.trottevieille.com\/de\/les-vins\/","og_locale":"de_DE","og_type":"article","og_title":"Die weine - Ch\u00e2teau TrotteVieille","og_description":"Die Weine aus Saint-\u00c9milion sind reich und vielf\u00e4ltig.Sie zeichnen sich in der Regel durch eine rubinrote Farbe mit granatroten Reflexen aus.","og_url":"https:\/\/www.trottevieille.com\/de\/les-vins\/","og_site_name":"Ch\u00e2teau TrotteVieille","article_modified_time":"2022-06-14T13:04:22+00:00","twitter_card":"summary_large_image","twitter_misc":{"Gesch\u00e4tzte Lesezeit":"1 Minute"},"schema":{"@context":"https:\/\/schema.org","@graph":[{"@type":"WebPage","@id":"https:\/\/www.trottevieille.com\/de\/les-vins\/","url":"https:\/\/www.trottevieille.com\/de\/les-vins\/","name":"Die weine - Ch\u00e2teau TrotteVieille","isPartOf":{"@id":"https:\/\/www.trottevieille.com\/de\/#website"},"datePublished":"2020-04-28T07:33:20+00:00","dateModified":"2022-06-14T13:04:22+00:00","description":"Die Weine aus Saint-\u00c9milion sind reich und vielf\u00e4ltig.Sie zeichnen sich in der Regel durch eine rubinrote Farbe mit granatroten Reflexen aus.","breadcrumb":{"@id":"https:\/\/www.trottevieille.com\/de\/les-vins\/#breadcrumb"},"inLanguage":"de-DE","potentialAction":[{"@type":"ReadAction","target":["https:\/\/www.trottevieille.com\/de\/les-vins\/"]}]},{"@type":"BreadcrumbList","@id":"https:\/\/www.trottevieille.com\/de\/les-vins\/#breadcrumb","itemListElement":[{"@type":"ListItem","position":1,"name":"Accueil","item":"https:\/\/www.trottevieille.com\/de\/"},{"@type":"ListItem","position":2,"name":"Die weine"}]},{"@type":"WebSite","@id":"https:\/\/www.trottevieille.com\/de\/#website","url":"https:\/\/www.trottevieille.com\/de\/","name":"Ch\u00e2teau TrotteVieille","description":"Premier grand cru class\u00e9 de Saint-\u00c9milion","potentialAction":[{"@type":"SearchAction","target":{"@type":"EntryPoint","urlTemplate":"https:\/\/www.trottevieille.com\/de\/?s={search_term_string}"},"query-input":{"@type":"PropertyValueSpecification","valueRequired":true,"valueName":"search_term_string"}}],"inLanguage":"de-DE"}]}},"_links":{"self":[{"href":"https:\/\/www.trottevieille.com\/de\/wp-json\/wp\/v2\/pages\/5624"}],"collection":[{"href":"https:\/\/www.trottevieille.com\/de\/wp-json\/wp\/v2\/pages"}],"about":[{"href":"https:\/\/www.trottevieille.com\/de\/wp-json\/wp\/v2\/types\/page"}],"author":[{"embeddable":true,"href":"https:\/\/www.trottevieille.com\/de\/wp-json\/wp\/v2\/users\/5"}],"replies":[{"embeddable":true,"href":"https:\/\/www.trottevieille.com\/de\/wp-json\/wp\/v2\/comments?post=5624"}],"version-history":[{"count":0,"href":"https:\/\/www.trottevieille.com\/de\/wp-json\/wp\/v2\/pages\/5624\/revisions"}],"wp:attachment":[{"href":"https:\/\/www.trottevieille.com\/de\/wp-json\/wp\/v2\/media?parent=5624"}],"curies":[{"name":"wp","href":"https:\/\/api.w.org\/{rel}","templated":true}]}}