{"id":5605,"date":"2020-03-09T16:42:16","date_gmt":"2020-03-09T15:42:16","guid":{"rendered":"https:\/\/www.trottevieille.com\/equipe-du-chateau\/"},"modified":"2024-07-19T10:24:47","modified_gmt":"2024-07-19T08:24:47","slug":"equipe-du-chateau","status":"publish","type":"page","link":"https:\/\/www.trottevieille.com\/de\/equipe-du-chateau\/","title":{"rendered":"Das team"},"content":{"rendered":"<div class=\"wpb-content-wrapper\">[vc_row full_height=&#8220;yes&#8220; columns_placement=&#8220;stretch&#8220; el_class=&#8220;vc_row_intro&#8220; css=&#8220;.vc_custom_1622104495866{background-image: url(https:\/\/www.trottevieille.com\/wp-content\/uploads\/2021\/05\/intro-image-3.jpg?id=2964) !important;background-position: center !important;background-repeat: no-repeat !important;background-size: cover !important;}&#8220; el_id=&#8220;section-1&#8243;][vc_column][vc_column_text]\t<p>\r\n\t\t<a href=\"https:\/\/www.trottevieille.com\/de\/\" class=\"intro-logo\">\r\n\t\t\t<img loading=\"lazy\" decoding=\"async\" width=\"516\" height=\"366\" src=\"https:\/\/www.trottevieille.com\/wp-content\/uploads\/2021\/05\/logo.png\" class=\"aligncenter logo-desktop\" alt=\"\" srcset=\"https:\/\/www.trottevieille.com\/wp-content\/uploads\/2021\/05\/logo.png 516w, https:\/\/www.trottevieille.com\/wp-content\/uploads\/2021\/05\/logo-300x213.png 300w\" sizes=\"(max-width: 516px) 100vw, 516px\" \/><img loading=\"lazy\" decoding=\"async\" width=\"516\" height=\"366\" src=\"https:\/\/www.trottevieille.com\/wp-content\/uploads\/2021\/05\/logo.png\" class=\"aligncenter logo-mobile\" alt=\"\" srcset=\"https:\/\/www.trottevieille.com\/wp-content\/uploads\/2021\/05\/logo.png 516w, https:\/\/www.trottevieille.com\/wp-content\/uploads\/2021\/05\/logo-300x213.png 300w\" sizes=\"(max-width: 516px) 100vw, 516px\" \/>\t\t<\/a>\r\n\t<\/p>\r\n\t\n<h1 style=\"text-align: center;\"><span style=\"color: #ffffff;\">DAS TEAM<\/span><\/h1>\n[\/vc_column_text][\/vc_column][\/vc_row][vc_row full_height=&#8220;yes&#8220; equal_height=&#8220;yes&#8220; content_placement=&#8220;middle&#8220; el_id=&#8220;section-2&#8243; el_class=&#8220;vc_row_image_grid&#8220;][vc_column css_animation=&#8220;fadeInLeft&#8220; width=&#8220;1\/2&#8243;][vc_column_text]\n<h2><span style=\"color: #000000;\">EIN EINGESPIELTES TEAM&#8230;<\/span><\/h2>\n<p>Ab den 1980er Jahren \u00fcbernahm Philippe Cast\u00e9ja die Leitung von TrotteVieille. Er wird von sechs Mitarbeitern im Weingut, drei Mitarbeitern in den B\u00fcros.<\/p>\n<p>Gutsverwalter ist seit 1999 Christophe Dussutour. Er arbeitet t\u00e4glich mit dem Kellermeister Val\u00e9rio Mortari zusammen, der 2018 dazugekommen ist. Elena Nguyen kam im Jahre 2023 in das Team, um den Weintourismus am Chateau zu entwickeln.<\/p>\n<p>Thierry Ruban, der 1994 hinzustie\u00df, ist Verwaltungsdirektor; er wird von Marie Leuret und B\u00e9atrice Frapp\u00e9 unterst\u00fctzt, die 2018 Mitglieder des Teams wurden.[\/vc_column_text][\/vc_column][vc_column css_animation=&#8220;fadeInRight&#8220; width=&#8220;1\/2&#8243; el_class=&#8220;vc_column_images grid-image-3&#8243;][vc_column_text]<img loading=\"lazy\" decoding=\"async\" class=\"alignnone wp-image-5616 size-full\" src=\"https:\/\/www.trottevieille.com\/wp-content\/uploads\/2021\/11\/THIERRY-RUBAN-REMPLACER-A-LA-PLACE-DE-PHILIPPE-CASTEJA.jpg\" alt=\"\" width=\"463\" height=\"700\" srcset=\"https:\/\/www.trottevieille.com\/wp-content\/uploads\/2021\/11\/THIERRY-RUBAN-REMPLACER-A-LA-PLACE-DE-PHILIPPE-CASTEJA.jpg 463w, https:\/\/www.trottevieille.com\/wp-content\/uploads\/2021\/11\/THIERRY-RUBAN-REMPLACER-A-LA-PLACE-DE-PHILIPPE-CASTEJA-198x300.jpg 198w\" sizes=\"(max-width: 463px) 100vw, 463px\" \/><img loading=\"lazy\" decoding=\"async\" class=\"alignnone wp-image-6346\" src=\"https:\/\/www.trottevieille.com\/wp-content\/uploads\/2023\/10\/\u00a9-Miguel-Ramos_MRA4615_WEB-2500px_72DPI-2-e1709116135818-699x1024.jpg\" alt=\"\" width=\"462\" height=\"677\" srcset=\"https:\/\/www.trottevieille.com\/wp-content\/uploads\/2023\/10\/\u00a9-Miguel-Ramos_MRA4615_WEB-2500px_72DPI-2-e1709116135818-699x1024.jpg 699w, https:\/\/www.trottevieille.com\/wp-content\/uploads\/2023\/10\/\u00a9-Miguel-Ramos_MRA4615_WEB-2500px_72DPI-2-e1709116135818-205x300.jpg 205w, https:\/\/www.trottevieille.com\/wp-content\/uploads\/2023\/10\/\u00a9-Miguel-Ramos_MRA4615_WEB-2500px_72DPI-2-e1709116135818-768x1126.jpg 768w, https:\/\/www.trottevieille.com\/wp-content\/uploads\/2023\/10\/\u00a9-Miguel-Ramos_MRA4615_WEB-2500px_72DPI-2-e1709116135818-1048x1536.jpg 1048w, https:\/\/www.trottevieille.com\/wp-content\/uploads\/2023\/10\/\u00a9-Miguel-Ramos_MRA4615_WEB-2500px_72DPI-2-e1709116135818.jpg 1279w\" sizes=\"(max-width: 462px) 100vw, 462px\" \/><img loading=\"lazy\" decoding=\"async\" class=\"alignnone wp-image-5618 size-full\" src=\"https:\/\/www.trottevieille.com\/wp-content\/uploads\/2021\/11\/7H0A1108.jpg\" alt=\"\" width=\"463\" height=\"699\" srcset=\"https:\/\/www.trottevieille.com\/wp-content\/uploads\/2021\/11\/7H0A1108.jpg 463w, https:\/\/www.trottevieille.com\/wp-content\/uploads\/2021\/11\/7H0A1108-199x300.jpg 199w\" sizes=\"(max-width: 463px) 100vw, 463px\" \/><img loading=\"lazy\" decoding=\"async\" class=\"alignnone wp-image-5619 size-full\" src=\"https:\/\/www.trottevieille.com\/wp-content\/uploads\/2021\/11\/7H0A1892.jpg\" alt=\"\" width=\"471\" height=\"713\" srcset=\"https:\/\/www.trottevieille.com\/wp-content\/uploads\/2021\/11\/7H0A1892.jpg 471w, https:\/\/www.trottevieille.com\/wp-content\/uploads\/2021\/11\/7H0A1892-198x300.jpg 198w\" sizes=\"(max-width: 471px) 100vw, 471px\" \/>[\/vc_column_text][\/vc_column][\/vc_row][vc_row full_height=&#8220;yes&#8220; equal_height=&#8220;yes&#8220; content_placement=&#8220;middle&#8220; el_id=&#8220;section-3&#8243; el_class=&#8220;vc_row_images&#8220; css=&#8220;.vc_custom_1622106686615{background-color: #f7f7f7 !important;}&#8220;][vc_column css_animation=&#8220;fadeInLeft&#8220; width=&#8220;7\/12&#8243; el_class=&#8220;vc_column_images&#8220;][vc_column_text]<img loading=\"lazy\" decoding=\"async\" class=\"alignnone wp-image-5615 size-full\" src=\"https:\/\/www.trottevieille.com\/wp-content\/uploads\/2021\/09\/Axel-Marchal_bloc.png\" alt=\"\" width=\"225\" height=\"340\" srcset=\"https:\/\/www.trottevieille.com\/wp-content\/uploads\/2021\/09\/Axel-Marchal_bloc.png 225w, https:\/\/www.trottevieille.com\/wp-content\/uploads\/2021\/09\/Axel-Marchal_bloc-199x300.png 199w\" sizes=\"(max-width: 225px) 100vw, 225px\" \/><img loading=\"lazy\" decoding=\"async\" class=\"alignnone size-full wp-image-5608\" src=\"https:\/\/www.trottevieille.com\/wp-content\/uploads\/2021\/05\/image-23.jpg\" alt=\"\" width=\"225\" height=\"341\" srcset=\"https:\/\/www.trottevieille.com\/wp-content\/uploads\/2021\/05\/image-23.jpg 225w, https:\/\/www.trottevieille.com\/wp-content\/uploads\/2021\/05\/image-23-198x300.jpg 198w\" sizes=\"(max-width: 225px) 100vw, 225px\" \/><img loading=\"lazy\" decoding=\"async\" class=\"alignnone size-full wp-image-5609\" src=\"https:\/\/www.trottevieille.com\/wp-content\/uploads\/2021\/05\/image-24.jpg\" alt=\"\" width=\"226\" height=\"341\" srcset=\"https:\/\/www.trottevieille.com\/wp-content\/uploads\/2021\/05\/image-24.jpg 226w, https:\/\/www.trottevieille.com\/wp-content\/uploads\/2021\/05\/image-24-199x300.jpg 199w\" sizes=\"(max-width: 226px) 100vw, 226px\" \/>[\/vc_column_text][\/vc_column][vc_column css_animation=&#8220;fadeInRight&#8220; width=&#8220;5\/12&#8243; css=&#8220;.vc_custom_1622105856654{background-position: center !important;background-repeat: no-repeat !important;background-size: cover !important;}&#8220;][vc_column_text]\n<h2><span style=\"color: #000000;\">&#8230; BEGLEITET VON<\/span><br \/>\n<span style=\"color: #000000;\">DREI ANERKANNTEN<\/span><br \/>\n<span style=\"color: #000000;\">BERATENDEN \u00d6NOLOGEN<\/span><\/h2>\n<p>Um ihre Weine zu perfektionieren, nimmt die Familie Cast\u00e9ja bereits seit 2011 die Dienste von Thomas Duclos in Anspruch, einem \u00d6nologen und Partner des Beratungs- und Analyseunternehmens Oenoteam, der im Kontakt mit den Teams die Identit\u00e4tsentwicklung von Ch\u00e2teau TrotteVieille begleitet.<\/p>\n<p>Das Team wird au\u00dferdem seit etwa 15 Jahren von Val\u00e9rie Lavigne, einer Lehrkraft und Forscherin der Fakult\u00e4t f\u00fcr \u00d6nologie in Bordeaux und Ausbilderin des Weinverbands CIVB, unterst\u00fctzt sowie seit etwa 5 Jahren von Axel Marchal, einem Dozenten am Institut des Sciences et de la Vigne.[\/vc_column_text][\/vc_column][\/vc_row]\n<\/div>","protected":false},"excerpt":{"rendered":"<p>[vc_row full_height=&#8220;yes&#8220; columns_placement=&#8220;stretch&#8220; el_class=&#8220;vc_row_intro&#8220; css=&#8220;.vc_custom_1622104495866{background-image: url(https:\/\/www.trottevieille.com\/wp-content\/uploads\/2021\/05\/intro-image-3.jpg?id=2964) !important;background-position: center !important;background-repeat: no-repeat !important;background-size: cover !important;}&#8220; el_id=&#8220;section-1&#8243;][vc_column][vc_column_text] DAS TEAM [\/vc_column_text][\/vc_column][\/vc_row][vc_row full_height=&#8220;yes&#8220; equal_height=&#8220;yes&#8220; content_placement=&#8220;middle&#8220; el_id=&#8220;section-2&#8243; el_class=&#8220;vc_row_image_grid&#8220;][vc_column css_animation=&#8220;fadeInLeft&#8220; width=&#8220;1\/2&#8243;][vc_column_text] EIN EINGESPIELTES TEAM&#8230; Ab (&#8230;)<\/p>\n","protected":false},"author":5,"featured_media":0,"parent":0,"menu_order":0,"comment_status":"closed","ping_status":"closed","template":"","meta":{"footnotes":""},"class_list":["post-5605","page","type-page","status-publish","hentry"],"yoast_head":"<!-- This site is optimized with the Yoast SEO plugin v23.7 - https:\/\/yoast.com\/wordpress\/plugins\/seo\/ -->\n<title>Das Team - Ch\u00e2teau TrotteVieille<\/title>\n<meta name=\"description\" content=\"Ab den 1980er Jahren \u00fcbernahm Philippe Cast\u00e9ja die Leitung von TrotteVieille. Er wird von sechs Mitarbeitern im Weingut...\" \/>\n<meta name=\"robots\" content=\"index, follow, max-snippet:-1, max-image-preview:large, max-video-preview:-1\" \/>\n<link rel=\"canonical\" href=\"https:\/\/www.trottevieille.com\/de\/equipe-du-chateau\/\" \/>\n<meta property=\"og:locale\" content=\"de_DE\" \/>\n<meta property=\"og:type\" content=\"article\" \/>\n<meta property=\"og:title\" content=\"Das Team - Ch\u00e2teau TrotteVieille\" \/>\n<meta property=\"og:description\" content=\"Ab den 1980er Jahren \u00fcbernahm Philippe Cast\u00e9ja die Leitung von TrotteVieille. Er wird von sechs Mitarbeitern im Weingut...\" \/>\n<meta property=\"og:url\" content=\"https:\/\/www.trottevieille.com\/de\/equipe-du-chateau\/\" \/>\n<meta property=\"og:site_name\" content=\"Ch\u00e2teau TrotteVieille\" \/>\n<meta property=\"article:modified_time\" content=\"2024-07-19T08:24:47+00:00\" \/>\n<meta property=\"og:image\" content=\"https:\/\/www.trottevieille.com\/wp-content\/uploads\/2021\/11\/THIERRY-RUBAN-REMPLACER-A-LA-PLACE-DE-PHILIPPE-CASTEJA.jpg\" \/>\n<meta name=\"twitter:card\" content=\"summary_large_image\" \/>\n<meta name=\"twitter:label1\" content=\"Gesch\u00e4tzte Lesezeit\" \/>\n\t<meta name=\"twitter:data1\" content=\"3 Minuten\" \/>\n<script type=\"application\/ld+json\" class=\"yoast-schema-graph\">{\"@context\":\"https:\/\/schema.org\",\"@graph\":[{\"@type\":\"WebPage\",\"@id\":\"https:\/\/www.trottevieille.com\/de\/equipe-du-chateau\/\",\"url\":\"https:\/\/www.trottevieille.com\/de\/equipe-du-chateau\/\",\"name\":\"Das Team - Ch\u00e2teau TrotteVieille\",\"isPartOf\":{\"@id\":\"https:\/\/www.trottevieille.com\/de\/#website\"},\"primaryImageOfPage\":{\"@id\":\"https:\/\/www.trottevieille.com\/de\/equipe-du-chateau\/#primaryimage\"},\"image\":{\"@id\":\"https:\/\/www.trottevieille.com\/de\/equipe-du-chateau\/#primaryimage\"},\"thumbnailUrl\":\"https:\/\/www.trottevieille.com\/wp-content\/uploads\/2021\/11\/THIERRY-RUBAN-REMPLACER-A-LA-PLACE-DE-PHILIPPE-CASTEJA.jpg\",\"datePublished\":\"2020-03-09T15:42:16+00:00\",\"dateModified\":\"2024-07-19T08:24:47+00:00\",\"description\":\"Ab den 1980er Jahren \u00fcbernahm Philippe Cast\u00e9ja die Leitung von TrotteVieille. Er wird von sechs Mitarbeitern im Weingut...\",\"breadcrumb\":{\"@id\":\"https:\/\/www.trottevieille.com\/de\/equipe-du-chateau\/#breadcrumb\"},\"inLanguage\":\"de-DE\",\"potentialAction\":[{\"@type\":\"ReadAction\",\"target\":[\"https:\/\/www.trottevieille.com\/de\/equipe-du-chateau\/\"]}]},{\"@type\":\"ImageObject\",\"inLanguage\":\"de-DE\",\"@id\":\"https:\/\/www.trottevieille.com\/de\/equipe-du-chateau\/#primaryimage\",\"url\":\"https:\/\/www.trottevieille.com\/wp-content\/uploads\/2021\/11\/THIERRY-RUBAN-REMPLACER-A-LA-PLACE-DE-PHILIPPE-CASTEJA.jpg\",\"contentUrl\":\"https:\/\/www.trottevieille.com\/wp-content\/uploads\/2021\/11\/THIERRY-RUBAN-REMPLACER-A-LA-PLACE-DE-PHILIPPE-CASTEJA.jpg\"},{\"@type\":\"BreadcrumbList\",\"@id\":\"https:\/\/www.trottevieille.com\/de\/equipe-du-chateau\/#breadcrumb\",\"itemListElement\":[{\"@type\":\"ListItem\",\"position\":1,\"name\":\"Accueil\",\"item\":\"https:\/\/www.trottevieille.com\/de\/\"},{\"@type\":\"ListItem\",\"position\":2,\"name\":\"Das team\"}]},{\"@type\":\"WebSite\",\"@id\":\"https:\/\/www.trottevieille.com\/de\/#website\",\"url\":\"https:\/\/www.trottevieille.com\/de\/\",\"name\":\"Ch\u00e2teau TrotteVieille\",\"description\":\"Premier grand cru class\u00e9 de Saint-\u00c9milion\",\"potentialAction\":[{\"@type\":\"SearchAction\",\"target\":{\"@type\":\"EntryPoint\",\"urlTemplate\":\"https:\/\/www.trottevieille.com\/de\/?s={search_term_string}\"},\"query-input\":{\"@type\":\"PropertyValueSpecification\",\"valueRequired\":true,\"valueName\":\"search_term_string\"}}],\"inLanguage\":\"de-DE\"}]}<\/script>\n<!-- \/ Yoast SEO plugin. -->","yoast_head_json":{"title":"Das Team - Ch\u00e2teau TrotteVieille","description":"Ab den 1980er Jahren \u00fcbernahm Philippe Cast\u00e9ja die Leitung von TrotteVieille. Er wird von sechs Mitarbeitern im Weingut...","robots":{"index":"index","follow":"follow","max-snippet":"max-snippet:-1","max-image-preview":"max-image-preview:large","max-video-preview":"max-video-preview:-1"},"canonical":"https:\/\/www.trottevieille.com\/de\/equipe-du-chateau\/","og_locale":"de_DE","og_type":"article","og_title":"Das Team - Ch\u00e2teau TrotteVieille","og_description":"Ab den 1980er Jahren \u00fcbernahm Philippe Cast\u00e9ja die Leitung von TrotteVieille. Er wird von sechs Mitarbeitern im Weingut...","og_url":"https:\/\/www.trottevieille.com\/de\/equipe-du-chateau\/","og_site_name":"Ch\u00e2teau TrotteVieille","article_modified_time":"2024-07-19T08:24:47+00:00","og_image":[{"url":"https:\/\/www.trottevieille.com\/wp-content\/uploads\/2021\/11\/THIERRY-RUBAN-REMPLACER-A-LA-PLACE-DE-PHILIPPE-CASTEJA.jpg"}],"twitter_card":"summary_large_image","twitter_misc":{"Gesch\u00e4tzte Lesezeit":"3 Minuten"},"schema":{"@context":"https:\/\/schema.org","@graph":[{"@type":"WebPage","@id":"https:\/\/www.trottevieille.com\/de\/equipe-du-chateau\/","url":"https:\/\/www.trottevieille.com\/de\/equipe-du-chateau\/","name":"Das Team - Ch\u00e2teau TrotteVieille","isPartOf":{"@id":"https:\/\/www.trottevieille.com\/de\/#website"},"primaryImageOfPage":{"@id":"https:\/\/www.trottevieille.com\/de\/equipe-du-chateau\/#primaryimage"},"image":{"@id":"https:\/\/www.trottevieille.com\/de\/equipe-du-chateau\/#primaryimage"},"thumbnailUrl":"https:\/\/www.trottevieille.com\/wp-content\/uploads\/2021\/11\/THIERRY-RUBAN-REMPLACER-A-LA-PLACE-DE-PHILIPPE-CASTEJA.jpg","datePublished":"2020-03-09T15:42:16+00:00","dateModified":"2024-07-19T08:24:47+00:00","description":"Ab den 1980er Jahren \u00fcbernahm Philippe Cast\u00e9ja die Leitung von TrotteVieille. Er wird von sechs Mitarbeitern im Weingut...","breadcrumb":{"@id":"https:\/\/www.trottevieille.com\/de\/equipe-du-chateau\/#breadcrumb"},"inLanguage":"de-DE","potentialAction":[{"@type":"ReadAction","target":["https:\/\/www.trottevieille.com\/de\/equipe-du-chateau\/"]}]},{"@type":"ImageObject","inLanguage":"de-DE","@id":"https:\/\/www.trottevieille.com\/de\/equipe-du-chateau\/#primaryimage","url":"https:\/\/www.trottevieille.com\/wp-content\/uploads\/2021\/11\/THIERRY-RUBAN-REMPLACER-A-LA-PLACE-DE-PHILIPPE-CASTEJA.jpg","contentUrl":"https:\/\/www.trottevieille.com\/wp-content\/uploads\/2021\/11\/THIERRY-RUBAN-REMPLACER-A-LA-PLACE-DE-PHILIPPE-CASTEJA.jpg"},{"@type":"BreadcrumbList","@id":"https:\/\/www.trottevieille.com\/de\/equipe-du-chateau\/#breadcrumb","itemListElement":[{"@type":"ListItem","position":1,"name":"Accueil","item":"https:\/\/www.trottevieille.com\/de\/"},{"@type":"ListItem","position":2,"name":"Das team"}]},{"@type":"WebSite","@id":"https:\/\/www.trottevieille.com\/de\/#website","url":"https:\/\/www.trottevieille.com\/de\/","name":"Ch\u00e2teau TrotteVieille","description":"Premier grand cru class\u00e9 de Saint-\u00c9milion","potentialAction":[{"@type":"SearchAction","target":{"@type":"EntryPoint","urlTemplate":"https:\/\/www.trottevieille.com\/de\/?s={search_term_string}"},"query-input":{"@type":"PropertyValueSpecification","valueRequired":true,"valueName":"search_term_string"}}],"inLanguage":"de-DE"}]}},"_links":{"self":[{"href":"https:\/\/www.trottevieille.com\/de\/wp-json\/wp\/v2\/pages\/5605"}],"collection":[{"href":"https:\/\/www.trottevieille.com\/de\/wp-json\/wp\/v2\/pages"}],"about":[{"href":"https:\/\/www.trottevieille.com\/de\/wp-json\/wp\/v2\/types\/page"}],"author":[{"embeddable":true,"href":"https:\/\/www.trottevieille.com\/de\/wp-json\/wp\/v2\/users\/5"}],"replies":[{"embeddable":true,"href":"https:\/\/www.trottevieille.com\/de\/wp-json\/wp\/v2\/comments?post=5605"}],"version-history":[{"count":0,"href":"https:\/\/www.trottevieille.com\/de\/wp-json\/wp\/v2\/pages\/5605\/revisions"}],"wp:attachment":[{"href":"https:\/\/www.trottevieille.com\/de\/wp-json\/wp\/v2\/media?parent=5605"}],"curies":[{"name":"wp","href":"https:\/\/api.w.org\/{rel}","templated":true}]}}