{"id":5546,"date":"2019-04-17T09:31:04","date_gmt":"2019-04-17T09:31:04","guid":{"rendered":"https:\/\/www.trottevieille.com\/presentation\/"},"modified":"2022-06-14T12:13:14","modified_gmt":"2022-06-14T10:13:14","slug":"presentation","status":"publish","type":"page","link":"https:\/\/www.trottevieille.com\/de\/presentation\/","title":{"rendered":"Geschichte"},"content":{"rendered":"<div class=\"wpb-content-wrapper\">[vc_row full_height=&#8220;yes&#8220; columns_placement=&#8220;stretch&#8220; el_class=&#8220;vc_row_intro&#8220; css=&#8220;.vc_custom_1621596506878{background-image: url(https:\/\/www.trottevieille.com\/wp-content\/uploads\/2021\/05\/intro-image-1.jpg?id=2847) !important;background-position: center !important;background-repeat: no-repeat !important;background-size: cover !important;}&#8220; el_id=&#8220;section-1&#8243;][vc_column][vc_column_text]\t<p>\r\n\t\t<a href=\"https:\/\/www.trottevieille.com\/de\/\" class=\"intro-logo\">\r\n\t\t\t<img loading=\"lazy\" decoding=\"async\" width=\"516\" height=\"366\" src=\"https:\/\/www.trottevieille.com\/wp-content\/uploads\/2021\/05\/logo.png\" class=\"aligncenter logo-desktop\" alt=\"\" srcset=\"https:\/\/www.trottevieille.com\/wp-content\/uploads\/2021\/05\/logo.png 516w, https:\/\/www.trottevieille.com\/wp-content\/uploads\/2021\/05\/logo-300x213.png 300w\" sizes=\"(max-width: 516px) 100vw, 516px\" \/><img loading=\"lazy\" decoding=\"async\" width=\"516\" height=\"366\" src=\"https:\/\/www.trottevieille.com\/wp-content\/uploads\/2021\/05\/logo.png\" class=\"aligncenter logo-mobile\" alt=\"\" srcset=\"https:\/\/www.trottevieille.com\/wp-content\/uploads\/2021\/05\/logo.png 516w, https:\/\/www.trottevieille.com\/wp-content\/uploads\/2021\/05\/logo-300x213.png 300w\" sizes=\"(max-width: 516px) 100vw, 516px\" \/>\t\t<\/a>\r\n\t<\/p>\r\n\t\n<h1 style=\"text-align: center;\"><span style=\"color: #ffffff;\">GESCHICHTE<\/span><\/h1>\n[\/vc_column_text][\/vc_column][\/vc_row][vc_row full_height=&#8220;yes&#8220; columns_placement=&#8220;stretch&#8220; equal_height=&#8220;yes&#8220; content_placement=&#8220;middle&#8220; el_id=&#8220;section-2&#8243;][vc_column css_animation=&#8220;fadeInLeft&#8220; width=&#8220;1\/2&#8243;][vc_column_text]\n<h2><span style=\"color: #000000;\">EINE GESCHICHTE, DIE BIS INS 15. JAHRHUNDERT ZUR\u00dcCKREICHT<\/span><\/h2>\n<p>Das hohe Alter des Weinguts belegt ein auf Pergament in Gaskognisch verfasster Pachtvertrag aus dem 15. Jahrhundert. Was den Ursprung des Namens TrotteVieille betrifft, so geht die Legende davon aus, dass eine neugierige \u00e4ltere Dame (auf Franz\u00f6sisch \u201eVieille\u201c), die einst einsam an diesem Ort lebte, regelm\u00e4\u00dfig zur nahegelegenen Poststation trottete, um sich nach Neuigkeiten zu erkundigen![\/vc_column_text][\/vc_column][vc_column css_animation=&#8220;fadeInRight&#8220; width=&#8220;1\/2&#8243; css=&#8220;.vc_custom_1621596572997{background-image: url(https:\/\/www.trottevieille.com\/wp-content\/uploads\/2021\/05\/image-5.jpg?id=2851) !important;background-position: center !important;background-repeat: no-repeat !important;background-size: cover !important;}&#8220;][\/vc_column][\/vc_row][vc_row full_height=&#8220;yes&#8220; equal_height=&#8220;yes&#8220; content_placement=&#8220;middle&#8220; css=&#8220;.vc_custom_1555571021527{background-color: #f8f7f7 !important;}&#8220; el_id=&#8220;section-3&#8243;][vc_column css_animation=&#8220;fadeInLeft&#8220; width=&#8220;1\/3&#8243; css=&#8220;.vc_custom_1621596681471{background-image: url(https:\/\/www.trottevieille.com\/wp-content\/uploads\/2021\/05\/image-6.jpg?id=2855) !important;background-position: center !important;background-repeat: no-repeat !important;background-size: cover !important;}&#8220;][\/vc_column][vc_column css_animation=&#8220;fadeInRight&#8220; width=&#8220;2\/3&#8243;][vc_column_text]\n<h3><span style=\"color: #000000;\">VOM 18. BIS ZUM 19. <\/span><br \/>\n<span style=\"color: #000000;\">JAHRHUNDERT: EINE ABFOLGE VON BESITZERN<\/span><\/h3>\n<p>Vor der Franz\u00f6sischen Revolution geh\u00f6rten die L\u00e4ndereien von TrotteVieille Jean Laveau, dem Eigent\u00fcmer des Ch\u00e2teau Villemaurine (Grand Cru Class\u00e9 Saint-\u00c9milion). 1841 erwarb das Gut Isambert, ein Anwalt und Eigent\u00fcmer des Ch\u00e2teau l&#8217;Evangile (Pomerol).<\/p>\n<blockquote><p><em>\u201e1867 erhielt das Ch\u00e2teau TrotteVieille auf der Weltausstellung eine Goldmedaille.\u201c <\/em><\/p><\/blockquote>\n[\/vc_column_text][\/vc_column][\/vc_row][vc_row full_height=&#8220;yes&#8220; columns_placement=&#8220;stretch&#8220; equal_height=&#8220;yes&#8220; content_placement=&#8220;middle&#8220; el_id=&#8220;section-4&#8243; el_class=&#8220;vc_row_half&#8220;][vc_column][vc_row_inner equal_height=&#8220;yes&#8220; content_placement=&#8220;middle&#8220;][vc_column_inner width=&#8220;1\/2&#8243;][vc_column_text]\n<h3><span style=\"color: #000000;\">TEILEN&#8230;<\/span><\/h3>\n<p>1868 wurde das Anwesen von zwei neuen Eigent\u00fcmern erworben und in zwei Teile geteilt, von denen einer von nun an der Familie Dumugron geh\u00f6rte. Im Jahr 1874 war der Besitzer des Ch\u00e2teau Alexis Dumugron. Einige Jahre sp\u00e4ter, im Jahr 1886, wurden Pierre und Edouard Jean seine Teilhaber.[\/vc_column_text][\/vc_column_inner][vc_column_inner width=&#8220;1\/2&#8243; css=&#8220;.vc_custom_1621597289757{background-image: url(https:\/\/www.trottevieille.com\/wp-content\/uploads\/2021\/05\/image-7.jpg?id=2860) !important;background-position: center !important;background-repeat: no-repeat !important;background-size: cover !important;}&#8220;][\/vc_column_inner][\/vc_row_inner][vc_row_inner equal_height=&#8220;yes&#8220; content_placement=&#8220;middle&#8220;][vc_column_inner width=&#8220;1\/2&#8243; css=&#8220;.vc_custom_1621597375028{background-image: url(https:\/\/www.trottevieille.com\/wp-content\/uploads\/2021\/05\/image-8.jpg?id=2864) !important;background-position: center !important;background-repeat: no-repeat !important;background-size: cover !important;}&#8220;][\/vc_column_inner][vc_column_inner width=&#8220;1\/2&#8243;][vc_column_text]\n<h3><span style=\"color: #000000;\">&#8230;UND ZUSAMMENF\u00dcHREN<\/span><\/h3>\n<p>Im Jahr 1898 wurde das Weingut unter der Leitung von Edouard Jean wiedervereinigt. Im Jahr 1908 trat sein Sohn Charles Jean seine Nachfolge an. Ab 1929 \u00fcbernahm Josephine Gibaud, die Ehefrau von Charles, die Leitung, bis das Anwesen 1942 von den Erben von Charles Jean und Josephine Gibaud \u00fcbernommen wurde.[\/vc_column_text][\/vc_column_inner][\/vc_row_inner][\/vc_column][\/vc_row][vc_row full_height=&#8220;yes&#8220; columns_placement=&#8220;stretch&#8220; equal_height=&#8220;yes&#8220; content_placement=&#8220;middle&#8220; css=&#8220;.vc_custom_1621601430261{background-image: url(https:\/\/www.trottevieille.com\/wp-content\/uploads\/2021\/05\/image-9.jpg?id=2876) !important;background-position: center !important;background-repeat: no-repeat !important;background-size: cover !important;}&#8220; el_id=&#8220;section-5&#8243; el_class=&#8220;vc_row_dark_overlay&#8220;][vc_column css_animation=&#8220;fadeInRight&#8220;][vc_column_text]\n<h3><span style=\"color: #ffffff;\">VON 1947 BIS 1961:<\/span><br \/>\n<span style=\"color: #ffffff;\">VERWALTUNG DES WEINGUTS<\/span><br \/>\n<span style=\"color: #ffffff;\">DURCH MARCEL BORIE<\/span><\/h3>\n<p><span style=\"color: #ffffff;\">1947 kaufte Marcel Borie, einer der Gr\u00fcnderbr\u00fcder von Borie-Manoux und Weinh\u00e4ndler in Bordeaux, aus einer Laune heraus das Ch\u00e2teau TrotteVieille von den beiden Enkeln von Charles Jean.<\/span><\/p>\n<blockquote><p><em>\u201e1955 erhielt das Weingut eine Klassifizierung als Premier Grand Cru Saint-\u00c9milion, ein Rang, der bis heute beibehalten wurde.\u201c <\/em><\/p><\/blockquote>\n[\/vc_column_text][\/vc_column][\/vc_row][vc_row full_height=&#8220;yes&#8220; columns_placement=&#8220;stretch&#8220; equal_height=&#8220;yes&#8220; content_placement=&#8220;middle&#8220; css_animation=&#8220;none&#8220; css=&#8220;.vc_custom_1621604579712{background-position: center !important;background-repeat: no-repeat !important;background-size: cover !important;}&#8220; el_id=&#8220;section-6&#8243;][vc_column css_animation=&#8220;fadeInLeft&#8220; width=&#8220;1\/2&#8243;][vc_column_text]\n<h3><span style=\"color: #491600;\">VON 1961 BIS HEUTE:<\/span><br \/>\n<span style=\"color: #491600;\">VON DER FAMILIE BORIE<\/span><br \/>\n<span style=\"color: #491600;\">ZUR FAMILIE CAST\u00c9JA<\/span><\/h3>\n<p>Nach dem Tod von Marcel Borie trat \u00c9mile Cast\u00e9ja, sein Schwiegersohn, die Nachfolge an. In den 1990er Jahren \u00fcbernahm Philippe Cast\u00e9ja, der Sohn von \u00c9mile Cast\u00e9ja und Denise Cast\u00e9ja, geborene Borie, die Leitung des Ch\u00e2teau TrotteVieille.<\/p>\n<p>In den 2000er Jahren brachten \u00c9mile Cast\u00e9ja und Philippe Cast\u00e9ja Vieille Dame de TrotteVieille, den Zweitwein des Ch\u00e2teau TrotteVieille, auf den Markt. Er wurde ab dem Jahrgang 2010 in Dame de TrotteVieille umbenannt.<\/p>\n<p>Im Jahr 2012 wurden die Weinberge des Ch\u00e2teau Bergat (4 ha), Grand Cru Class\u00e9 Saint-\u00c9milion, Teil von Ch\u00e2teau TrotteVieille.[\/vc_column_text][\/vc_column][vc_column css_animation=&#8220;fadeInRight&#8220; width=&#8220;1\/2&#8243; css=&#8220;.vc_custom_1636548569554{background-image: url(https:\/\/www.trottevieille.com\/wp-content\/uploads\/2021\/11\/BLOC-6-PHC-ET-EMILE-CASTEJA.jpg?id=3767) !important;background-position: center !important;background-repeat: no-repeat !important;background-size: cover !important;}&#8220;][\/vc_column][\/vc_row]\n<\/div>","protected":false},"excerpt":{"rendered":"<p>[vc_row full_height=&#8220;yes&#8220; columns_placement=&#8220;stretch&#8220; el_class=&#8220;vc_row_intro&#8220; css=&#8220;.vc_custom_1621596506878{background-image: url(https:\/\/www.trottevieille.com\/wp-content\/uploads\/2021\/05\/intro-image-1.jpg?id=2847) !important;background-position: center !important;background-repeat: no-repeat !important;background-size: cover !important;}&#8220; el_id=&#8220;section-1&#8243;][vc_column][vc_column_text] GESCHICHTE [\/vc_column_text][\/vc_column][\/vc_row][vc_row full_height=&#8220;yes&#8220; columns_placement=&#8220;stretch&#8220; equal_height=&#8220;yes&#8220; content_placement=&#8220;middle&#8220; el_id=&#8220;section-2&#8243;][vc_column css_animation=&#8220;fadeInLeft&#8220; width=&#8220;1\/2&#8243;][vc_column_text] EINE GESCHICHTE, DIE BIS INS (&#8230;)<\/p>\n","protected":false},"author":3,"featured_media":0,"parent":0,"menu_order":0,"comment_status":"closed","ping_status":"closed","template":"","meta":{"footnotes":""},"class_list":["post-5546","page","type-page","status-publish","hentry"],"yoast_head":"<!-- This site is optimized with the Yoast SEO plugin v23.7 - https:\/\/yoast.com\/wordpress\/plugins\/seo\/ -->\n<title>Ch\u00e2teau TrotteVieille - Geschichte<\/title>\n<meta name=\"description\" content=\"Das hohe Alter des Weinguts belegt ein auf Pergament in Gaskognisch verfasster Pachtvertrag aus dem 15. Jahrhundert.\" \/>\n<meta name=\"robots\" content=\"index, follow, max-snippet:-1, max-image-preview:large, max-video-preview:-1\" \/>\n<link rel=\"canonical\" href=\"https:\/\/www.trottevieille.com\/de\/presentation\/\" \/>\n<meta property=\"og:locale\" content=\"de_DE\" \/>\n<meta property=\"og:type\" content=\"article\" \/>\n<meta property=\"og:title\" content=\"Ch\u00e2teau TrotteVieille - Geschichte\" \/>\n<meta property=\"og:description\" content=\"Das hohe Alter des Weinguts belegt ein auf Pergament in Gaskognisch verfasster Pachtvertrag aus dem 15. Jahrhundert.\" \/>\n<meta property=\"og:url\" content=\"https:\/\/www.trottevieille.com\/de\/presentation\/\" \/>\n<meta property=\"og:site_name\" content=\"Ch\u00e2teau TrotteVieille\" \/>\n<meta property=\"article:modified_time\" content=\"2022-06-14T10:13:14+00:00\" \/>\n<meta name=\"twitter:card\" content=\"summary_large_image\" \/>\n<meta name=\"twitter:label1\" content=\"Gesch\u00e4tzte Lesezeit\" \/>\n\t<meta name=\"twitter:data1\" content=\"3 Minuten\" \/>\n<script type=\"application\/ld+json\" class=\"yoast-schema-graph\">{\"@context\":\"https:\/\/schema.org\",\"@graph\":[{\"@type\":\"WebPage\",\"@id\":\"https:\/\/www.trottevieille.com\/de\/presentation\/\",\"url\":\"https:\/\/www.trottevieille.com\/de\/presentation\/\",\"name\":\"Ch\u00e2teau TrotteVieille - Geschichte\",\"isPartOf\":{\"@id\":\"https:\/\/www.trottevieille.com\/de\/#website\"},\"datePublished\":\"2019-04-17T09:31:04+00:00\",\"dateModified\":\"2022-06-14T10:13:14+00:00\",\"description\":\"Das hohe Alter des Weinguts belegt ein auf Pergament in Gaskognisch verfasster Pachtvertrag aus dem 15. Jahrhundert.\",\"breadcrumb\":{\"@id\":\"https:\/\/www.trottevieille.com\/de\/presentation\/#breadcrumb\"},\"inLanguage\":\"de-DE\",\"potentialAction\":[{\"@type\":\"ReadAction\",\"target\":[\"https:\/\/www.trottevieille.com\/de\/presentation\/\"]}]},{\"@type\":\"BreadcrumbList\",\"@id\":\"https:\/\/www.trottevieille.com\/de\/presentation\/#breadcrumb\",\"itemListElement\":[{\"@type\":\"ListItem\",\"position\":1,\"name\":\"Accueil\",\"item\":\"https:\/\/www.trottevieille.com\/de\/\"},{\"@type\":\"ListItem\",\"position\":2,\"name\":\"Geschichte\"}]},{\"@type\":\"WebSite\",\"@id\":\"https:\/\/www.trottevieille.com\/de\/#website\",\"url\":\"https:\/\/www.trottevieille.com\/de\/\",\"name\":\"Ch\u00e2teau TrotteVieille\",\"description\":\"Premier grand cru class\u00e9 de Saint-\u00c9milion\",\"potentialAction\":[{\"@type\":\"SearchAction\",\"target\":{\"@type\":\"EntryPoint\",\"urlTemplate\":\"https:\/\/www.trottevieille.com\/de\/?s={search_term_string}\"},\"query-input\":{\"@type\":\"PropertyValueSpecification\",\"valueRequired\":true,\"valueName\":\"search_term_string\"}}],\"inLanguage\":\"de-DE\"}]}<\/script>\n<!-- \/ Yoast SEO plugin. -->","yoast_head_json":{"title":"Ch\u00e2teau TrotteVieille - Geschichte","description":"Das hohe Alter des Weinguts belegt ein auf Pergament in Gaskognisch verfasster Pachtvertrag aus dem 15. Jahrhundert.","robots":{"index":"index","follow":"follow","max-snippet":"max-snippet:-1","max-image-preview":"max-image-preview:large","max-video-preview":"max-video-preview:-1"},"canonical":"https:\/\/www.trottevieille.com\/de\/presentation\/","og_locale":"de_DE","og_type":"article","og_title":"Ch\u00e2teau TrotteVieille - Geschichte","og_description":"Das hohe Alter des Weinguts belegt ein auf Pergament in Gaskognisch verfasster Pachtvertrag aus dem 15. Jahrhundert.","og_url":"https:\/\/www.trottevieille.com\/de\/presentation\/","og_site_name":"Ch\u00e2teau TrotteVieille","article_modified_time":"2022-06-14T10:13:14+00:00","twitter_card":"summary_large_image","twitter_misc":{"Gesch\u00e4tzte Lesezeit":"3 Minuten"},"schema":{"@context":"https:\/\/schema.org","@graph":[{"@type":"WebPage","@id":"https:\/\/www.trottevieille.com\/de\/presentation\/","url":"https:\/\/www.trottevieille.com\/de\/presentation\/","name":"Ch\u00e2teau TrotteVieille - Geschichte","isPartOf":{"@id":"https:\/\/www.trottevieille.com\/de\/#website"},"datePublished":"2019-04-17T09:31:04+00:00","dateModified":"2022-06-14T10:13:14+00:00","description":"Das hohe Alter des Weinguts belegt ein auf Pergament in Gaskognisch verfasster Pachtvertrag aus dem 15. Jahrhundert.","breadcrumb":{"@id":"https:\/\/www.trottevieille.com\/de\/presentation\/#breadcrumb"},"inLanguage":"de-DE","potentialAction":[{"@type":"ReadAction","target":["https:\/\/www.trottevieille.com\/de\/presentation\/"]}]},{"@type":"BreadcrumbList","@id":"https:\/\/www.trottevieille.com\/de\/presentation\/#breadcrumb","itemListElement":[{"@type":"ListItem","position":1,"name":"Accueil","item":"https:\/\/www.trottevieille.com\/de\/"},{"@type":"ListItem","position":2,"name":"Geschichte"}]},{"@type":"WebSite","@id":"https:\/\/www.trottevieille.com\/de\/#website","url":"https:\/\/www.trottevieille.com\/de\/","name":"Ch\u00e2teau TrotteVieille","description":"Premier grand cru class\u00e9 de Saint-\u00c9milion","potentialAction":[{"@type":"SearchAction","target":{"@type":"EntryPoint","urlTemplate":"https:\/\/www.trottevieille.com\/de\/?s={search_term_string}"},"query-input":{"@type":"PropertyValueSpecification","valueRequired":true,"valueName":"search_term_string"}}],"inLanguage":"de-DE"}]}},"_links":{"self":[{"href":"https:\/\/www.trottevieille.com\/de\/wp-json\/wp\/v2\/pages\/5546"}],"collection":[{"href":"https:\/\/www.trottevieille.com\/de\/wp-json\/wp\/v2\/pages"}],"about":[{"href":"https:\/\/www.trottevieille.com\/de\/wp-json\/wp\/v2\/types\/page"}],"author":[{"embeddable":true,"href":"https:\/\/www.trottevieille.com\/de\/wp-json\/wp\/v2\/users\/3"}],"replies":[{"embeddable":true,"href":"https:\/\/www.trottevieille.com\/de\/wp-json\/wp\/v2\/comments?post=5546"}],"version-history":[{"count":0,"href":"https:\/\/www.trottevieille.com\/de\/wp-json\/wp\/v2\/pages\/5546\/revisions"}],"wp:attachment":[{"href":"https:\/\/www.trottevieille.com\/de\/wp-json\/wp\/v2\/media?parent=5546"}],"curies":[{"name":"wp","href":"https:\/\/api.w.org\/{rel}","templated":true}]}}