{"id":5524,"date":"2019-04-17T09:29:53","date_gmt":"2019-04-17T09:29:53","guid":{"rendered":"https:\/\/www.trottevieille.com\/accueil\/"},"modified":"2022-06-14T12:14:36","modified_gmt":"2022-06-14T10:14:36","slug":"accueil","status":"publish","type":"page","link":"https:\/\/www.trottevieille.com\/de\/","title":{"rendered":"Startseite"},"content":{"rendered":"<div class=\"wpb-content-wrapper\">[vc_row full_height=&#8220;yes&#8220; columns_placement=&#8220;stretch&#8220; content_placement=&#8220;middle&#8220; disable_element=&#8220;yes&#8220; el_class=&#8220;vc_row_splash&#8220; css=&#8220;.vc_custom_1583489545979{background-image: url(https:\/\/www.trottevieille.com\/wp-content\/uploads\/2019\/05\/intro-background-5.jpg?id=453) !important;background-position: center !important;background-repeat: no-repeat !important;background-size: cover !important;}&#8220;][vc_column][vc_column_text]<img loading=\"lazy\" decoding=\"async\" class=\"size-full wp-image-5527 aligncenter\" src=\"https:\/\/www.trottevieille.com\/wp-content\/uploads\/2021\/05\/logo.png\" alt=\"\" width=\"516\" height=\"366\" srcset=\"https:\/\/www.trottevieille.com\/wp-content\/uploads\/2021\/05\/logo.png 516w, https:\/\/www.trottevieille.com\/wp-content\/uploads\/2021\/05\/logo-300x213.png 300w\" sizes=\"(max-width: 516px) 100vw, 516px\" \/>[\/vc_column_text][\/vc_column][\/vc_row][vc_row full_height=&#8220;yes&#8220; columns_placement=&#8220;stretch&#8220; equal_height=&#8220;yes&#8220; css_animation=&#8220;none&#8220; el_id=&#8220;section-1&#8243; el_class=&#8220;vc_row_slider&#8220;][vc_column]\t<section class=\"section-slider-main\">\r\n\t\t\r\n\t\t<div class=\"slider-main\">\r\n\t\t\t<div class=\"slider__clip swiper-container\">\r\n\t\t\t\t<div class=\"slider__slides swiper-wrapper\">\r\n\t\t\t\t\t\t<div class=\"slider__slide swiper-slide\">\r\n\t\t<div class=\"slider__slide-image\"\r\n\t\tstyle=\"background-image: url(https:\/\/www.trottevieille.com\/wp-content\/uploads\/2021\/05\/slide-1.jpg);\">\r\n\t\t<\/div><!-- \/.slider__slide-image -->\r\n\r\n\t\t\t\t\t<div class=\"slider__slide-content\">\r\n\t\t\t\t<a href=\"https:\/\/www.trottevieille.com\/de\/\" class=\"intro-logo\">\r\n\t\t\t\t\t<img loading=\"lazy\" decoding=\"async\" width=\"516\" height=\"366\" src=\"https:\/\/www.trottevieille.com\/wp-content\/uploads\/2021\/05\/logo.png\" class=\"aligncenter logo-desktop\" alt=\"\" srcset=\"https:\/\/www.trottevieille.com\/wp-content\/uploads\/2021\/05\/logo.png 516w, https:\/\/www.trottevieille.com\/wp-content\/uploads\/2021\/05\/logo-300x213.png 300w\" sizes=\"(max-width: 516px) 100vw, 516px\" \/><img loading=\"lazy\" decoding=\"async\" width=\"516\" height=\"366\" src=\"https:\/\/www.trottevieille.com\/wp-content\/uploads\/2021\/05\/logo.png\" class=\"aligncenter logo-mobile\" alt=\"\" srcset=\"https:\/\/www.trottevieille.com\/wp-content\/uploads\/2021\/05\/logo.png 516w, https:\/\/www.trottevieille.com\/wp-content\/uploads\/2021\/05\/logo-300x213.png 300w\" sizes=\"(max-width: 516px) 100vw, 516px\" \/>\t\t\t\t<\/a>\r\n\t\t\t<\/div><!-- \/.slider__slide-content -->\r\n\t\t\t<\/div><!-- \/.slider__slide -->\r\n\t\t<div class=\"slider__slide swiper-slide\">\r\n\t\t<div class=\"slider__slide-image slider__slide--video\">\r\n\t\t\t<div id=\"video-2yu2_Pv72K4\"\r\n\t\t\t\tclass=\"video\"\r\n\t\t\t\tdata-video-width=\"640\"\r\n\t\t\t\tdata-video-height=\"360\"\r\n\t\t\t\tdata-video-offset=\"20\"\r\n\t\t\t>\r\n\t\t\t\t<div class=\"js-player\"\r\n\t\t\t\t\tid=\"player-2yu2_Pv72K4\"\r\n\t\t\t\t\tdata-plyr-provider=\"youtube\"\r\n\t\t\t\t\tdata-plyr-embed-id=\"2yu2_Pv72K4\"\r\n\t\t\t\t><\/div>\r\n\t\t\t<\/div><!-- \/.video -->\r\n\t\t<\/div><!-- \/.slider__slide-image -->\r\n\r\n\t\t\t<\/div><!-- \/.slider__slide -->\r\n\t\n\t\t\t\t<\/div><!-- \/.slider__slides -->\r\n\r\n\t\t\t\t<div class=\"swiper-button-prev\"><\/div>\r\n\t\t\t\t<div class=\"swiper-button-next\"><\/div>\r\n\t\t\t<\/div><!-- \/.slider__clip -->\r\n\t\t<\/div><!-- \/.slider-main -->\r\n\t<\/section><!-- \/.section-slider-main -->\r\n\t[\/vc_column][\/vc_row][vc_row full_height=&#8220;yes&#8220; columns_placement=&#8220;stretch&#8220; equal_height=&#8220;yes&#8220; content_placement=&#8220;middle&#8220; el_id=&#8220;section-2&#8243; el_class=&#8220;vc_row_overlap&#8220;][vc_column css_animation=&#8220;fadeInLeft&#8220; width=&#8220;5\/12&#8243;][vc_column_text]\n<h2><span style=\"color: #000000;\">DAS WEINGUT TROTTEVIEILLE,<\/span><br \/>\n<span style=\"color: #000000;\">EIN HERZENSWUNSCH VON <\/span><br \/>\n<span style=\"color: #000000;\">MARCEL BORIE<\/span><\/h2>\n<p>Ch\u00e2teau TrotteVieille ist seit 1955 als 1er Grand Cru AOC Saint-\u00c9milion klassifiziert und gilt als einer der gr\u00f6\u00dften Weine von Saint-\u00c9milion.<\/p>\n<p>Das Weingut wurde 1947 von Marcel Borie aus einer Laune heraus erworben und wird heute von der Familie Cast\u00e9ja betrieben.<\/p>\n<p><a href=\"https:\/\/www.trottevieille.com\/de\/presentation\">MEHR \u00dcBER DAS WEINGUT ERFAHREN<\/a>[\/vc_column_text][\/vc_column][vc_column css_animation=&#8220;fadeInRight&#8220; width=&#8220;7\/12&#8243; css=&#8220;.vc_custom_1621578853182{background-image: url(https:\/\/www.trottevieille.com\/wp-content\/uploads\/2021\/05\/image-1.jpg?id=2789) !important;background-position: center !important;background-repeat: no-repeat !important;background-size: cover !important;}&#8220;][\/vc_column][\/vc_row][vc_row content_placement=&#8220;bottom&#8220; el_id=&#8220;section-3&#8243; css=&#8220;.vc_custom_1621578947557{background-color: #f8f7f7 !important;}&#8220; el_class=&#8220;vc_row_overlap&#8220;][vc_column css_animation=&#8220;fadeInLeft&#8220; width=&#8220;5\/12&#8243;][vc_single_image image=&#8220;2798&#8243; img_size=&#8220;full&#8220; alignment=&#8220;right&#8220;][\/vc_column][vc_column css_animation=&#8220;fadeInRight&#8220; width=&#8220;7\/12&#8243;][vc_column_text]\n<h2><span style=\"color: #000000;\">EIN UNGEW\u00d6HNLICHER WEINBERG<\/span><br \/>\n<span style=\"color: #000000;\">IN EINEM DER BEKANNTESTEN<\/span><br \/>\n<span style=\"color: #000000;\">ANBAUGEBIETE VON BORDEAUX<\/span><\/h2>\n<p>Das Weingut Ch\u00e2teau TrotteVieille liegt in wundersch\u00f6ner Hanglage \u00f6stlich des franz\u00f6sischen Dorfes Saint-\u00c9milion; die Anbaufl\u00e4chen erstrecken sich \u00fcber ein 12 Hektar gro\u00dfes Terroir, das mit 49 % Merlot, 46 % Cabernet Franc und 5 % Cabernet Sauvignon bepflanzt ist. Es ist eines der wenigen, das noch sehr alte Cabernet-Franc-Rebst\u00f6cke aus der Zeit vor der Reblausplage besitzt.<\/p>\n<p><a href=\"https:\/\/www.trottevieille.com\/de\/terroir-savoir-faire\">MEHR INFORMATIONEN \u00dcBER DAS TERROIR UND DEN WEINBERG VON CH\u00c2TEAU TROTTEVIEILLE<\/a>[\/vc_column_text][\/vc_column][\/vc_row][vc_row full_height=&#8220;yes&#8220; columns_placement=&#8220;stretch&#8220; equal_height=&#8220;yes&#8220; el_id=&#8220;section-4&#8243;][vc_column]\t<section class=\"section-slider-main\">\r\n\t\t\t\t\t<div class=\"section__body\">\r\n\t\t\t\t<div class=\"shell\">\r\n\t\t\t\t\t<div class=\"section__body-inner\">\r\n\t\t\t\t\t\t\t\t\t\t\t\t\t<h3>\r\n\t\t\t\t\t\t\t\t<span>\r\n\t\t\t\t\t\t\t\t\tUMFASSENDES KNOW-HOW F\u00dcR<br \/>\nEINEN AUSSERGEW\u00d6HNLICHEN WEIN\t\t\t\t\t\t\t\t<\/span>\r\n\t\t\t\t\t\t\t<\/h3>\r\n\t\t\t\t\t\t\r\n\t\t\t\t\t\t<p>Jede Phase der Herstellung von Ch\u00e2teau TrotteVieille, von der Arbeit in den Weinbergen bis hin zur Verpackung, wird mit gr\u00f6\u00dfter Sorgfalt durchgef\u00fchrt, um au\u00dfergew\u00f6hnliche Jahrg\u00e4nge zu produzieren.<\/p>\n\r\n\t\t\t\t\t\t\t\t\t\t\t\t\t<p>\r\n\t\t\t\t\t\t\t\t<a href=\"https:\/\/www.trottevieille.com\/de\/terroir\/\">\r\n\t\t\t\t\t\t\t\t\tJede Phase der Herstellung von Ch\u00e2teau TrotteVieille, von der Arbeit in den Weinbergen bis hin zur Verpackung, wird mit gr\u00f6\u00dfter Sorgfalt durchgef\u00fchrt, um au\u00dfergew\u00f6hnliche Jahrg\u00e4nge zu produzieren.\t\t\t\t\t\t\t\t<\/a>\r\n\t\t\t\t\t\t\t<\/p>\r\n\t\t\t\t\t\t\t\t\t\t\t<\/div><!-- \/.section__body-inner -->\r\n\t\t\t\t<\/div><!-- \/.shell -->\r\n\t\t\t<\/div><!-- \/.section__body -->\r\n\t\t\r\n\t\t<div class=\"slider-main\">\r\n\t\t\t<div class=\"slider__clip swiper-container\">\r\n\t\t\t\t<div class=\"slider__slides swiper-wrapper\">\r\n\t\t\t\t\t\t<div class=\"slider__slide swiper-slide\">\r\n\t\t<div class=\"slider__slide-image\"\r\n\t\tstyle=\"background-image: url(https:\/\/www.trottevieille.com\/wp-content\/uploads\/2021\/05\/slide-2.jpg);\">\r\n\t\t<\/div><!-- \/.slider__slide-image -->\r\n\r\n\t\t\t<\/div><!-- \/.slider__slide -->\r\n\t\t<div class=\"slider__slide swiper-slide\">\r\n\t\t<div class=\"slider__slide-image\"\r\n\t\tstyle=\"background-image: url(https:\/\/www.trottevieille.com\/wp-content\/uploads\/2021\/11\/BLOC-4-UN-SAVOIR-FAIRE-MINUTIEUX-2E-SLIDE-1920x1280.jpg);\">\r\n\t\t<\/div><!-- \/.slider__slide-image -->\r\n\r\n\t\t\t<\/div><!-- \/.slider__slide -->\r\n\t\n\t\t\t\t<\/div><!-- \/.slider__slides -->\r\n\r\n\t\t\t\t<div class=\"swiper-button-prev\"><\/div>\r\n\t\t\t\t<div class=\"swiper-button-next\"><\/div>\r\n\t\t\t<\/div><!-- \/.slider__clip -->\r\n\t\t<\/div><!-- \/.slider-main -->\r\n\t<\/section><!-- \/.section-slider-main -->\r\n\t[\/vc_column][\/vc_row][vc_row full_height=&#8220;yes&#8220; columns_placement=&#8220;stretch&#8220; equal_height=&#8220;yes&#8220; content_placement=&#8220;middle&#8220; el_id=&#8220;section-5&#8243;][vc_column css_animation=&#8220;fadeInLeft&#8220; width=&#8220;1\/2&#8243;][vc_column_text]\n<h3><span style=\"color: #000000;\">EIN EINGESPIELTES<\/span><br \/>\n<span style=\"color: #000000;\">UND ERFAHRENES TEAM<\/span><\/h3>\n<p>Philippe Cast\u00e9ja, seit den 1990er Jahren Verwalter des Weinguts, hat sich mit f\u00e4higen und ehrgeizigen Menschen umgeben. Das gute Einvernehmen und die Erfahrung der Mitarbeiter tragen jedes Jahr zum Gelingen der Weine bei.<br \/>\n<a href=\"https:\/\/www.trottevieille.com\/de\/equipe-du-chateau\/\">TEAM ANSEHEN<\/a>[\/vc_column_text][\/vc_column][vc_column css_animation=&#8220;fadeInRight&#8220; width=&#8220;1\/2&#8243; css=&#8220;.vc_custom_1636548468293{background-image: url(https:\/\/www.trottevieille.com\/wp-content\/uploads\/2021\/11\/LC_19_041048-photo-c-Leif-Carlsson.jpg?id=3762) !important;background-position: center !important;background-repeat: no-repeat !important;background-size: cover !important;}&#8220;][\/vc_column][\/vc_row][vc_row full_height=&#8220;yes&#8220; columns_placement=&#8220;stretch&#8220; equal_height=&#8220;yes&#8220; content_placement=&#8220;middle&#8220; el_id=&#8220;section-6&#8243;][vc_column css_animation=&#8220;fadeInLeft&#8220; width=&#8220;1\/2&#8243; css=&#8220;.vc_custom_1621584563778{background-image: url(https:\/\/www.trottevieille.com\/wp-content\/uploads\/2021\/05\/image-4.jpg?id=2816) !important;background-position: center !important;background-repeat: no-repeat !important;background-size: cover !important;}&#8220;][\/vc_column][vc_column css_animation=&#8220;fadeInRight&#8220; width=&#8220;1\/2&#8243;][vc_column_text]\n<h3><span style=\"color: #000000;\">EDLE WEINE<\/span><\/h3>\n<p>Ch\u00e2teau TrotteVieille, 1er Grand Cru Class\u00e9 AOC Saint-\u00c9milion und Dame de TrotteVieille, AOC Saint-\u00c9milion Grand Cru, die Erst- und Zweitweine des Ch\u00e2teaus, sind komplexe, feine und elegante Weine. Der Zweitwein wird aus den j\u00fcngsten Reben des Weinguts und seit 2012 auch aus den Reben von Ch\u00e2teau Bergat, Saint-\u00c9milion Grand Cru Class\u00e9, hergestellt.<\/p>\n<p><a href=\"https:\/\/www.trottevieille.com\/de\/les-vins\/\">FINDEN SIE DIE WICHTIGSTEN JAHRG\u00c4NGE UNSERER WEINE MIT IHREN BESONDEREN EIGENSCHAFTEN<\/a>[\/vc_column_text][\/vc_column][\/vc_row][vc_row full_height=&#8220;yes&#8220; columns_placement=&#8220;stretch&#8220; equal_height=&#8220;yes&#8220; content_placement=&#8220;middle&#8220; el_id=&#8220;section-7&#8243; css=&#8220;.vc_custom_1600264648029{background-color: #f8f7f7 !important;}&#8220;][vc_column][vc_row_inner el_class=&#8220;vc_row_news_title&#8220;][vc_column_inner][vc_column_text]\n<h2><span style=\"color: #000000;\">UNSERE NEUESTEN NACHRICHTEN<\/span><\/h2>\n[\/vc_column_text][\/vc_column_inner][\/vc_row_inner][\/vc_column][\/vc_row]\n<\/div>","protected":false},"excerpt":{"rendered":"<p>[vc_row full_height=&#8220;yes&#8220; columns_placement=&#8220;stretch&#8220; content_placement=&#8220;middle&#8220; disable_element=&#8220;yes&#8220; el_class=&#8220;vc_row_splash&#8220; css=&#8220;.vc_custom_1583489545979{background-image: url(https:\/\/www.trottevieille.com\/wp-content\/uploads\/2019\/05\/intro-background-5.jpg?id=453) !important;background-position: center !important;background-repeat: no-repeat !important;background-size: cover !important;}&#8220;][vc_column][vc_column_text][\/vc_column_text][\/vc_column][\/vc_row][vc_row full_height=&#8220;yes&#8220; columns_placement=&#8220;stretch&#8220; equal_height=&#8220;yes&#8220; css_animation=&#8220;none&#8220; el_id=&#8220;section-1&#8243; el_class=&#8220;vc_row_slider&#8220;][vc_column][\/vc_column][\/vc_row][vc_row full_height=&#8220;yes&#8220; columns_placement=&#8220;stretch&#8220; equal_height=&#8220;yes&#8220; content_placement=&#8220;middle&#8220; el_id=&#8220;section-2&#8243; el_class=&#8220;vc_row_overlap&#8220;][vc_column css_animation=&#8220;fadeInLeft&#8220; (&#8230;)<\/p>\n","protected":false},"author":3,"featured_media":0,"parent":0,"menu_order":0,"comment_status":"closed","ping_status":"closed","template":"","meta":{"footnotes":""},"class_list":["post-5524","page","type-page","status-publish","hentry"],"yoast_head":"<!-- This site is optimized with the Yoast SEO plugin v23.7 - https:\/\/yoast.com\/wordpress\/plugins\/seo\/ -->\n<title>Ch\u00e2teau TrotteVieille - Premier grand cru class\u00e9 de Saint-\u00c9milion<\/title>\n<meta name=\"description\" content=\"Ch\u00e2teau TrotteVieille ist seit 1955 als 1er Grand Cru AOC Saint-\u00c9milion klassifiziert und gilt als einer der gr\u00f6\u00dften Weine von Saint-\u00c9milion.\" \/>\n<meta name=\"robots\" content=\"index, follow, max-snippet:-1, max-image-preview:large, max-video-preview:-1\" \/>\n<link rel=\"canonical\" href=\"https:\/\/www.trottevieille.com\/de\/\" \/>\n<meta property=\"og:locale\" content=\"de_DE\" \/>\n<meta property=\"og:type\" content=\"article\" \/>\n<meta property=\"og:title\" content=\"Ch\u00e2teau TrotteVieille - Premier grand cru class\u00e9 de Saint-\u00c9milion\" \/>\n<meta property=\"og:description\" content=\"Ch\u00e2teau TrotteVieille ist seit 1955 als 1er Grand Cru AOC Saint-\u00c9milion klassifiziert und gilt als einer der gr\u00f6\u00dften Weine von Saint-\u00c9milion.\" \/>\n<meta property=\"og:url\" content=\"https:\/\/www.trottevieille.com\/de\/\" \/>\n<meta property=\"og:site_name\" content=\"Ch\u00e2teau TrotteVieille\" \/>\n<meta property=\"article:modified_time\" content=\"2022-06-14T10:14:36+00:00\" \/>\n<meta property=\"og:image\" content=\"https:\/\/www.trottevieille.com\/wp-content\/uploads\/2021\/05\/logo.png\" \/>\n<meta name=\"twitter:card\" content=\"summary_large_image\" \/>\n<meta name=\"twitter:label1\" content=\"Gesch\u00e4tzte Lesezeit\" \/>\n\t<meta name=\"twitter:data1\" content=\"3 Minuten\" \/>\n<script type=\"application\/ld+json\" class=\"yoast-schema-graph\">{\"@context\":\"https:\/\/schema.org\",\"@graph\":[{\"@type\":\"WebPage\",\"@id\":\"https:\/\/www.trottevieille.com\/de\/\",\"url\":\"https:\/\/www.trottevieille.com\/de\/\",\"name\":\"Ch\u00e2teau TrotteVieille - Premier grand cru class\u00e9 de Saint-\u00c9milion\",\"isPartOf\":{\"@id\":\"https:\/\/www.trottevieille.com\/de\/#website\"},\"primaryImageOfPage\":{\"@id\":\"https:\/\/www.trottevieille.com\/de\/#primaryimage\"},\"image\":{\"@id\":\"https:\/\/www.trottevieille.com\/de\/#primaryimage\"},\"thumbnailUrl\":\"https:\/\/www.trottevieille.com\/wp-content\/uploads\/2021\/05\/logo.png\",\"datePublished\":\"2019-04-17T09:29:53+00:00\",\"dateModified\":\"2022-06-14T10:14:36+00:00\",\"description\":\"Ch\u00e2teau TrotteVieille ist seit 1955 als 1er Grand Cru AOC Saint-\u00c9milion klassifiziert und gilt als einer der gr\u00f6\u00dften Weine von Saint-\u00c9milion.\",\"breadcrumb\":{\"@id\":\"https:\/\/www.trottevieille.com\/de\/#breadcrumb\"},\"inLanguage\":\"de-DE\",\"potentialAction\":[{\"@type\":\"ReadAction\",\"target\":[\"https:\/\/www.trottevieille.com\/de\/\"]}]},{\"@type\":\"ImageObject\",\"inLanguage\":\"de-DE\",\"@id\":\"https:\/\/www.trottevieille.com\/de\/#primaryimage\",\"url\":\"https:\/\/www.trottevieille.com\/wp-content\/uploads\/2021\/05\/logo.png\",\"contentUrl\":\"https:\/\/www.trottevieille.com\/wp-content\/uploads\/2021\/05\/logo.png\"},{\"@type\":\"BreadcrumbList\",\"@id\":\"https:\/\/www.trottevieille.com\/de\/#breadcrumb\",\"itemListElement\":[{\"@type\":\"ListItem\",\"position\":1,\"name\":\"Accueil\",\"item\":\"https:\/\/www.trottevieille.com\/de\/\"},{\"@type\":\"ListItem\",\"position\":2,\"name\":\"Startseite\"}]},{\"@type\":\"WebSite\",\"@id\":\"https:\/\/www.trottevieille.com\/de\/#website\",\"url\":\"https:\/\/www.trottevieille.com\/de\/\",\"name\":\"Ch\u00e2teau TrotteVieille\",\"description\":\"Premier grand cru class\u00e9 de Saint-\u00c9milion\",\"potentialAction\":[{\"@type\":\"SearchAction\",\"target\":{\"@type\":\"EntryPoint\",\"urlTemplate\":\"https:\/\/www.trottevieille.com\/de\/?s={search_term_string}\"},\"query-input\":{\"@type\":\"PropertyValueSpecification\",\"valueRequired\":true,\"valueName\":\"search_term_string\"}}],\"inLanguage\":\"de-DE\"}]}<\/script>\n<!-- \/ Yoast SEO plugin. -->","yoast_head_json":{"title":"Ch\u00e2teau TrotteVieille - Premier grand cru class\u00e9 de Saint-\u00c9milion","description":"Ch\u00e2teau TrotteVieille ist seit 1955 als 1er Grand Cru AOC Saint-\u00c9milion klassifiziert und gilt als einer der gr\u00f6\u00dften Weine von Saint-\u00c9milion.","robots":{"index":"index","follow":"follow","max-snippet":"max-snippet:-1","max-image-preview":"max-image-preview:large","max-video-preview":"max-video-preview:-1"},"canonical":"https:\/\/www.trottevieille.com\/de\/","og_locale":"de_DE","og_type":"article","og_title":"Ch\u00e2teau TrotteVieille - Premier grand cru class\u00e9 de Saint-\u00c9milion","og_description":"Ch\u00e2teau TrotteVieille ist seit 1955 als 1er Grand Cru AOC Saint-\u00c9milion klassifiziert und gilt als einer der gr\u00f6\u00dften Weine von Saint-\u00c9milion.","og_url":"https:\/\/www.trottevieille.com\/de\/","og_site_name":"Ch\u00e2teau TrotteVieille","article_modified_time":"2022-06-14T10:14:36+00:00","og_image":[{"url":"https:\/\/www.trottevieille.com\/wp-content\/uploads\/2021\/05\/logo.png"}],"twitter_card":"summary_large_image","twitter_misc":{"Gesch\u00e4tzte Lesezeit":"3 Minuten"},"schema":{"@context":"https:\/\/schema.org","@graph":[{"@type":"WebPage","@id":"https:\/\/www.trottevieille.com\/de\/","url":"https:\/\/www.trottevieille.com\/de\/","name":"Ch\u00e2teau TrotteVieille - Premier grand cru class\u00e9 de Saint-\u00c9milion","isPartOf":{"@id":"https:\/\/www.trottevieille.com\/de\/#website"},"primaryImageOfPage":{"@id":"https:\/\/www.trottevieille.com\/de\/#primaryimage"},"image":{"@id":"https:\/\/www.trottevieille.com\/de\/#primaryimage"},"thumbnailUrl":"https:\/\/www.trottevieille.com\/wp-content\/uploads\/2021\/05\/logo.png","datePublished":"2019-04-17T09:29:53+00:00","dateModified":"2022-06-14T10:14:36+00:00","description":"Ch\u00e2teau TrotteVieille ist seit 1955 als 1er Grand Cru AOC Saint-\u00c9milion klassifiziert und gilt als einer der gr\u00f6\u00dften Weine von Saint-\u00c9milion.","breadcrumb":{"@id":"https:\/\/www.trottevieille.com\/de\/#breadcrumb"},"inLanguage":"de-DE","potentialAction":[{"@type":"ReadAction","target":["https:\/\/www.trottevieille.com\/de\/"]}]},{"@type":"ImageObject","inLanguage":"de-DE","@id":"https:\/\/www.trottevieille.com\/de\/#primaryimage","url":"https:\/\/www.trottevieille.com\/wp-content\/uploads\/2021\/05\/logo.png","contentUrl":"https:\/\/www.trottevieille.com\/wp-content\/uploads\/2021\/05\/logo.png"},{"@type":"BreadcrumbList","@id":"https:\/\/www.trottevieille.com\/de\/#breadcrumb","itemListElement":[{"@type":"ListItem","position":1,"name":"Accueil","item":"https:\/\/www.trottevieille.com\/de\/"},{"@type":"ListItem","position":2,"name":"Startseite"}]},{"@type":"WebSite","@id":"https:\/\/www.trottevieille.com\/de\/#website","url":"https:\/\/www.trottevieille.com\/de\/","name":"Ch\u00e2teau TrotteVieille","description":"Premier grand cru class\u00e9 de Saint-\u00c9milion","potentialAction":[{"@type":"SearchAction","target":{"@type":"EntryPoint","urlTemplate":"https:\/\/www.trottevieille.com\/de\/?s={search_term_string}"},"query-input":{"@type":"PropertyValueSpecification","valueRequired":true,"valueName":"search_term_string"}}],"inLanguage":"de-DE"}]}},"_links":{"self":[{"href":"https:\/\/www.trottevieille.com\/de\/wp-json\/wp\/v2\/pages\/5524"}],"collection":[{"href":"https:\/\/www.trottevieille.com\/de\/wp-json\/wp\/v2\/pages"}],"about":[{"href":"https:\/\/www.trottevieille.com\/de\/wp-json\/wp\/v2\/types\/page"}],"author":[{"embeddable":true,"href":"https:\/\/www.trottevieille.com\/de\/wp-json\/wp\/v2\/users\/3"}],"replies":[{"embeddable":true,"href":"https:\/\/www.trottevieille.com\/de\/wp-json\/wp\/v2\/comments?post=5524"}],"version-history":[{"count":0,"href":"https:\/\/www.trottevieille.com\/de\/wp-json\/wp\/v2\/pages\/5524\/revisions"}],"wp:attachment":[{"href":"https:\/\/www.trottevieille.com\/de\/wp-json\/wp\/v2\/media?parent=5524"}],"curies":[{"name":"wp","href":"https:\/\/api.w.org\/{rel}","templated":true}]}}